{"id":17289,"date":"2024-05-08T23:13:57","date_gmt":"2024-05-08T23:13:57","guid":{"rendered":"https:\/\/agenciameridianos.com\/web\/?page_id=17289"},"modified":"2025-05-09T14:39:43","modified_gmt":"2025-05-09T14:39:43","slug":"blog","status":"publish","type":"page","link":"https:\/\/agenciameridianos.com\/en\/blog\/","title":{"rendered":"Blog"},"content":{"rendered":"<div data-elementor-type=\"wp-page\" data-elementor-id=\"17289\" class=\"elementor elementor-17289\" data-elementor-post-type=\"page\">\n\t\t\t\t<div class=\"elementor-element elementor-element-3adc22c e-con-full e-flex e-con e-parent\" data-id=\"3adc22c\" data-element_type=\"container\" data-e-type=\"container\" data-settings=\"{&quot;background_background&quot;:&quot;classic&quot;}\">\n\t\t\t\t<div class=\"elementor-element elementor-element-292dc7f elementor--h-position-center elementor--v-position-middle elementor-arrows-position-inside elementor-pagination-position-inside elementor-widget elementor-widget-slides\" data-id=\"292dc7f\" data-element_type=\"widget\" data-e-type=\"widget\" data-settings=\"{&quot;navigation&quot;:&quot;both&quot;,&quot;autoplay&quot;:&quot;yes&quot;,&quot;pause_on_hover&quot;:&quot;yes&quot;,&quot;pause_on_interaction&quot;:&quot;yes&quot;,&quot;autoplay_speed&quot;:5000,&quot;infinite&quot;:&quot;yes&quot;,&quot;transition&quot;:&quot;slide&quot;,&quot;transition_speed&quot;:500}\" data-widget_type=\"slides.default\">\n\t\t\t\t<div class=\"elementor-widget-container\">\n\t\t\t\t\t\t\t\t\t<div class=\"elementor-swiper\">\n\t\t\t\t\t<div class=\"elementor-slides-wrapper elementor-main-swiper swiper\" role=\"region\" aria-roledescription=\"carousel\" aria-label=\"Slides\" dir=\"ltr\" data-animation=\"fadeInUp\">\n\t\t\t\t<div class=\"swiper-wrapper elementor-slides\">\n\t\t\t\t\t\t\t\t\t\t<div class=\"elementor-repeater-item-b4833ad swiper-slide\" role=\"group\" aria-roledescription=\"slide\"><div class=\"swiper-slide-bg\" role=\"img\" aria-label=\"Imagen animada del blog de la Agencia de Viajes Meridianos\"><\/div><div class=\"elementor-background-overlay\"><\/div><div class=\"swiper-slide-inner\" ><div class=\"swiper-slide-contents\"><\/div><\/div><\/div>\t\t\t\t<\/div>\n\t\t\t\t\t\t\t<\/div>\n\t\t\t\t<\/div>\n\t\t\t\t\t\t\t\t<\/div>\n\t\t\t\t<\/div>\n\t\t\t\t<\/div>\n\t\t<div class=\"elementor-element elementor-element-faeaa52 e-flex e-con-boxed e-con e-parent\" data-id=\"faeaa52\" data-element_type=\"container\" data-e-type=\"container\">\n\t\t\t\t\t<div class=\"e-con-inner\">\n\t\t<div class=\"elementor-element elementor-element-8dc0637 e-con-full e-flex e-con e-child\" data-id=\"8dc0637\" data-element_type=\"container\" data-e-type=\"container\">\n\t\t\t\t<div class=\"elementor-element elementor-element-8a2c77f elementor-grid-3 elementor-grid-tablet-2 elementor-grid-mobile-1 elementor-posts--thumbnail-top elementor-widget elementor-widget-posts\" data-id=\"8a2c77f\" data-element_type=\"widget\" data-e-type=\"widget\" data-settings=\"{&quot;pagination_type&quot;:&quot;numbers_and_prev_next&quot;,&quot;classic_columns&quot;:&quot;3&quot;,&quot;classic_columns_tablet&quot;:&quot;2&quot;,&quot;classic_columns_mobile&quot;:&quot;1&quot;,&quot;classic_row_gap&quot;:{&quot;unit&quot;:&quot;px&quot;,&quot;size&quot;:35,&quot;sizes&quot;:[]},&quot;classic_row_gap_tablet&quot;:{&quot;unit&quot;:&quot;px&quot;,&quot;size&quot;:&quot;&quot;,&quot;sizes&quot;:[]},&quot;classic_row_gap_mobile&quot;:{&quot;unit&quot;:&quot;px&quot;,&quot;size&quot;:&quot;&quot;,&quot;sizes&quot;:[]}}\" data-widget_type=\"posts.classic\">\n\t\t\t\t<div class=\"elementor-widget-container\">\n\t\t\t\t\t\t\t<div class=\"elementor-posts-container elementor-posts elementor-posts--skin-classic elementor-grid\" role=\"list\">\n\t\t\t\t<article class=\"elementor-post elementor-grid-item post-21846 post type-post status-publish format-standard has-post-thumbnail hentry category-uncategorized\" role=\"listitem\">\n\t\t\t\t<a class=\"elementor-post__thumbnail__link\" href=\"https:\/\/agenciameridianos.com\/en\/uncategorized\/manuel-antonio-un-refugio-natural-en-costa-rica\/\" tabindex=\"-1\" >\n\t\t\t<div class=\"elementor-post__thumbnail\"><img fetchpriority=\"high\" decoding=\"async\" width=\"300\" height=\"225\" src=\"https:\/\/agenciameridianos.com\/wp-content\/uploads\/2024\/09\/manuel-antonio-300x225.jpg\" class=\"attachment-medium size-medium wp-image-21840\" alt=\"\" srcset=\"https:\/\/agenciameridianos.com\/wp-content\/uploads\/2024\/09\/manuel-antonio-300x225.jpg 300w, https:\/\/agenciameridianos.com\/wp-content\/uploads\/2024\/09\/manuel-antonio-768x576.jpg 768w, https:\/\/agenciameridianos.com\/wp-content\/uploads\/2024\/09\/manuel-antonio-600x450.jpg 600w, https:\/\/agenciameridianos.com\/wp-content\/uploads\/2024\/09\/manuel-antonio.jpg 800w\" sizes=\"(max-width: 300px) 100vw, 300px\" \/><\/div>\n\t\t<\/a>\n\t\t\t\t<div class=\"elementor-post__text\">\n\t\t\t\t<h3 class=\"elementor-post__title\">\n\t\t\t<a href=\"https:\/\/agenciameridianos.com\/en\/uncategorized\/manuel-antonio-un-refugio-natural-en-costa-rica\/\" >\n\t\t\t\tManuel Antonio: Un Refugio Natural en Costa Rica\t\t\t<\/a>\n\t\t<\/h3>\n\t\t\t\t<div class=\"elementor-post__excerpt\">\n\t\t\t<p>Manuel Antonio, situado en la costa pac\u00edfica de Costa Rica, es famoso por su parque nacional que combina impresionantes playas de arena blanca con exuberantes<\/p>\n\t\t<\/div>\n\t\t\n\t\t<a class=\"elementor-post__read-more\" href=\"https:\/\/agenciameridianos.com\/en\/uncategorized\/manuel-antonio-un-refugio-natural-en-costa-rica\/\" aria-label=\"Read more about Manuel Antonio: Un Refugio Natural en Costa Rica\" tabindex=\"-1\" >\n\t\t\tLeer m\u00e1s \u00bb\t\t<\/a>\n\n\t\t\t\t<\/div>\n\t\t\t\t<\/article>\n\t\t\t\t<article class=\"elementor-post elementor-grid-item post-21843 post type-post status-publish format-standard has-post-thumbnail hentry category-uncategorized\" role=\"listitem\">\n\t\t\t\t<a class=\"elementor-post__thumbnail__link\" href=\"https:\/\/agenciameridianos.com\/en\/uncategorized\/isla-tortuga-paraiso-tropical-en-costa-rica\/\" tabindex=\"-1\" >\n\t\t\t<div class=\"elementor-post__thumbnail\"><img decoding=\"async\" width=\"300\" height=\"225\" src=\"https:\/\/agenciameridianos.com\/wp-content\/uploads\/2024\/09\/isla-tortuga-300x225.jpg\" class=\"attachment-medium size-medium wp-image-21839\" alt=\"\" srcset=\"https:\/\/agenciameridianos.com\/wp-content\/uploads\/2024\/09\/isla-tortuga-300x225.jpg 300w, https:\/\/agenciameridianos.com\/wp-content\/uploads\/2024\/09\/isla-tortuga-768x576.jpg 768w, https:\/\/agenciameridianos.com\/wp-content\/uploads\/2024\/09\/isla-tortuga-600x450.jpg 600w, https:\/\/agenciameridianos.com\/wp-content\/uploads\/2024\/09\/isla-tortuga.jpg 800w\" sizes=\"(max-width: 300px) 100vw, 300px\" \/><\/div>\n\t\t<\/a>\n\t\t\t\t<div class=\"elementor-post__text\">\n\t\t\t\t<h3 class=\"elementor-post__title\">\n\t\t\t<a href=\"https:\/\/agenciameridianos.com\/en\/uncategorized\/isla-tortuga-paraiso-tropical-en-costa-rica\/\" >\n\t\t\t\tIsla Tortuga: Para\u00edso Tropical en Costa Rica\t\t\t<\/a>\n\t\t<\/h3>\n\t\t\t\t<div class=\"elementor-post__excerpt\">\n\t\t\t<p>Isla Tortuga, ubicada en el Golfo de Nicoya, es uno de los destinos m\u00e1s paradis\u00edacos de Costa Rica. Con sus playas de arena blanca y<\/p>\n\t\t<\/div>\n\t\t\n\t\t<a class=\"elementor-post__read-more\" href=\"https:\/\/agenciameridianos.com\/en\/uncategorized\/isla-tortuga-paraiso-tropical-en-costa-rica\/\" aria-label=\"Read more about Isla Tortuga: Para\u00edso Tropical en Costa Rica\" tabindex=\"-1\" >\n\t\t\tLeer m\u00e1s \u00bb\t\t<\/a>\n\n\t\t\t\t<\/div>\n\t\t\t\t<\/article>\n\t\t\t\t<article class=\"elementor-post elementor-grid-item post-21837 post type-post status-publish format-standard has-post-thumbnail hentry category-uncategorized\" role=\"listitem\">\n\t\t\t\t<a class=\"elementor-post__thumbnail__link\" href=\"https:\/\/agenciameridianos.com\/en\/uncategorized\/tanzania-datos-curiosos-y-destinos-imperdibles\/\" tabindex=\"-1\" >\n\t\t\t<div class=\"elementor-post__thumbnail\"><img decoding=\"async\" width=\"300\" height=\"225\" src=\"https:\/\/agenciameridianos.com\/wp-content\/uploads\/2024\/09\/tanzania-300x225.jpg\" class=\"attachment-medium size-medium wp-image-21841\" alt=\"Vista panor\u00e1mica de la sabana en Tanzania con animales salvajes\" srcset=\"https:\/\/agenciameridianos.com\/wp-content\/uploads\/2024\/09\/tanzania-300x225.jpg 300w, https:\/\/agenciameridianos.com\/wp-content\/uploads\/2024\/09\/tanzania-768x576.jpg 768w, https:\/\/agenciameridianos.com\/wp-content\/uploads\/2024\/09\/tanzania-600x450.jpg 600w, https:\/\/agenciameridianos.com\/wp-content\/uploads\/2024\/09\/tanzania.jpg 800w\" sizes=\"(max-width: 300px) 100vw, 300px\" \/><\/div>\n\t\t<\/a>\n\t\t\t\t<div class=\"elementor-post__text\">\n\t\t\t\t<h3 class=\"elementor-post__title\">\n\t\t\t<a href=\"https:\/\/agenciameridianos.com\/en\/uncategorized\/tanzania-datos-curiosos-y-destinos-imperdibles\/\" >\n\t\t\t\tTanzania: Datos Curiosos y Destinos Imperdibles\t\t\t<\/a>\n\t\t<\/h3>\n\t\t\t\t<div class=\"elementor-post__excerpt\">\n\t\t\t<p>Tanzania, ubicada en el este de \u00c1frica, es un pa\u00eds de contrastes naturales asombrosos. No solo alberga el monte Kilimanjaro, la monta\u00f1a m\u00e1s alta de<\/p>\n\t\t<\/div>\n\t\t\n\t\t<a class=\"elementor-post__read-more\" href=\"https:\/\/agenciameridianos.com\/en\/uncategorized\/tanzania-datos-curiosos-y-destinos-imperdibles\/\" aria-label=\"Read more about Tanzania: Datos Curiosos y Destinos Imperdibles\" tabindex=\"-1\" >\n\t\t\tLeer m\u00e1s \u00bb\t\t<\/a>\n\n\t\t\t\t<\/div>\n\t\t\t\t<\/article>\n\t\t\t\t<article class=\"elementor-post elementor-grid-item post-21590 post type-post status-publish format-standard has-post-thumbnail hentry category-uncategorized\" role=\"listitem\">\n\t\t\t\t<a class=\"elementor-post__thumbnail__link\" href=\"https:\/\/agenciameridianos.com\/en\/uncategorized\/islas-de-pascua-un-misterio-en-el-pacifico\/\" tabindex=\"-1\" >\n\t\t\t<div class=\"elementor-post__thumbnail\"><img loading=\"lazy\" decoding=\"async\" width=\"300\" height=\"168\" src=\"https:\/\/agenciameridianos.com\/wp-content\/uploads\/2024\/09\/isla-pascua-300x168.jpeg\" class=\"attachment-medium size-medium wp-image-21583\" alt=\"\" srcset=\"https:\/\/agenciameridianos.com\/wp-content\/uploads\/2024\/09\/isla-pascua-300x168.jpeg 300w, https:\/\/agenciameridianos.com\/wp-content\/uploads\/2024\/09\/isla-pascua-1024x574.jpeg 1024w, https:\/\/agenciameridianos.com\/wp-content\/uploads\/2024\/09\/isla-pascua-768x430.jpeg 768w, https:\/\/agenciameridianos.com\/wp-content\/uploads\/2024\/09\/isla-pascua-1536x861.jpeg 1536w, https:\/\/agenciameridianos.com\/wp-content\/uploads\/2024\/09\/isla-pascua-2048x1148.jpeg 2048w, https:\/\/agenciameridianos.com\/wp-content\/uploads\/2024\/09\/isla-pascua-600x336.jpeg 600w\" sizes=\"(max-width: 300px) 100vw, 300px\" \/><\/div>\n\t\t<\/a>\n\t\t\t\t<div class=\"elementor-post__text\">\n\t\t\t\t<h3 class=\"elementor-post__title\">\n\t\t\t<a href=\"https:\/\/agenciameridianos.com\/en\/uncategorized\/islas-de-pascua-un-misterio-en-el-pacifico\/\" >\n\t\t\t\tIslas de Pascua: Un Misterio en el Pac\u00edfico\t\t\t<\/a>\n\t\t<\/h3>\n\t\t\t\t<div class=\"elementor-post__excerpt\">\n\t\t\t<p>Las Islas de Pascua, conocidas localmente como Rapa Nui, son un destino remoto y enigm\u00e1tico situado en el oc\u00e9ano Pac\u00edfico. Famosas por sus ic\u00f3nicas estatuas<\/p>\n\t\t<\/div>\n\t\t\n\t\t<a class=\"elementor-post__read-more\" href=\"https:\/\/agenciameridianos.com\/en\/uncategorized\/islas-de-pascua-un-misterio-en-el-pacifico\/\" aria-label=\"Read more about Islas de Pascua: Un Misterio en el Pac\u00edfico\" tabindex=\"-1\" >\n\t\t\tLeer m\u00e1s \u00bb\t\t<\/a>\n\n\t\t\t\t<\/div>\n\t\t\t\t<\/article>\n\t\t\t\t<article class=\"elementor-post elementor-grid-item post-21587 post type-post status-publish format-standard has-post-thumbnail hentry category-uncategorized\" role=\"listitem\">\n\t\t\t\t<a class=\"elementor-post__thumbnail__link\" href=\"https:\/\/agenciameridianos.com\/en\/uncategorized\/bogota-la-vibrante-capital-de-colombia\/\" tabindex=\"-1\" >\n\t\t\t<div class=\"elementor-post__thumbnail\"><img loading=\"lazy\" decoding=\"async\" width=\"300\" height=\"195\" src=\"https:\/\/agenciameridianos.com\/wp-content\/uploads\/2024\/09\/bogota_266299419-300x195.jpeg\" class=\"attachment-medium size-medium wp-image-21582\" alt=\"\" srcset=\"https:\/\/agenciameridianos.com\/wp-content\/uploads\/2024\/09\/bogota_266299419-300x195.jpeg 300w, https:\/\/agenciameridianos.com\/wp-content\/uploads\/2024\/09\/bogota_266299419-1024x665.jpeg 1024w, https:\/\/agenciameridianos.com\/wp-content\/uploads\/2024\/09\/bogota_266299419-768x499.jpeg 768w, https:\/\/agenciameridianos.com\/wp-content\/uploads\/2024\/09\/bogota_266299419-1536x998.jpeg 1536w, https:\/\/agenciameridianos.com\/wp-content\/uploads\/2024\/09\/bogota_266299419-2048x1330.jpeg 2048w, https:\/\/agenciameridianos.com\/wp-content\/uploads\/2024\/09\/bogota_266299419-600x390.jpeg 600w\" sizes=\"(max-width: 300px) 100vw, 300px\" \/><\/div>\n\t\t<\/a>\n\t\t\t\t<div class=\"elementor-post__text\">\n\t\t\t\t<h3 class=\"elementor-post__title\">\n\t\t\t<a href=\"https:\/\/agenciameridianos.com\/en\/uncategorized\/bogota-la-vibrante-capital-de-colombia\/\" >\n\t\t\t\tBogot\u00e1: La Vibrante Capital de Colombia\t\t\t<\/a>\n\t\t<\/h3>\n\t\t\t\t<div class=\"elementor-post__excerpt\">\n\t\t\t<p>Bogot\u00e1, la capital de Colombia, es una ciudad vibrante y cosmopolita que combina la modernidad con un profundo sentido de la historia y la cultura.<\/p>\n\t\t<\/div>\n\t\t\n\t\t<a class=\"elementor-post__read-more\" href=\"https:\/\/agenciameridianos.com\/en\/uncategorized\/bogota-la-vibrante-capital-de-colombia\/\" aria-label=\"Read more about Bogot\u00e1: La Vibrante Capital de Colombia\" tabindex=\"-1\" >\n\t\t\tLeer m\u00e1s \u00bb\t\t<\/a>\n\n\t\t\t\t<\/div>\n\t\t\t\t<\/article>\n\t\t\t\t<article class=\"elementor-post elementor-grid-item post-21576 post type-post status-publish format-standard has-post-thumbnail hentry category-uncategorized\" role=\"listitem\">\n\t\t\t\t<a class=\"elementor-post__thumbnail__link\" href=\"https:\/\/agenciameridianos.com\/en\/uncategorized\/nicaragua-un-tesoro-oculto-en-centroamerica\/\" tabindex=\"-1\" >\n\t\t\t<div class=\"elementor-post__thumbnail\"><img loading=\"lazy\" decoding=\"async\" width=\"300\" height=\"169\" src=\"https:\/\/agenciameridianos.com\/wp-content\/uploads\/2024\/09\/nicagua_939230006-300x169.jpeg\" class=\"attachment-medium size-medium wp-image-21584\" alt=\"\" srcset=\"https:\/\/agenciameridianos.com\/wp-content\/uploads\/2024\/09\/nicagua_939230006-300x169.jpeg 300w, https:\/\/agenciameridianos.com\/wp-content\/uploads\/2024\/09\/nicagua_939230006-1024x576.jpeg 1024w, https:\/\/agenciameridianos.com\/wp-content\/uploads\/2024\/09\/nicagua_939230006-768x432.jpeg 768w, https:\/\/agenciameridianos.com\/wp-content\/uploads\/2024\/09\/nicagua_939230006-1536x864.jpeg 1536w, https:\/\/agenciameridianos.com\/wp-content\/uploads\/2024\/09\/nicagua_939230006-2048x1152.jpeg 2048w, https:\/\/agenciameridianos.com\/wp-content\/uploads\/2024\/09\/nicagua_939230006-600x338.jpeg 600w\" sizes=\"(max-width: 300px) 100vw, 300px\" \/><\/div>\n\t\t<\/a>\n\t\t\t\t<div class=\"elementor-post__text\">\n\t\t\t\t<h3 class=\"elementor-post__title\">\n\t\t\t<a href=\"https:\/\/agenciameridianos.com\/en\/uncategorized\/nicaragua-un-tesoro-oculto-en-centroamerica\/\" >\n\t\t\t\tNicaragua: Un Tesoro Oculto en Centroam\u00e9rica\t\t\t<\/a>\n\t\t<\/h3>\n\t\t\t\t<div class=\"elementor-post__excerpt\">\n\t\t\t<p>Nicaragua, conocida como la &#8220;Tierra de lagos y volcanes&#8221;, es un destino que combina naturaleza exuberante con una rica historia y cultura. Este pa\u00eds centroamericano<\/p>\n\t\t<\/div>\n\t\t\n\t\t<a class=\"elementor-post__read-more\" href=\"https:\/\/agenciameridianos.com\/en\/uncategorized\/nicaragua-un-tesoro-oculto-en-centroamerica\/\" aria-label=\"Read more about Nicaragua: Un Tesoro Oculto en Centroam\u00e9rica\" tabindex=\"-1\" >\n\t\t\tLeer m\u00e1s \u00bb\t\t<\/a>\n\n\t\t\t\t<\/div>\n\t\t\t\t<\/article>\n\t\t\t\t<\/div>\n\t\t\n\t\t\t\t<div class=\"e-load-more-anchor\" data-page=\"1\" data-max-page=\"5\" data-next-page=\"https:\/\/agenciameridianos.com\/en\/?e-page-8a2c77f=2\"><\/div>\n\t\t\t\t<nav class=\"elementor-pagination\" aria-label=\"Pagination\">\n\t\t\t<span class=\"page-numbers prev\">&laquo; Anterior<\/span>\n<span aria-current=\"page\" class=\"page-numbers current\"><span class=\"elementor-screen-only\">Page<\/span>1<\/span>\n<a class=\"page-numbers\" href=\"https:\/\/agenciameridianos.com\/en\/wp-json\/wp\/v2\/pages\/17289\/?e-page-8a2c77f=2\"><span class=\"elementor-screen-only\">Page<\/span>2<\/a>\n<a class=\"page-numbers\" href=\"https:\/\/agenciameridianos.com\/en\/wp-json\/wp\/v2\/pages\/17289\/?e-page-8a2c77f=3\"><span class=\"elementor-screen-only\">Page<\/span>3<\/a>\n<a class=\"page-numbers\" href=\"https:\/\/agenciameridianos.com\/en\/wp-json\/wp\/v2\/pages\/17289\/?e-page-8a2c77f=4\"><span class=\"elementor-screen-only\">Page<\/span>4<\/a>\n<a class=\"page-numbers\" href=\"https:\/\/agenciameridianos.com\/en\/wp-json\/wp\/v2\/pages\/17289\/?e-page-8a2c77f=5\"><span class=\"elementor-screen-only\">Page<\/span>5<\/a>\n<a class=\"page-numbers next\" href=\"https:\/\/agenciameridianos.com\/en\/?e-page-8a2c77f=2\">Siguiente &raquo;<\/a>\t\t<\/nav>\n\t\t\t\t\t\t<\/div>\n\t\t\t\t<\/div>\n\t\t\t\t<\/div>\n\t\t<div class=\"elementor-element elementor-element-b037856 e-con-full e-flex e-con e-child\" data-id=\"b037856\" data-element_type=\"container\" data-e-type=\"container\" data-settings=\"{&quot;background_background&quot;:&quot;classic&quot;}\">\n\t\t\t\t<div class=\"elementor-element elementor-element-29d46a2 elementor-search-form--skin-classic elementor-search-form--button-type-icon elementor-search-form--icon-search elementor-widget elementor-widget-search-form\" data-id=\"29d46a2\" data-element_type=\"widget\" data-e-type=\"widget\" data-settings=\"{&quot;skin&quot;:&quot;classic&quot;}\" data-widget_type=\"search-form.default\">\n\t\t\t\t<div class=\"elementor-widget-container\">\n\t\t\t\t\t\t\t<search role=\"search\">\n\t\t\t<form class=\"elementor-search-form\" action=\"https:\/\/agenciameridianos.com\/en\/\" method=\"get\" data-trp-original-action=\"https:\/\/agenciameridianos.com\/en\">\n\t\t\t\t\t\t\t\t\t\t\t\t<div class=\"elementor-search-form__container\">\n\t\t\t\t\t<label class=\"elementor-screen-only\" for=\"elementor-search-form-29d46a2\">Search<\/label>\n\n\t\t\t\t\t\n\t\t\t\t\t<input id=\"elementor-search-form-29d46a2\" placeholder=\"Buscar...\" class=\"elementor-search-form__input\" type=\"search\" name=\"s\" value=\"\">\n\t\t\t\t\t\n\t\t\t\t\t\t\t\t\t\t\t<button class=\"elementor-search-form__submit\" type=\"submit\" aria-label=\"Search\">\n\t\t\t\t\t\t\t\t\t\t\t\t\t\t\t<div class=\"e-font-icon-svg-container\"><svg class=\"fa fa-search e-font-icon-svg e-fas-search\" viewbox=\"0 0 512 512\" xmlns=\"http:\/\/www.w3.org\/2000\/svg\"><path d=\"M505 442.7L405.3 343c-4.5-4.5-10.6-7-17-7H372c27.6-35.3 44-79.7 44-128C416 93.1 322.9 0 208 0S0 93.1 0 208s93.1 208 208 208c48.3 0 92.7-16.4 128-44v16.3c0 6.4 2.5 12.5 7 17l99.7 99.7c9.4 9.4 24.6 9.4 33.9 0l28.3-28.3c9.4-9.4 9.4-24.6.1-34zM208 336c-70.7 0-128-57.2-128-128 0-70.7 57.2-128 128-128 70.7 0 128 57.2 128 128 0 70.7-57.2 128-128 128z\"><\/path><\/svg><\/div>\t\t\t\t\t\t\t\t\t\t\t\t\t<\/button>\n\t\t\t\t\t\n\t\t\t\t\t\t\t\t\t<\/div>\n\t\t\t<input type=\"hidden\" name=\"trp-form-language\" value=\"en\"\/><\/form>\n\t\t<\/search>\n\t\t\t\t\t\t<\/div>\n\t\t\t\t<\/div>\n\t\t\t\t<div class=\"elementor-element elementor-element-644e3b2 elementor-widget elementor-widget-heading\" data-id=\"644e3b2\" data-element_type=\"widget\" data-e-type=\"widget\" data-widget_type=\"heading.default\">\n\t\t\t\t<div class=\"elementor-widget-container\">\n\t\t\t\t\t<h3 class=\"elementor-heading-title elementor-size-default\">Lo m\u00e1s le\u00eddo<\/h3>\t\t\t\t<\/div>\n\t\t\t\t<\/div>\n\t\t\t\t<div class=\"elementor-element elementor-element-d96b48a elementor-grid-1 elementor-grid-tablet-2 elementor-grid-mobile-1 elementor-posts--thumbnail-top elementor-widget elementor-widget-posts\" data-id=\"d96b48a\" data-element_type=\"widget\" data-e-type=\"widget\" data-settings=\"{&quot;classic_columns&quot;:&quot;1&quot;,&quot;classic_columns_tablet&quot;:&quot;2&quot;,&quot;classic_columns_mobile&quot;:&quot;1&quot;,&quot;classic_row_gap&quot;:{&quot;unit&quot;:&quot;px&quot;,&quot;size&quot;:35,&quot;sizes&quot;:[]},&quot;classic_row_gap_tablet&quot;:{&quot;unit&quot;:&quot;px&quot;,&quot;size&quot;:&quot;&quot;,&quot;sizes&quot;:[]},&quot;classic_row_gap_mobile&quot;:{&quot;unit&quot;:&quot;px&quot;,&quot;size&quot;:&quot;&quot;,&quot;sizes&quot;:[]}}\" data-widget_type=\"posts.classic\">\n\t\t\t\t<div class=\"elementor-widget-container\">\n\t\t\t\t\t\t\t<div class=\"elementor-posts-container elementor-posts elementor-posts--skin-classic elementor-grid\" role=\"list\">\n\t\t\t\t<article class=\"elementor-post elementor-grid-item post-21846 post type-post status-publish format-standard has-post-thumbnail hentry category-uncategorized\" role=\"listitem\">\n\t\t\t\t<a class=\"elementor-post__thumbnail__link\" href=\"https:\/\/agenciameridianos.com\/en\/uncategorized\/manuel-antonio-un-refugio-natural-en-costa-rica\/\" tabindex=\"-1\" >\n\t\t\t<div class=\"elementor-post__thumbnail\"><img fetchpriority=\"high\" decoding=\"async\" width=\"300\" height=\"225\" src=\"https:\/\/agenciameridianos.com\/wp-content\/uploads\/2024\/09\/manuel-antonio-300x225.jpg\" class=\"attachment-medium size-medium wp-image-21840\" alt=\"\" srcset=\"https:\/\/agenciameridianos.com\/wp-content\/uploads\/2024\/09\/manuel-antonio-300x225.jpg 300w, https:\/\/agenciameridianos.com\/wp-content\/uploads\/2024\/09\/manuel-antonio-768x576.jpg 768w, https:\/\/agenciameridianos.com\/wp-content\/uploads\/2024\/09\/manuel-antonio-600x450.jpg 600w, https:\/\/agenciameridianos.com\/wp-content\/uploads\/2024\/09\/manuel-antonio.jpg 800w\" sizes=\"(max-width: 300px) 100vw, 300px\" \/><\/div>\n\t\t<\/a>\n\t\t\t\t<div class=\"elementor-post__text\">\n\t\t\t\t<h3 class=\"elementor-post__title\">\n\t\t\t<a href=\"https:\/\/agenciameridianos.com\/en\/uncategorized\/manuel-antonio-un-refugio-natural-en-costa-rica\/\" >\n\t\t\t\tManuel Antonio: Un Refugio Natural en Costa Rica\t\t\t<\/a>\n\t\t<\/h3>\n\t\t\t\t<div class=\"elementor-post__excerpt\">\n\t\t\t<p>Manuel Antonio, situado en la costa pac\u00edfica de Costa Rica, es famoso por su parque nacional que combina impresionantes playas de arena blanca con exuberantes<\/p>\n\t\t<\/div>\n\t\t\n\t\t<a class=\"elementor-post__read-more\" href=\"https:\/\/agenciameridianos.com\/en\/uncategorized\/manuel-antonio-un-refugio-natural-en-costa-rica\/\" aria-label=\"Read more about Manuel Antonio: Un Refugio Natural en Costa Rica\" tabindex=\"-1\" >\n\t\t\tLeer m\u00e1s \u00bb\t\t<\/a>\n\n\t\t\t\t<\/div>\n\t\t\t\t<\/article>\n\t\t\t\t<article class=\"elementor-post elementor-grid-item post-21843 post type-post status-publish format-standard has-post-thumbnail hentry category-uncategorized\" role=\"listitem\">\n\t\t\t\t<a class=\"elementor-post__thumbnail__link\" href=\"https:\/\/agenciameridianos.com\/en\/uncategorized\/isla-tortuga-paraiso-tropical-en-costa-rica\/\" tabindex=\"-1\" >\n\t\t\t<div class=\"elementor-post__thumbnail\"><img decoding=\"async\" width=\"300\" height=\"225\" src=\"https:\/\/agenciameridianos.com\/wp-content\/uploads\/2024\/09\/isla-tortuga-300x225.jpg\" class=\"attachment-medium size-medium wp-image-21839\" alt=\"\" srcset=\"https:\/\/agenciameridianos.com\/wp-content\/uploads\/2024\/09\/isla-tortuga-300x225.jpg 300w, https:\/\/agenciameridianos.com\/wp-content\/uploads\/2024\/09\/isla-tortuga-768x576.jpg 768w, https:\/\/agenciameridianos.com\/wp-content\/uploads\/2024\/09\/isla-tortuga-600x450.jpg 600w, https:\/\/agenciameridianos.com\/wp-content\/uploads\/2024\/09\/isla-tortuga.jpg 800w\" sizes=\"(max-width: 300px) 100vw, 300px\" \/><\/div>\n\t\t<\/a>\n\t\t\t\t<div class=\"elementor-post__text\">\n\t\t\t\t<h3 class=\"elementor-post__title\">\n\t\t\t<a href=\"https:\/\/agenciameridianos.com\/en\/uncategorized\/isla-tortuga-paraiso-tropical-en-costa-rica\/\" >\n\t\t\t\tIsla Tortuga: Para\u00edso Tropical en Costa Rica\t\t\t<\/a>\n\t\t<\/h3>\n\t\t\t\t<div class=\"elementor-post__excerpt\">\n\t\t\t<p>Isla Tortuga, ubicada en el Golfo de Nicoya, es uno de los destinos m\u00e1s paradis\u00edacos de Costa Rica. Con sus playas de arena blanca y<\/p>\n\t\t<\/div>\n\t\t\n\t\t<a class=\"elementor-post__read-more\" href=\"https:\/\/agenciameridianos.com\/en\/uncategorized\/isla-tortuga-paraiso-tropical-en-costa-rica\/\" aria-label=\"Read more about Isla Tortuga: Para\u00edso Tropical en Costa Rica\" tabindex=\"-1\" >\n\t\t\tLeer m\u00e1s \u00bb\t\t<\/a>\n\n\t\t\t\t<\/div>\n\t\t\t\t<\/article>\n\t\t\t\t<\/div>\n\t\t\n\t\t\t\t\t\t<\/div>\n\t\t\t\t<\/div>\n\t\t\t\t<\/div>\n\t\t\t\t\t<\/div>\n\t\t\t\t<\/div>\n\t\t\t\t<\/div>","protected":false},"excerpt":{"rendered":"<p>Lo m\u00e1s le\u00eddo<\/p>","protected":false},"author":4,"featured_media":0,"parent":0,"menu_order":0,"comment_status":"closed","ping_status":"closed","template":"elementor_header_footer","meta":{"_acf_changed":false,"footnotes":""},"class_list":["post-17289","page","type-page","status-publish","hentry"],"acf":[],"_links":{"self":[{"href":"https:\/\/agenciameridianos.com\/en\/wp-json\/wp\/v2\/pages\/17289","targetHints":{"allow":["GET"]}}],"collection":[{"href":"https:\/\/agenciameridianos.com\/en\/wp-json\/wp\/v2\/pages"}],"about":[{"href":"https:\/\/agenciameridianos.com\/en\/wp-json\/wp\/v2\/types\/page"}],"author":[{"embeddable":true,"href":"https:\/\/agenciameridianos.com\/en\/wp-json\/wp\/v2\/users\/4"}],"replies":[{"embeddable":true,"href":"https:\/\/agenciameridianos.com\/en\/wp-json\/wp\/v2\/comments?post=17289"}],"version-history":[{"count":1,"href":"https:\/\/agenciameridianos.com\/en\/wp-json\/wp\/v2\/pages\/17289\/revisions"}],"predecessor-version":[{"id":23229,"href":"https:\/\/agenciameridianos.com\/en\/wp-json\/wp\/v2\/pages\/17289\/revisions\/23229"}],"wp:attachment":[{"href":"https:\/\/agenciameridianos.com\/en\/wp-json\/wp\/v2\/media?parent=17289"}],"curies":[{"name":"wp","href":"https:\/\/api.w.org\/{rel}","templated":true}]}}