{"id":17683,"date":"2024-05-16T19:34:51","date_gmt":"2024-05-16T19:34:51","guid":{"rendered":"https:\/\/agenciameridianos.com\/web\/?page_id=17683"},"modified":"2024-06-24T22:34:36","modified_gmt":"2024-06-24T22:34:36","slug":"experiencias-a-la-medida","status":"publish","type":"page","link":"https:\/\/agenciameridianos.com\/en\/experiencias-a-la-medida\/","title":{"rendered":"Tailor Made Experiences"},"content":{"rendered":"\t\t<div data-elementor-type=\"wp-page\" data-elementor-id=\"17683\" class=\"elementor elementor-17683\" data-elementor-post-type=\"page\">\n\t\t\t\t<div class=\"elementor-element elementor-element-7a16cac e-con-full e-flex e-con e-parent\" data-id=\"7a16cac\" data-element_type=\"container\" data-e-type=\"container\">\n\t\t\t\t<div class=\"elementor-element elementor-element-7aca64d elementor--h-position-center elementor--v-position-middle elementor-arrows-position-inside elementor-pagination-position-inside elementor-widget elementor-widget-slides\" data-id=\"7aca64d\" data-element_type=\"widget\" data-e-type=\"widget\" data-settings=\"{&quot;navigation&quot;:&quot;both&quot;,&quot;autoplay&quot;:&quot;yes&quot;,&quot;pause_on_hover&quot;:&quot;yes&quot;,&quot;pause_on_interaction&quot;:&quot;yes&quot;,&quot;autoplay_speed&quot;:5000,&quot;infinite&quot;:&quot;yes&quot;,&quot;transition&quot;:&quot;slide&quot;,&quot;transition_speed&quot;:500}\" data-widget_type=\"slides.default\">\n\t\t\t\t<div class=\"elementor-widget-container\">\n\t\t\t\t\t\t\t\t\t<div class=\"elementor-swiper\">\n\t\t\t\t\t<div class=\"elementor-slides-wrapper elementor-main-swiper swiper\" role=\"region\" aria-roledescription=\"carousel\" aria-label=\"Slides\" dir=\"ltr\" data-animation=\"fadeInUp\">\n\t\t\t\t<div class=\"swiper-wrapper elementor-slides\">\n\t\t\t\t\t\t\t\t\t\t<div class=\"elementor-repeater-item-b4833ad swiper-slide\" role=\"group\" aria-roledescription=\"slide\"><div class=\"swiper-slide-bg\" role=\"img\" aria-label=\"Animaci\u00f3n de Experiencias de Viaje con Agencia Meridianos\"><\/div><div class=\"elementor-background-overlay\"><\/div><div class=\"swiper-slide-inner\" ><div class=\"swiper-slide-contents\"><\/div><\/div><\/div>\t\t\t\t<\/div>\n\t\t\t\t\t\t\t<\/div>\n\t\t\t\t<\/div>\n\t\t\t\t\t\t\t\t<\/div>\n\t\t\t\t<\/div>\n\t\t\t\t<\/div>\n\t\t<div class=\"elementor-element elementor-element-f6a2e2f e-flex e-con-boxed e-con e-parent\" data-id=\"f6a2e2f\" data-element_type=\"container\" data-e-type=\"container\">\n\t\t\t\t\t<div class=\"e-con-inner\">\n\t\t\t\t<div class=\"elementor-element elementor-element-7be5d18 elementor-widget elementor-widget-heading\" data-id=\"7be5d18\" data-element_type=\"widget\" data-e-type=\"widget\" data-widget_type=\"heading.default\">\n\t\t\t\t<div class=\"elementor-widget-container\">\n\t\t\t\t\t<h2 class=\"elementor-heading-title elementor-size-default\">\u00bfYa te lo contamos?<\/h2>\t\t\t\t<\/div>\n\t\t\t\t<\/div>\n\t\t\t\t<div class=\"elementor-element elementor-element-cef823b elementor-widget elementor-widget-text-editor\" data-id=\"cef823b\" data-element_type=\"widget\" data-e-type=\"widget\" data-widget_type=\"text-editor.default\">\n\t\t\t\t<div class=\"elementor-widget-container\">\n\t\t\t\t\t\t\t\t\t<p>Todos nuestros paquetes son 100% personalizables.<\/p><p>Para eso contamos con el mejor equipo de dise\u00f1adores de viajes listos para asistirte con cualquier necesidad o deseo que teng\u00e1s para disfrutar al m\u00e1ximo de una experiencia inolvidable.<\/p><p>\u00a1Est\u00e1s en las mejores manos!<\/p><p>Complet\u00e1 el siguiente formulario para obtener una cotizaci\u00f3n perfecta para vos. Te contactaremos a la mayor brevedad posible.<\/p>\t\t\t\t\t\t\t\t<\/div>\n\t\t\t\t<\/div>\n\t\t\t\t\t<\/div>\n\t\t\t\t<\/div>\n\t\t<div class=\"elementor-element elementor-element-1a7b74b elementor-hidden-desktop elementor-hidden-tablet elementor-hidden-mobile e-flex e-con-boxed e-con e-parent\" data-id=\"1a7b74b\" data-element_type=\"container\" data-e-type=\"container\">\n\t\t\t\t\t<div class=\"e-con-inner\">\n\t\t\t\t<div class=\"elementor-element elementor-element-c245b71 elementor-button-align-stretch elementor-widget elementor-widget-form\" data-id=\"c245b71\" data-element_type=\"widget\" data-e-type=\"widget\" data-settings=\"{&quot;step_next_label&quot;:&quot;Next&quot;,&quot;step_previous_label&quot;:&quot;Previous&quot;,&quot;button_width&quot;:&quot;100&quot;,&quot;step_type&quot;:&quot;number_text&quot;,&quot;step_icon_shape&quot;:&quot;circle&quot;}\" data-widget_type=\"form.default\">\n\t\t\t\t<div class=\"elementor-widget-container\">\n\t\t\t\t\t\t\t<form class=\"elementor-form\" method=\"post\" name=\"Experiencia a la Medida\" aria-label=\"Experiencia a la Medida\">\n\t\t\t<input type=\"hidden\" name=\"post_id\" value=\"17683\"\/>\n\t\t\t<input type=\"hidden\" name=\"form_id\" value=\"c245b71\"\/>\n\t\t\t<input type=\"hidden\" name=\"referer_title\" value=\"\" \/>\n\n\t\t\t\n\t\t\t<div class=\"elementor-form-fields-wrapper elementor-labels-\">\n\t\t\t\t\t\t\t\t<div class=\"elementor-field-type-text elementor-field-group elementor-column elementor-field-group-name elementor-col-50 elementor-field-required\">\n\t\t\t\t\t\t\t\t\t\t\t\t<label for=\"form-field-name\" class=\"elementor-field-label elementor-screen-only\">\n\t\t\t\t\t\t\t\tEscoge un destino\t\t\t\t\t\t\t<\/label>\n\t\t\t\t\t\t\t\t\t\t\t\t\t\t<input size=\"1\" type=\"text\" name=\"form_fields[name]\" id=\"form-field-name\" class=\"elementor-field elementor-size-sm  elementor-field-textual\" placeholder=\"Escoge un destino\" required=\"required\">\n\t\t\t\t\t\t\t\t\t\t\t<\/div>\n\t\t\t\t\t\t\t\t<div class=\"elementor-field-type-text elementor-field-group elementor-column elementor-field-group-field_538641f elementor-col-50 elementor-field-required\">\n\t\t\t\t\t\t\t\t\t\t\t\t<label for=\"form-field-field_538641f\" class=\"elementor-field-label elementor-screen-only\">\n\t\t\t\t\t\t\t\tNombre\t\t\t\t\t\t\t<\/label>\n\t\t\t\t\t\t\t\t\t\t\t\t\t\t<input size=\"1\" type=\"text\" name=\"form_fields[field_538641f]\" id=\"form-field-field_538641f\" class=\"elementor-field elementor-size-sm  elementor-field-textual\" placeholder=\"Nombre\" required=\"required\">\n\t\t\t\t\t\t\t\t\t\t\t<\/div>\n\t\t\t\t\t\t\t\t<div class=\"elementor-field-type-email elementor-field-group elementor-column elementor-field-group-field_bc99a2f elementor-col-25 elementor-field-required\">\n\t\t\t\t\t\t\t\t\t\t\t\t<label for=\"form-field-field_bc99a2f\" class=\"elementor-field-label elementor-screen-only\">\n\t\t\t\t\t\t\t\tCorreo electr\u00f3nico\t\t\t\t\t\t\t<\/label>\n\t\t\t\t\t\t\t\t\t\t\t\t\t\t<input size=\"1\" type=\"email\" name=\"form_fields[field_bc99a2f]\" id=\"form-field-field_bc99a2f\" class=\"elementor-field elementor-size-sm  elementor-field-textual\" placeholder=\"Correo electr\u00f3nico\" required=\"required\">\n\t\t\t\t\t\t\t\t\t\t\t<\/div>\n\t\t\t\t\t\t\t\t<div class=\"elementor-field-type-text elementor-field-group elementor-column elementor-field-group-field_1f6c323 elementor-col-25 elementor-field-required\">\n\t\t\t\t\t\t\t\t\t\t\t\t<label for=\"form-field-field_1f6c323\" class=\"elementor-field-label elementor-screen-only\">\n\t\t\t\t\t\t\t\tTel\u00e9fono\t\t\t\t\t\t\t<\/label>\n\t\t\t\t\t\t\t\t\t\t\t\t\t\t<input size=\"1\" type=\"text\" name=\"form_fields[field_1f6c323]\" id=\"form-field-field_1f6c323\" class=\"elementor-field elementor-size-sm  elementor-field-textual\" placeholder=\"Tel\u00e9fono\" required=\"required\">\n\t\t\t\t\t\t\t\t\t\t\t<\/div>\n\t\t\t\t\t\t\t\t<div class=\"elementor-field-type-number elementor-field-group elementor-column elementor-field-group-field_1b576bb elementor-col-25\">\n\t\t\t\t\t\t\t\t\t\t\t\t<label for=\"form-field-field_1b576bb\" class=\"elementor-field-label elementor-screen-only\">\n\t\t\t\t\t\t\t\tAdultos\t\t\t\t\t\t\t<\/label>\n\t\t\t\t\t\t\t\t\t<input type=\"number\" name=\"form_fields[field_1b576bb]\" id=\"form-field-field_1b576bb\" class=\"elementor-field elementor-size-sm  elementor-field-textual\" placeholder=\"Adultos\" min=\"\" max=\"\" >\n\t\t\t\t\t\t<\/div>\n\t\t\t\t\t\t\t\t<div class=\"elementor-field-type-number elementor-field-group elementor-column elementor-field-group-field_391ba56 elementor-col-25\">\n\t\t\t\t\t\t\t\t\t\t\t\t<label for=\"form-field-field_391ba56\" class=\"elementor-field-label elementor-screen-only\">\n\t\t\t\t\t\t\t\tNi\u00f1os\t\t\t\t\t\t\t<\/label>\n\t\t\t\t\t\t\t\t\t<input type=\"number\" name=\"form_fields[field_391ba56]\" id=\"form-field-field_391ba56\" class=\"elementor-field elementor-size-sm  elementor-field-textual\" placeholder=\"Ni\u00f1os\" min=\"\" max=\"\" >\n\t\t\t\t\t\t<\/div>\n\t\t\t\t\t\t\t\t<div class=\"elementor-field-type-date elementor-field-group elementor-column elementor-field-group-field_bcbea87 elementor-col-25\">\n\t\t\t\t\t\t\t\t\t\t\t\t<label for=\"form-field-field_bcbea87\" class=\"elementor-field-label elementor-screen-only\">\n\t\t\t\t\t\t\t\tSalida\t\t\t\t\t\t\t<\/label>\n\t\t\t\t\t\t\n\t\t<input type=\"date\" name=\"form_fields[field_bcbea87]\" id=\"form-field-field_bcbea87\" class=\"elementor-field elementor-size-sm  elementor-field-textual elementor-date-field\" placeholder=\"Salida\" pattern=\"[0-9]{4}-[0-9]{2}-[0-9]{2}\">\n\t\t\t\t\t\t<\/div>\n\t\t\t\t\t\t\t\t<div class=\"elementor-field-type-date elementor-field-group elementor-column elementor-field-group-field_42cb48d elementor-col-25\">\n\t\t\t\t\t\t\t\t\t\t\t\t<label for=\"form-field-field_42cb48d\" class=\"elementor-field-label elementor-screen-only\">\n\t\t\t\t\t\t\t\tRegreso\t\t\t\t\t\t\t<\/label>\n\t\t\t\t\t\t\n\t\t<input type=\"date\" name=\"form_fields[field_42cb48d]\" id=\"form-field-field_42cb48d\" class=\"elementor-field elementor-size-sm  elementor-field-textual elementor-date-field\" placeholder=\"Regreso\" pattern=\"[0-9]{4}-[0-9]{2}-[0-9]{2}\">\n\t\t\t\t\t\t<\/div>\n\t\t\t\t\t\t\t\t<div class=\"elementor-field-type-checkbox elementor-field-group elementor-column elementor-field-group-field_6f38068 elementor-col-100\">\n\t\t\t\t\t\t\t\t\t\t\t\t<label for=\"form-field-field_6f38068\" class=\"elementor-field-label elementor-screen-only\">\n\t\t\t\t\t\t\t\tRequiero:\t\t\t\t\t\t\t<\/label>\n\t\t\t\t\t\t<div class=\"elementor-field-subgroup  elementor-subgroup-inline\"><span class=\"elementor-field-option\"><input type=\"checkbox\" value=\"Hospedaje\" id=\"form-field-field_6f38068-0\" name=\"form_fields[field_6f38068][]\"> <label for=\"form-field-field_6f38068-0\">Hospedaje<\/label><\/span><span class=\"elementor-field-option\"><input type=\"checkbox\" value=\"Transporte\" id=\"form-field-field_6f38068-1\" name=\"form_fields[field_6f38068][]\"> <label for=\"form-field-field_6f38068-1\">Transporte<\/label><\/span><span class=\"elementor-field-option\"><input type=\"checkbox\" value=\"Tours\" id=\"form-field-field_6f38068-2\" name=\"form_fields[field_6f38068][]\"> <label for=\"form-field-field_6f38068-2\">Tours<\/label><\/span><span class=\"elementor-field-option\"><input type=\"checkbox\" value=\"Rentacar\" id=\"form-field-field_6f38068-3\" name=\"form_fields[field_6f38068][]\"> <label for=\"form-field-field_6f38068-3\">Rentacar<\/label><\/span><span class=\"elementor-field-option\"><input type=\"checkbox\" value=\"Alimentaci\u00f3n\" id=\"form-field-field_6f38068-4\" name=\"form_fields[field_6f38068][]\"> <label for=\"form-field-field_6f38068-4\">Alimentaci\u00f3n<\/label><\/span><span class=\"elementor-field-option\"><input type=\"checkbox\" value=\"Traslados\" id=\"form-field-field_6f38068-5\" name=\"form_fields[field_6f38068][]\"> <label for=\"form-field-field_6f38068-5\">Traslados<\/label><\/span><span class=\"elementor-field-option\"><input type=\"checkbox\" value=\"Asistencia\" id=\"form-field-field_6f38068-6\" name=\"form_fields[field_6f38068][]\"> <label for=\"form-field-field_6f38068-6\">Asistencia<\/label><\/span><span class=\"elementor-field-option\"><input type=\"checkbox\" value=\"Gu\u00eda tur\u00edstico\" id=\"form-field-field_6f38068-7\" name=\"form_fields[field_6f38068][]\"> <label for=\"form-field-field_6f38068-7\">Gu\u00eda tur\u00edstico<\/label><\/span><\/div>\t\t\t\t<\/div>\n\t\t\t\t\t\t\t\t<div class=\"elementor-field-type-textarea elementor-field-group elementor-column elementor-field-group-field_e62b184 elementor-col-100\">\n\t\t\t\t\t\t\t\t\t\t\t\t<label for=\"form-field-field_e62b184\" class=\"elementor-field-label elementor-screen-only\">\n\t\t\t\t\t\t\t\tAgregar Comentario\t\t\t\t\t\t\t<\/label>\n\t\t\t\t\t\t<textarea class=\"elementor-field-textual elementor-field  elementor-size-sm\" name=\"form_fields[field_e62b184]\" id=\"form-field-field_e62b184\" rows=\"4\" placeholder=\"Agregar Comentario\"><\/textarea>\t\t\t\t<\/div>\n\t\t\t\t\t\t\t\t<div class=\"elementor-field-type-recaptcha_v3 elementor-field-group elementor-column elementor-field-group-field_534d4c9 elementor-col-100 recaptcha_v3-bottomright\">\n\t\t\t\t\t<div class=\"elementor-field\" id=\"form-field-field_534d4c9\"><\/div>\t\t\t\t<\/div>\n\t\t\t\t\t\t\t\t<div class=\"elementor-field-group elementor-column elementor-field-type-submit elementor-col-100 e-form__buttons\">\n\t\t\t\t\t<button class=\"elementor-button elementor-size-sm\" type=\"submit\">\n\t\t\t\t\t\t<span class=\"elementor-button-content-wrapper\">\n\t\t\t\t\t\t\t\t\t\t\t\t\t\t\t\t\t\t\t\t\t\t<span class=\"elementor-button-text\">Enviar<\/span>\n\t\t\t\t\t\t\t\t\t\t\t\t\t<\/span>\n\t\t\t\t\t<\/button>\n\t\t\t\t<\/div>\n\t\t\t<\/div>\n\t\t<\/form>\n\t\t\t\t\t\t<\/div>\n\t\t\t\t<\/div>\n\t\t\t\t\t<\/div>\n\t\t\t\t<\/div>\n\t\t<div class=\"elementor-element elementor-element-1952956 e-flex e-con-boxed e-con e-parent\" data-id=\"1952956\" data-element_type=\"container\" data-e-type=\"container\">\n\t\t\t\t\t<div class=\"e-con-inner\">\n\t\t\t\t<div class=\"elementor-element elementor-element-967aa6f elementor-widget elementor-widget-html\" data-id=\"967aa6f\" data-element_type=\"widget\" data-e-type=\"widget\" data-widget_type=\"html.default\">\n\t\t\t\t<div class=\"elementor-widget-container\">\n\t\t\t\t\t[gravityform id=\"7\" title=\"false\"]\t\t\t\t<\/div>\n\t\t\t\t<\/div>\n\t\t\t\t\t<\/div>\n\t\t\t\t<\/div>\n\t\t<div class=\"elementor-element elementor-element-1686f57 e-flex e-con-boxed e-con e-parent\" data-id=\"1686f57\" data-element_type=\"container\" data-e-type=\"container\" data-settings=\"{&quot;background_background&quot;:&quot;classic&quot;}\">\n\t\t\t\t\t<div class=\"e-con-inner\">\n\t\t\t\t<div class=\"elementor-element elementor-element-dfae17b elementor-widget elementor-widget-text-editor\" data-id=\"dfae17b\" data-element_type=\"widget\" data-e-type=\"widget\" data-widget_type=\"text-editor.default\">\n\t\t\t\t<div class=\"elementor-widget-container\">\n\t\t\t\t\t\t\t\t\t<p>NUESTRAS EXPERIENCIAS<\/p>\t\t\t\t\t\t\t\t<\/div>\n\t\t\t\t<\/div>\n\t\t\t\t<div class=\"elementor-element elementor-element-67d297b elementor-product-loop-item--align-center elementor-grid-4 elementor-grid-tablet-3 elementor-grid-mobile-2 elementor-products-grid elementor-wc-products elementor-widget elementor-widget-woocommerce-products\" data-id=\"67d297b\" data-element_type=\"widget\" data-e-type=\"widget\" data-widget_type=\"woocommerce-products.default\">\n\t\t\t\t<div class=\"elementor-widget-container\">\n\t\t\t\t\t<div class=\"woocommerce columns-4 \"><ul class=\"products elementor-grid columns-4\">\n<li class=\"product type-product post-16768 status-publish first instock product_cat-conoce-el-mundo product_cat-cotizar product_cat-europa product_cat-todos-los-paquetes product_tag-desde has-post-thumbnail featured shipping-taxable purchasable product-type-simple\">\n\t<a href=\"https:\/\/agenciameridianos.com\/en\/product\/sueno-europa\/\" class=\"woocommerce-LoopProduct-link woocommerce-loop-product__link\"><img fetchpriority=\"high\" decoding=\"async\" width=\"300\" height=\"300\" src=\"https:\/\/agenciameridianos.com\/wp-content\/uploads\/2023\/09\/Suennos_europa_G__318642590-300x300.jpg\" class=\"attachment-woocommerce_thumbnail size-woocommerce_thumbnail\" alt=\"Paisaje de Europa con arquitectura tradicional y vistas impresionantes\" srcset=\"https:\/\/agenciameridianos.com\/wp-content\/uploads\/2023\/09\/Suennos_europa_G__318642590-300x300.jpg 300w, https:\/\/agenciameridianos.com\/wp-content\/uploads\/2023\/09\/Suennos_europa_G__318642590-150x150.jpg 150w, https:\/\/agenciameridianos.com\/wp-content\/uploads\/2023\/09\/Suennos_europa_G__318642590-100x100.jpg 100w\" sizes=\"(max-width: 300px) 100vw, 300px\" \/><h2 class=\"woocommerce-loop-product__title\">Sue\u00f1os de Europa<\/h2>\n\t<span class=\"price\"><span class=\"woocommerce-Price-amount amount\"><bdi><span class=\"woocommerce-Price-currencySymbol\">USD $<\/span>3,999<\/bdi><\/span><\/span>\n <div class=\"cg-amenities\" style=\"font-family: 'Montserrat', sans-serif; color: black; text-transform: capitalize;\"><\/div>\r\n    <div class=\"cg-amenities\">                                <img decoding=\"async\" src=\"https:\/\/agenciameridianos.com\/wp-content\/uploads\/2024\/05\/Tickets-Icon.svg\" title=\"entradas\" style=\"width:40px; display: inline-block; margin: 0; padding: 0;\">\r\n                                    <img decoding=\"async\" src=\"https:\/\/agenciameridianos.com\/wp-content\/uploads\/2024\/05\/Lodging-Icon.svg\" title=\"hospedaje\" style=\"width:40px; display: inline-block; margin: 0; padding: 0;\">\r\n                        <\/div>\r\n    <\/a><div class=\"woocommerce-loop-product__buttons\"><a class=\"button wpt-custom-view-product-button\" href=\"https:\/\/agenciameridianos.com\/en\/product\/sueno-europa\/\">Quote<\/a><\/div>\t<span id=\"woocommerce_loop_add_to_cart_link_describedby_16768\" class=\"screen-reader-text\">\n\t\t\t<\/span>\n<\/li>\n<li class=\"product type-product post-21927 status-publish instock product_cat-conoce-costa-rica product_cat-montana product_cat-todos-los-paquetes product_tag-desde has-post-thumbnail featured shipping-taxable purchasable product-type-simple\">\n\t<a href=\"https:\/\/agenciameridianos.com\/en\/product\/monteverdextremo\/\" class=\"woocommerce-LoopProduct-link woocommerce-loop-product__link\"><img decoding=\"async\" width=\"300\" height=\"300\" src=\"https:\/\/agenciameridianos.com\/wp-content\/uploads\/2024\/09\/monteverde613176943-300x300.jpg\" class=\"attachment-woocommerce_thumbnail size-woocommerce_thumbnail\" alt=\"Monteverde Xtremo en las nubes\" srcset=\"https:\/\/agenciameridianos.com\/wp-content\/uploads\/2024\/09\/monteverde613176943-300x300.jpg 300w, https:\/\/agenciameridianos.com\/wp-content\/uploads\/2024\/09\/monteverde613176943-150x150.jpg 150w, https:\/\/agenciameridianos.com\/wp-content\/uploads\/2024\/09\/monteverde613176943-100x100.jpg 100w\" sizes=\"(max-width: 300px) 100vw, 300px\" \/><h2 class=\"woocommerce-loop-product__title\">Monteverde Xtremo en las nubes<\/h2>\n\t<span class=\"price\"><span class=\"woocommerce-Price-amount amount\"><bdi><span class=\"woocommerce-Price-currencySymbol\">USD $<\/span>99<\/bdi><\/span><\/span>\n <div class=\"cg-amenities\" style=\"font-family: 'Montserrat', sans-serif; color: black; text-transform: capitalize;\"><\/div>\r\n    <div class=\"cg-amenities\">                                <img decoding=\"async\" src=\"https:\/\/agenciameridianos.com\/wp-content\/uploads\/2024\/05\/Tours-Icon.svg\" title=\"tours\" style=\"width:40px; display: inline-block; margin: 0; padding: 0;\">\r\n                                    <img decoding=\"async\" src=\"https:\/\/agenciameridianos.com\/wp-content\/uploads\/2024\/05\/Breakfast2-Icon.svg\" title=\"desayunos\" style=\"width:40px; display: inline-block; margin: 0; padding: 0;\">\r\n                                    <img decoding=\"async\" src=\"https:\/\/agenciameridianos.com\/wp-content\/uploads\/2024\/05\/Lodging-Icon.svg\" title=\"hospedaje\" style=\"width:40px; display: inline-block; margin: 0; padding: 0;\">\r\n                        <\/div>\r\n    <\/a><div class=\"woocommerce-loop-product__buttons\"><a href=\"\/en\/wp-json\/wp\/v2\/pages\/17683?add-to-cart=21927\" aria-describedby=\"woocommerce_loop_add_to_cart_link_describedby_21927\" data-quantity=\"1\" class=\"button product_type_simple add_to_cart_button ajax_add_to_cart\" data-product_id=\"21927\" data-product_sku=\"\" aria-label=\"Add to cart\" rel=\"nofollow\" data-success_message=\"&ldquo;Monteverde Xtremo en las nubes&rdquo; has been added to your cart\">Add to cart<\/a><\/div>\t<span id=\"woocommerce_loop_add_to_cart_link_describedby_21927\" class=\"screen-reader-text\">\n\t\t\t<\/span>\n<\/li>\n<li class=\"product type-product post-17162 status-publish instock product_cat-conoce-costa-rica product_cat-montana product_cat-one-day product_cat-todos-los-paquetes product_tag-desde has-post-thumbnail shipping-taxable purchasable product-type-simple\">\n\t<a href=\"https:\/\/agenciameridianos.com\/en\/product\/atv-vista-los-suenos\/\" class=\"woocommerce-LoopProduct-link woocommerce-loop-product__link\"><img decoding=\"async\" width=\"300\" height=\"300\" src=\"https:\/\/agenciameridianos.com\/wp-content\/uploads\/2024\/04\/ATV_4-300x300.jpg\" class=\"attachment-woocommerce_thumbnail size-woocommerce_thumbnail\" alt=\"Conducci\u00f3n de ATV en un paisaje natural\" srcset=\"https:\/\/agenciameridianos.com\/wp-content\/uploads\/2024\/04\/ATV_4-300x300.jpg 300w, https:\/\/agenciameridianos.com\/wp-content\/uploads\/2024\/04\/ATV_4-150x150.jpg 150w, https:\/\/agenciameridianos.com\/wp-content\/uploads\/2024\/04\/ATV_4-100x100.jpg 100w\" sizes=\"(max-width: 300px) 100vw, 300px\" \/><h2 class=\"woocommerce-loop-product__title\">ATV \u2013 Vista Los Sue\u00f1os<\/h2>\n\t<span class=\"price\"><span class=\"woocommerce-Price-amount amount\"><bdi><span class=\"woocommerce-Price-currencySymbol\">USD $<\/span>170<\/bdi><\/span><\/span>\n <div class=\"cg-amenities\" style=\"font-family: 'Montserrat', sans-serif; color: black; text-transform: capitalize;\"><\/div>\r\n    <div class=\"cg-amenities\">                                <img decoding=\"async\" src=\"https:\/\/agenciameridianos.com\/wp-content\/uploads\/2024\/05\/Transport-icon.svg\" title=\"transporte\" style=\"width:40px; display: inline-block; margin: 0; padding: 0;\">\r\n                                    <img decoding=\"async\" src=\"https:\/\/agenciameridianos.com\/wp-content\/uploads\/2024\/05\/Tours-Icon.svg\" title=\"tours\" style=\"width:40px; display: inline-block; margin: 0; padding: 0;\">\r\n                                    <img decoding=\"async\" src=\"https:\/\/agenciameridianos.com\/wp-content\/uploads\/2024\/05\/Foods-Icon.svg\" title=\"alimentos\" style=\"width:40px; display: inline-block; margin: 0; padding: 0;\">\r\n                                    <img decoding=\"async\" src=\"https:\/\/agenciameridianos.com\/wp-content\/uploads\/2024\/05\/Tickets-Icon.svg\" title=\"entradas\" style=\"width:40px; display: inline-block; margin: 0; padding: 0;\">\r\n                        <\/div>\r\n    <\/a><div class=\"woocommerce-loop-product__buttons\"><a class=\"button wpt-custom-view-product-button\" href=\"https:\/\/agenciameridianos.com\/en\/product\/atv-vista-los-suenos\/\">Quote<\/a><\/div>\t<span id=\"woocommerce_loop_add_to_cart_link_describedby_17162\" class=\"screen-reader-text\">\n\t\t\t<\/span>\n<\/li>\n<li class=\"product type-product post-16779 status-publish last instock product_cat-conoce-el-mundo product_cat-cotizar product_cat-europa product_cat-todos-los-paquetes product_tag-desde has-post-thumbnail featured shipping-taxable purchasable product-type-simple\">\n\t<a href=\"https:\/\/agenciameridianos.com\/en\/product\/gran-escandinavia\/\" class=\"woocommerce-LoopProduct-link woocommerce-loop-product__link\"><img loading=\"lazy\" decoding=\"async\" width=\"300\" height=\"300\" src=\"https:\/\/agenciameridianos.com\/wp-content\/uploads\/2024\/05\/Gra_Escandinavia_G__1630564213-300x300.jpg\" class=\"attachment-woocommerce_thumbnail size-woocommerce_thumbnail\" alt=\"Vibrante Paisaje de Escandinavia con Monta\u00f1as y Lagos\" srcset=\"https:\/\/agenciameridianos.com\/wp-content\/uploads\/2024\/05\/Gra_Escandinavia_G__1630564213-300x300.jpg 300w, https:\/\/agenciameridianos.com\/wp-content\/uploads\/2024\/05\/Gra_Escandinavia_G__1630564213-150x150.jpg 150w, https:\/\/agenciameridianos.com\/wp-content\/uploads\/2024\/05\/Gra_Escandinavia_G__1630564213-100x100.jpg 100w\" sizes=\"(max-width: 300px) 100vw, 300px\" \/><h2 class=\"woocommerce-loop-product__title\">Gran Escandinavia<\/h2>\n\t<span class=\"price\"><span class=\"woocommerce-Price-amount amount\"><bdi><span class=\"woocommerce-Price-currencySymbol\">USD $<\/span>4,099<\/bdi><\/span><\/span>\n <div class=\"cg-amenities\" style=\"font-family: 'Montserrat', sans-serif; color: black; text-transform: capitalize;\"><\/div>\r\n    <div class=\"cg-amenities\">                                <img decoding=\"async\" src=\"https:\/\/agenciameridianos.com\/wp-content\/uploads\/2024\/05\/Flights-Icon.svg\" title=\"vuelos\" style=\"width:40px; display: inline-block; margin: 0; padding: 0;\">\r\n                                    <img decoding=\"async\" src=\"https:\/\/agenciameridianos.com\/wp-content\/uploads\/2024\/05\/Tours-Icon.svg\" title=\"tours\" style=\"width:40px; display: inline-block; margin: 0; padding: 0;\">\r\n                                    <img decoding=\"async\" src=\"https:\/\/agenciameridianos.com\/wp-content\/uploads\/2024\/05\/Guide-Icon.svg\" title=\"guia\" style=\"width:40px; display: inline-block; margin: 0; padding: 0;\">\r\n                                    <img decoding=\"async\" src=\"https:\/\/agenciameridianos.com\/wp-content\/uploads\/2024\/05\/Lodging-Icon.svg\" title=\"hospedaje\" style=\"width:40px; display: inline-block; margin: 0; padding: 0;\">\r\n                        <\/div>\r\n    <\/a><div class=\"woocommerce-loop-product__buttons\"><a class=\"button wpt-custom-view-product-button\" href=\"https:\/\/agenciameridianos.com\/en\/product\/gran-escandinavia\/\">Quote<\/a><\/div>\t<span id=\"woocommerce_loop_add_to_cart_link_describedby_16779\" class=\"screen-reader-text\">\n\t\t\t<\/span>\n<\/li>\n<\/ul>\n<\/div>\t\t\t\t<\/div>\n\t\t\t\t<\/div>\n\t\t\t\t\t<\/div>\n\t\t\t\t<\/div>\n\t\t\t\t<\/div>\n\t\t","protected":false},"excerpt":{"rendered":"<p>\u00bfYa te lo contamos? Todos nuestros paquetes son 100% personalizables. Para eso contamos con el mejor equipo de dise\u00f1adores de viajes listos para asistirte con cualquier necesidad o deseo que teng\u00e1s para disfrutar al m\u00e1ximo de una experiencia inolvidable. \u00a1Est\u00e1s en las mejores manos! Complet\u00e1 el siguiente formulario para obtener una cotizaci\u00f3n perfecta para vos. [&hellip;]<\/p>\n","protected":false},"author":4,"featured_media":0,"parent":0,"menu_order":0,"comment_status":"closed","ping_status":"closed","template":"elementor_header_footer","meta":{"_acf_changed":false,"footnotes":""},"class_list":["post-17683","page","type-page","status-publish","hentry"],"acf":[],"_links":{"self":[{"href":"https:\/\/agenciameridianos.com\/en\/wp-json\/wp\/v2\/pages\/17683","targetHints":{"allow":["GET"]}}],"collection":[{"href":"https:\/\/agenciameridianos.com\/en\/wp-json\/wp\/v2\/pages"}],"about":[{"href":"https:\/\/agenciameridianos.com\/en\/wp-json\/wp\/v2\/types\/page"}],"author":[{"embeddable":true,"href":"https:\/\/agenciameridianos.com\/en\/wp-json\/wp\/v2\/users\/4"}],"replies":[{"embeddable":true,"href":"https:\/\/agenciameridianos.com\/en\/wp-json\/wp\/v2\/comments?post=17683"}],"version-history":[{"count":0,"href":"https:\/\/agenciameridianos.com\/en\/wp-json\/wp\/v2\/pages\/17683\/revisions"}],"wp:attachment":[{"href":"https:\/\/agenciameridianos.com\/en\/wp-json\/wp\/v2\/media?parent=17683"}],"curies":[{"name":"wp","href":"https:\/\/api.w.org\/{rel}","templated":true}]}}