{"id":20809,"date":"2024-06-10T14:46:05","date_gmt":"2024-06-10T14:46:05","guid":{"rendered":"https:\/\/agenciameridianos.com\/?page_id=20809"},"modified":"2024-06-10T20:31:02","modified_gmt":"2024-06-10T20:31:02","slug":"carrito-2","status":"publish","type":"page","link":"https:\/\/agenciameridianos.com\/en\/carrito-2\/","title":{"rendered":"Carrito2"},"content":{"rendered":"<div data-elementor-type=\"wp-page\" data-elementor-id=\"20809\" class=\"elementor elementor-20809\" data-elementor-post-type=\"page\">\n\t\t\t\t<div class=\"elementor-element elementor-element-4cf66df e-flex e-con-boxed e-con e-parent\" data-id=\"4cf66df\" data-element_type=\"container\" data-e-type=\"container\">\n\t\t\t\t\t<div class=\"e-con-inner\">\n\t\t\t\t<div class=\"elementor-element elementor-element-05452dc elementor-widget elementor-widget-heading\" data-id=\"05452dc\" data-element_type=\"widget\" data-e-type=\"widget\" data-widget_type=\"heading.default\">\n\t\t\t\t<div class=\"elementor-widget-container\">\n\t\t\t\t\t<h2 class=\"elementor-heading-title elementor-size-default\">Cart<\/h2>\t\t\t\t<\/div>\n\t\t\t\t<\/div>\n\t\t\t\t\t<\/div>\n\t\t\t\t<\/div>\n\t\t<div class=\"elementor-element elementor-element-82c67d9 e-flex e-con-boxed e-con e-parent\" data-id=\"82c67d9\" data-element_type=\"container\" data-e-type=\"container\">\n\t\t\t\t\t<div class=\"e-con-inner\">\n\t\t\t\t\t<\/div>\n\t\t\t\t<\/div>\n\t\t<div class=\"elementor-element elementor-element-da60663 e-flex e-con-boxed e-con e-parent\" data-id=\"da60663\" data-element_type=\"container\" data-e-type=\"container\">\n\t\t\t\t\t<div class=\"e-con-inner\">\n\t\t\t\t\t<\/div>\n\t\t\t\t<\/div>\n\t\t\t\t<\/div>","protected":false},"excerpt":{"rendered":"<p>Carrito Remove item Thumbnail image Producto Precio Cantidad Subtotal &times; ATV \u2013 Vista Los Sue\u00f1os USD $170 ATV \u2013 Vista Los Sue\u00f1os cantidad USD $340 &times; Arm\u00e1 tu paquete a M\u00e9xico para el D\u00eda del Padre USD $750 Arm\u00e1 tu paquete a M\u00e9xico para el D\u00eda del Padre cantidad USD $750 Actualizar Carrito Aplicar Cup\u00f3n [&hellip;]<\/p>\n","protected":false},"author":4,"featured_media":0,"parent":0,"menu_order":0,"comment_status":"closed","ping_status":"closed","template":"elementor_header_footer","meta":{"_acf_changed":false,"footnotes":""},"class_list":["post-20809","page","type-page","status-publish","hentry"],"acf":[],"_links":{"self":[{"href":"https:\/\/agenciameridianos.com\/en\/wp-json\/wp\/v2\/pages\/20809","targetHints":{"allow":["GET"]}}],"collection":[{"href":"https:\/\/agenciameridianos.com\/en\/wp-json\/wp\/v2\/pages"}],"about":[{"href":"https:\/\/agenciameridianos.com\/en\/wp-json\/wp\/v2\/types\/page"}],"author":[{"embeddable":true,"href":"https:\/\/agenciameridianos.com\/en\/wp-json\/wp\/v2\/users\/4"}],"replies":[{"embeddable":true,"href":"https:\/\/agenciameridianos.com\/en\/wp-json\/wp\/v2\/comments?post=20809"}],"version-history":[{"count":0,"href":"https:\/\/agenciameridianos.com\/en\/wp-json\/wp\/v2\/pages\/20809\/revisions"}],"wp:attachment":[{"href":"https:\/\/agenciameridianos.com\/en\/wp-json\/wp\/v2\/media?parent=20809"}],"curies":[{"name":"wp","href":"https:\/\/api.w.org\/{rel}","templated":true}]}}