{"id":16600,"date":"2023-08-30T18:39:53","date_gmt":"2023-08-30T18:39:53","guid":{"rendered":"https:\/\/agenciameridianos.com\/web\/?post_type=product&#038;p=16600"},"modified":"2025-01-22T13:49:45","modified_gmt":"2025-01-22T13:49:45","slug":"patagonia","status":"publish","type":"product","link":"https:\/\/agenciameridianos.com\/en\/product\/patagonia\/","title":{"rendered":"Patagonia Argentina"},"content":{"rendered":"<p>From towering glaciers to vast plains and majestic mountain peaks, this journey will take you through untamed and breathtaking landscapes.<\/p>","protected":false},"excerpt":{"rendered":"<p>Explora la m\u00e1gica regi\u00f3n austral a medida que descubres la rica biodiversidad, conoce la belleza \u00fanica de la Patagonia.<\/p>","protected":false},"featured_media":16601,"template":"","meta":{"_acf_changed":false},"product_brand":[],"product_cat":[20,16,67,17],"product_tag":[18],"class_list":{"0":"post-16600","1":"product","2":"type-product","3":"status-publish","4":"has-post-thumbnail","6":"product_cat-america","7":"product_cat-conoce-el-mundo","8":"product_cat-cotizar","9":"product_cat-todos-los-paquetes","10":"product_tag-desde","12":"first","13":"instock","14":"featured","15":"shipping-taxable","16":"purchasable","17":"product-type-simple"},"acf":{"im_status":"enabled","days_for_delivery":"0","notas_importantes":"<ul>\r\n \t<li>No incluye excursiones ni gastos personales<\/li>\r\n \t<li>Tarifa sujeta a cambio y disponibilidad sin previo aviso<\/li>\r\n \t<li>Tarifa expresados en d\u00f3lares americanos<\/li>\r\n \t<li>Precio de boletos a\u00e9reos, pueden sufrir variaciones o cambios de horario<\/li>\r\n \t<li>Tarifa sujeta a cambio y disponibilidad sin previo aviso<\/li>\r\n<\/ul>"},"_links":{"self":[{"href":"https:\/\/agenciameridianos.com\/en\/wp-json\/wp\/v2\/product\/16600","targetHints":{"allow":["GET"]}}],"collection":[{"href":"https:\/\/agenciameridianos.com\/en\/wp-json\/wp\/v2\/product"}],"about":[{"href":"https:\/\/agenciameridianos.com\/en\/wp-json\/wp\/v2\/types\/product"}],"wp:featuredmedia":[{"embeddable":true,"href":"https:\/\/agenciameridianos.com\/en\/wp-json\/wp\/v2\/media\/16601"}],"wp:attachment":[{"href":"https:\/\/agenciameridianos.com\/en\/wp-json\/wp\/v2\/media?parent=16600"}],"wp:term":[{"taxonomy":"product_brand","embeddable":true,"href":"https:\/\/agenciameridianos.com\/en\/wp-json\/wp\/v2\/product_brand?post=16600"},{"taxonomy":"product_cat","embeddable":true,"href":"https:\/\/agenciameridianos.com\/en\/wp-json\/wp\/v2\/product_cat?post=16600"},{"taxonomy":"product_tag","embeddable":true,"href":"https:\/\/agenciameridianos.com\/en\/wp-json\/wp\/v2\/product_tag?post=16600"}],"curies":[{"name":"wp","href":"https:\/\/api.w.org\/{rel}","templated":true}]}}