{"id":16768,"date":"2023-09-21T11:38:29","date_gmt":"2023-09-21T11:38:29","guid":{"rendered":"https:\/\/agenciameridianos.com\/web\/?post_type=product&#038;p=16768"},"modified":"2024-08-09T20:45:19","modified_gmt":"2024-08-09T20:45:19","slug":"sueno-europa","status":"publish","type":"product","link":"https:\/\/agenciameridianos.com\/en\/product\/sueno-europa\/","title":{"rendered":"Dreams of Europe"},"content":{"rendered":"<p>From majestic cities to picturesque rural areas, this tour package will immerse you in Europe's rich history, culture and natural beauty.<\/p>","protected":false},"excerpt":{"rendered":"<p>Emb\u00e1rcate en un viaje de ensue\u00f1o a trav\u00e9s de las joyas culturales y paisajes impresionantes de Europa.<\/p>","protected":false},"featured_media":18042,"template":"","meta":{"_acf_changed":false},"product_brand":[],"product_cat":[16,67,19,17],"product_tag":[18],"class_list":{"0":"post-16768","1":"product","2":"type-product","3":"status-publish","4":"has-post-thumbnail","6":"product_cat-conoce-el-mundo","7":"product_cat-cotizar","8":"product_cat-europa","9":"product_cat-todos-los-paquetes","10":"product_tag-desde","12":"first","13":"instock","14":"featured","15":"shipping-taxable","16":"purchasable","17":"product-type-simple"},"acf":{"im_status":"enabled","days_for_delivery":0,"notas_importantes":"<ul>\r\n \t<li>No incluye excursiones ni gastos personales<\/li>\r\n \t<li>Tarifa sujeta a cambio y disponibilidad sin previo aviso<\/li>\r\n \t<li>Tarifa expresados en d\u00f3lares americanos<\/li>\r\n<\/ul>"},"_links":{"self":[{"href":"https:\/\/agenciameridianos.com\/en\/wp-json\/wp\/v2\/product\/16768","targetHints":{"allow":["GET"]}}],"collection":[{"href":"https:\/\/agenciameridianos.com\/en\/wp-json\/wp\/v2\/product"}],"about":[{"href":"https:\/\/agenciameridianos.com\/en\/wp-json\/wp\/v2\/types\/product"}],"wp:featuredmedia":[{"embeddable":true,"href":"https:\/\/agenciameridianos.com\/en\/wp-json\/wp\/v2\/media\/18042"}],"wp:attachment":[{"href":"https:\/\/agenciameridianos.com\/en\/wp-json\/wp\/v2\/media?parent=16768"}],"wp:term":[{"taxonomy":"product_brand","embeddable":true,"href":"https:\/\/agenciameridianos.com\/en\/wp-json\/wp\/v2\/product_brand?post=16768"},{"taxonomy":"product_cat","embeddable":true,"href":"https:\/\/agenciameridianos.com\/en\/wp-json\/wp\/v2\/product_cat?post=16768"},{"taxonomy":"product_tag","embeddable":true,"href":"https:\/\/agenciameridianos.com\/en\/wp-json\/wp\/v2\/product_tag?post=16768"}],"curies":[{"name":"wp","href":"https:\/\/api.w.org\/{rel}","templated":true}]}}