{"id":16779,"date":"2023-09-21T13:13:00","date_gmt":"2023-09-21T13:13:00","guid":{"rendered":"https:\/\/agenciameridianos.com\/web\/?post_type=product&#038;p=16779"},"modified":"2024-08-09T20:45:00","modified_gmt":"2024-08-09T20:45:00","slug":"gran-escandinavia","status":"publish","type":"product","link":"https:\/\/agenciameridianos.com\/en\/product\/gran-escandinavia\/","title":{"rendered":"Greater Scandinavia"},"content":{"rendered":"<p>Immerse yourself in a unique journey through the cultural, natural and historical treasures of Greater Scandinavia.<\/p>","protected":false},"excerpt":{"rendered":"<p>Este paquete te llevar\u00e1 a un fascinante recorrido por los pa\u00edses n\u00f3rdicos m\u00e1s impresionantes: Suecia, Noruega, Dinamarca y Finlandia.<\/p>","protected":false},"featured_media":18147,"template":"","meta":{"_acf_changed":false},"product_brand":[],"product_cat":[16,67,19,17],"product_tag":[18],"class_list":{"0":"post-16779","1":"product","2":"type-product","3":"status-publish","4":"has-post-thumbnail","6":"product_cat-conoce-el-mundo","7":"product_cat-cotizar","8":"product_cat-europa","9":"product_cat-todos-los-paquetes","10":"product_tag-desde","12":"first","13":"instock","14":"featured","15":"shipping-taxable","16":"purchasable","17":"product-type-simple"},"acf":{"im_status":"enabled","days_for_delivery":0,"notas_importantes":"<ul>\r\n \t<li>No incluye excursiones ni gastos personales<\/li>\r\n \t<li>Tarifa sujeta a cambio y disponibilidad sin previo aviso<\/li>\r\n \t<li>Tarifa expresados en d\u00f3lares americanos<\/li>\r\n<\/ul>"},"_links":{"self":[{"href":"https:\/\/agenciameridianos.com\/en\/wp-json\/wp\/v2\/product\/16779","targetHints":{"allow":["GET"]}}],"collection":[{"href":"https:\/\/agenciameridianos.com\/en\/wp-json\/wp\/v2\/product"}],"about":[{"href":"https:\/\/agenciameridianos.com\/en\/wp-json\/wp\/v2\/types\/product"}],"wp:featuredmedia":[{"embeddable":true,"href":"https:\/\/agenciameridianos.com\/en\/wp-json\/wp\/v2\/media\/18147"}],"wp:attachment":[{"href":"https:\/\/agenciameridianos.com\/en\/wp-json\/wp\/v2\/media?parent=16779"}],"wp:term":[{"taxonomy":"product_brand","embeddable":true,"href":"https:\/\/agenciameridianos.com\/en\/wp-json\/wp\/v2\/product_brand?post=16779"},{"taxonomy":"product_cat","embeddable":true,"href":"https:\/\/agenciameridianos.com\/en\/wp-json\/wp\/v2\/product_cat?post=16779"},{"taxonomy":"product_tag","embeddable":true,"href":"https:\/\/agenciameridianos.com\/en\/wp-json\/wp\/v2\/product_tag?post=16779"}],"curies":[{"name":"wp","href":"https:\/\/api.w.org\/{rel}","templated":true}]}}