{"id":16978,"date":"2023-11-21T10:47:42","date_gmt":"2023-11-21T10:47:42","guid":{"rendered":"https:\/\/agenciameridianos.com\/web\/?post_type=product&#038;p=16978"},"modified":"2025-01-22T13:46:06","modified_gmt":"2025-01-22T13:46:06","slug":"vietnam-tailandia","status":"publish","type":"product","link":"https:\/\/agenciameridianos.com\/en\/product\/vietnam-tailandia\/","title":{"rendered":"Vietnam, Cambodia and Thailand"},"content":{"rendered":"<p>Experience these three countries that offer tourists a unique experience, from the spirituality and serenity in Thailand to the rich history and culture in Cambodia, and the breathtaking scenery and delicious food in Vietnam.<\/p>","protected":false},"excerpt":{"rendered":"<p>Emb\u00e1rcate en una odisea fascinante a trav\u00e9s de Vietnam, Camboya y Tailandia, tres joyas del sudeste asi\u00e1tico que te cautivar\u00e1n con su encanto, su historia rica y sus paisajes impresionantes.<\/p>","protected":false},"featured_media":16979,"template":"","meta":{"_acf_changed":false},"product_brand":[],"product_cat":[25,67,21,17],"product_tag":[18],"class_list":{"0":"post-16978","1":"product","2":"type-product","3":"status-publish","4":"has-post-thumbnail","6":"product_cat-africa-y-asia","7":"product_cat-cotizar","8":"product_cat-premuim-and-delux","9":"product_cat-todos-los-paquetes","10":"product_tag-desde","12":"first","13":"instock","14":"featured","15":"shipping-taxable","16":"purchasable","17":"product-type-simple"},"acf":{"im_status":"enabled","days_for_delivery":"0","notas_importantes":"<ul>\r\n \t<li>Tarifa sujeta a cambio y disponibilidad sin previo aviso<\/li>\r\n \t<li>No incluye monto de visados:<\/li>\r\n \t<li>Camboya desde $90<\/li>\r\n \t<li>Tailandia desde $320<\/li>\r\n \t<li>Vietnam desde $70<\/li>\r\n \t<li>No incluye tours no mencionados<\/li>\r\n \t<li>No incluye servicios de alimentaci\u00f3n no mencionados<\/li>\r\n \t<li>No incluye servicios no especificados<\/li>\r\n<\/ul>"},"_links":{"self":[{"href":"https:\/\/agenciameridianos.com\/en\/wp-json\/wp\/v2\/product\/16978","targetHints":{"allow":["GET"]}}],"collection":[{"href":"https:\/\/agenciameridianos.com\/en\/wp-json\/wp\/v2\/product"}],"about":[{"href":"https:\/\/agenciameridianos.com\/en\/wp-json\/wp\/v2\/types\/product"}],"wp:featuredmedia":[{"embeddable":true,"href":"https:\/\/agenciameridianos.com\/en\/wp-json\/wp\/v2\/media\/16979"}],"wp:attachment":[{"href":"https:\/\/agenciameridianos.com\/en\/wp-json\/wp\/v2\/media?parent=16978"}],"wp:term":[{"taxonomy":"product_brand","embeddable":true,"href":"https:\/\/agenciameridianos.com\/en\/wp-json\/wp\/v2\/product_brand?post=16978"},{"taxonomy":"product_cat","embeddable":true,"href":"https:\/\/agenciameridianos.com\/en\/wp-json\/wp\/v2\/product_cat?post=16978"},{"taxonomy":"product_tag","embeddable":true,"href":"https:\/\/agenciameridianos.com\/en\/wp-json\/wp\/v2\/product_tag?post=16978"}],"curies":[{"name":"wp","href":"https:\/\/api.w.org\/{rel}","templated":true}]}}