{"id":17008,"date":"2023-11-21T16:12:09","date_gmt":"2023-11-21T16:12:09","guid":{"rendered":"https:\/\/agenciameridianos.com\/web\/?post_type=product&#038;p=17008"},"modified":"2024-08-09T20:37:05","modified_gmt":"2024-08-09T20:37:05","slug":"islas-mauricio","status":"publish","type":"product","link":"https:\/\/agenciameridianos.com\/en\/product\/islas-mauricio\/","title":{"rendered":"Mauritius Islands"},"content":{"rendered":"<p>Fall in love with the experience in a dreamy corner in the middle of the Indian Ocean: the Mauritius Islands. This tropical archipelago invites you to immerse yourself in a world of natural beauty and diverse culture.<\/p>","protected":false},"excerpt":{"rendered":"<p>La\u00a0isla\u00a0de\u00a0Mauricio\u00a0es una\u00a0isla\u00a0del oc\u00e9ano \u00cdndico, al este de Madagascar, incluida en el grupo de las Mascare\u00f1as<\/p>","protected":false},"featured_media":17009,"template":"","meta":{"_acf_changed":false},"product_brand":[],"product_cat":[25,67,21,17],"product_tag":[18],"class_list":{"0":"post-17008","1":"product","2":"type-product","3":"status-publish","4":"has-post-thumbnail","6":"product_cat-africa-y-asia","7":"product_cat-cotizar","8":"product_cat-premuim-and-delux","9":"product_cat-todos-los-paquetes","10":"product_tag-desde","12":"first","13":"instock","14":"featured","15":"shipping-taxable","16":"purchasable","17":"product-type-simple"},"acf":{"im_status":"enabled","days_for_delivery":0,"notas_importantes":"<ul>\r\n \t<li>No incluye excursiones ni gastos personales<\/li>\r\n \t<li>Tarifa sujeta a cambio y disponibilidad sin previo aviso<\/li>\r\n \t<li>Tarifa expresados en d\u00f3lares americanos<\/li>\r\n<\/ul>"},"_links":{"self":[{"href":"https:\/\/agenciameridianos.com\/en\/wp-json\/wp\/v2\/product\/17008","targetHints":{"allow":["GET"]}}],"collection":[{"href":"https:\/\/agenciameridianos.com\/en\/wp-json\/wp\/v2\/product"}],"about":[{"href":"https:\/\/agenciameridianos.com\/en\/wp-json\/wp\/v2\/types\/product"}],"wp:featuredmedia":[{"embeddable":true,"href":"https:\/\/agenciameridianos.com\/en\/wp-json\/wp\/v2\/media\/17009"}],"wp:attachment":[{"href":"https:\/\/agenciameridianos.com\/en\/wp-json\/wp\/v2\/media?parent=17008"}],"wp:term":[{"taxonomy":"product_brand","embeddable":true,"href":"https:\/\/agenciameridianos.com\/en\/wp-json\/wp\/v2\/product_brand?post=17008"},{"taxonomy":"product_cat","embeddable":true,"href":"https:\/\/agenciameridianos.com\/en\/wp-json\/wp\/v2\/product_cat?post=17008"},{"taxonomy":"product_tag","embeddable":true,"href":"https:\/\/agenciameridianos.com\/en\/wp-json\/wp\/v2\/product_tag?post=17008"}],"curies":[{"name":"wp","href":"https:\/\/api.w.org\/{rel}","templated":true}]}}