{"id":17134,"date":"2024-03-19T13:19:14","date_gmt":"2024-03-19T13:19:14","guid":{"rendered":"https:\/\/agenciameridianos.com\/web\/?post_type=product&#038;p=17134"},"modified":"2025-01-22T13:38:41","modified_gmt":"2025-01-22T13:38:41","slug":"dubai-madrid","status":"publish","type":"product","link":"https:\/\/agenciameridianos.com\/en\/product\/dubai-madrid\/","title":{"rendered":"Dubai and Madrid"},"content":{"rendered":"<p>Dubai and Abu Dhabi are two of the most vibrant and modern cities in the United Arab Emirates, each with its own unique charm and attractions that draw millions of tourists from around the world. Dubai, known as the \u201cCity of the Future,\u201d is famous for its impressive skyline of skyscrapers, luxury shopping malls, world-class hotels and a variety of iconic tourist attractions.<\/p>","protected":false},"excerpt":{"rendered":"<p>Dub\u00e1i y Abu Dabi son destinos impresionantes que ofrecen una combinaci\u00f3n \u00fanica de lujo, cultura y aventura. En Dub\u00e1i, marav\u00edllate con sus rascacielos futuristas, las islas artificiales y los lujosos centros comerciales<\/p>","protected":false},"featured_media":17135,"template":"","meta":{"_acf_changed":false},"product_brand":[],"product_cat":[25,16,67,19,17],"product_tag":[18],"class_list":{"0":"post-17134","1":"product","2":"type-product","3":"status-publish","4":"has-post-thumbnail","6":"product_cat-africa-y-asia","7":"product_cat-conoce-el-mundo","8":"product_cat-cotizar","9":"product_cat-europa","10":"product_cat-todos-los-paquetes","11":"product_tag-desde","13":"first","14":"instock","15":"featured","16":"shipping-taxable","17":"purchasable","18":"product-type-simple"},"acf":{"im_status":"enabled","days_for_delivery":"0","notas_importantes":"<ul>\r\n \t<li>Tarifas por persona.<\/li>\r\n \t<li>Pasaporte v\u00e1lido por 6 meses.<\/li>\r\n \t<li>La tarifa de los boletos a\u00e9reos puede sufrir variaciones.<\/li>\r\n \t<li>Tarifas no reembolsables, no endosables, no permite cambios.<\/li>\r\n \t<li>No incluye gastos no mencionados.<\/li>\r\n \t<li>No incluye traslados en Madrid.<\/li>\r\n \t<li>No incluye noche de conexi\u00f3n en Madrid a la llegada.<\/li>\r\n \t<li>Precio por persona en d\u00f3lares americanos.<\/li>\r\n \t<li>Tarifas sujetas a cambios y disponibilidad sin previo aviso.<\/li>\r\n<\/ul>"},"_links":{"self":[{"href":"https:\/\/agenciameridianos.com\/en\/wp-json\/wp\/v2\/product\/17134","targetHints":{"allow":["GET"]}}],"collection":[{"href":"https:\/\/agenciameridianos.com\/en\/wp-json\/wp\/v2\/product"}],"about":[{"href":"https:\/\/agenciameridianos.com\/en\/wp-json\/wp\/v2\/types\/product"}],"wp:featuredmedia":[{"embeddable":true,"href":"https:\/\/agenciameridianos.com\/en\/wp-json\/wp\/v2\/media\/17135"}],"wp:attachment":[{"href":"https:\/\/agenciameridianos.com\/en\/wp-json\/wp\/v2\/media?parent=17134"}],"wp:term":[{"taxonomy":"product_brand","embeddable":true,"href":"https:\/\/agenciameridianos.com\/en\/wp-json\/wp\/v2\/product_brand?post=17134"},{"taxonomy":"product_cat","embeddable":true,"href":"https:\/\/agenciameridianos.com\/en\/wp-json\/wp\/v2\/product_cat?post=17134"},{"taxonomy":"product_tag","embeddable":true,"href":"https:\/\/agenciameridianos.com\/en\/wp-json\/wp\/v2\/product_tag?post=17134"}],"curies":[{"name":"wp","href":"https:\/\/api.w.org\/{rel}","templated":true}]}}