{"id":17138,"date":"2024-03-19T16:07:14","date_gmt":"2024-03-19T16:07:14","guid":{"rendered":"https:\/\/agenciameridianos.com\/web\/?post_type=product&#038;p=17138"},"modified":"2025-01-22T13:37:16","modified_gmt":"2025-01-22T13:37:16","slug":"madeira-multicolor","status":"publish","type":"product","link":"https:\/\/agenciameridianos.com\/en\/product\/madeira-multicolor\/","title":{"rendered":"Multicolored wood"},"content":{"rendered":"<p>Madeira Island is a truly magical tourist destination that captivates visitors with its natural beauty, rich culture and welcoming atmosphere. Whether exploring its breathtaking scenery, enjoying its delicious food or immersing oneself in its fascinating history, Madeira offers an unforgettable experience for all who visit.<\/p>","protected":false},"excerpt":{"rendered":"<p>Pero el viaje no se detiene ah\u00ed. Despu\u00e9s de Andaluc\u00eda, nos aventuramos por Marruecos durante una semana, donde el exotismo, la gastronom\u00eda, la cultura y la naturaleza se mezclan con la historia de Al Andalus, ofreci\u00e9ndote experiencias inolvidables.<\/p>","protected":false},"featured_media":18065,"template":"","meta":{"_acf_changed":false},"product_brand":[],"product_cat":[16,67,19,17],"product_tag":[18],"class_list":{"0":"post-17138","1":"product","2":"type-product","3":"status-publish","4":"has-post-thumbnail","6":"product_cat-conoce-el-mundo","7":"product_cat-cotizar","8":"product_cat-europa","9":"product_cat-todos-los-paquetes","10":"product_tag-desde","12":"first","13":"instock","14":"featured","15":"shipping-taxable","16":"purchasable","17":"product-type-simple"},"acf":{"im_status":"enabled","days_for_delivery":"0","notas_importantes":"<ul>\r\n \t<li>Tarifas por persona.<\/li>\r\n \t<li>Tarifa de compra inmediata.<\/li>\r\n \t<li>NO incluye noches adicionales en Madrid por vuelo de conexi\u00f3n.<\/li>\r\n \t<li>Esta es una cotizaci\u00f3n; no hay nada reservado ni confirmado.<\/li>\r\n \t<li>Tarifas sujetas a cambios sin previo aviso y sujetas a disponibilidad.<\/li>\r\n \t<li>Tarifas no reembolsables, no endosables, no permiten cambios.<\/li>\r\n<\/ul>"},"_links":{"self":[{"href":"https:\/\/agenciameridianos.com\/en\/wp-json\/wp\/v2\/product\/17138","targetHints":{"allow":["GET"]}}],"collection":[{"href":"https:\/\/agenciameridianos.com\/en\/wp-json\/wp\/v2\/product"}],"about":[{"href":"https:\/\/agenciameridianos.com\/en\/wp-json\/wp\/v2\/types\/product"}],"wp:featuredmedia":[{"embeddable":true,"href":"https:\/\/agenciameridianos.com\/en\/wp-json\/wp\/v2\/media\/18065"}],"wp:attachment":[{"href":"https:\/\/agenciameridianos.com\/en\/wp-json\/wp\/v2\/media?parent=17138"}],"wp:term":[{"taxonomy":"product_brand","embeddable":true,"href":"https:\/\/agenciameridianos.com\/en\/wp-json\/wp\/v2\/product_brand?post=17138"},{"taxonomy":"product_cat","embeddable":true,"href":"https:\/\/agenciameridianos.com\/en\/wp-json\/wp\/v2\/product_cat?post=17138"},{"taxonomy":"product_tag","embeddable":true,"href":"https:\/\/agenciameridianos.com\/en\/wp-json\/wp\/v2\/product_tag?post=17138"}],"curies":[{"name":"wp","href":"https:\/\/api.w.org\/{rel}","templated":true}]}}