{"id":17162,"date":"2024-04-23T07:15:36","date_gmt":"2024-04-23T07:15:36","guid":{"rendered":"https:\/\/agenciameridianos.com\/web\/?post_type=product&#038;p=17162"},"modified":"2024-09-06T15:25:19","modified_gmt":"2024-09-06T15:25:19","slug":"atv-vista-los-suenos","status":"publish","type":"product","link":"https:\/\/agenciameridianos.com\/en\/product\/atv-vista-los-suenos\/","title":{"rendered":"ATV - Vista Los Sue\u00f1os"},"content":{"rendered":"<p>Explore your dreams in Herradura with our adventure-filled day tour: enjoy thrilling ATV rides through nature and feel the adrenaline rush as you slide down the canopy - an unforgettable experience awaits you!<\/p>","protected":false},"excerpt":{"rendered":"<p>Explore your dreams in Herradura with our adventure-filled day tour: enjoy thrilling ATV rides through nature and feel the adrenaline rush as you slide down the canopy - an unforgettable experience awaits you!<\/p>","protected":false},"featured_media":18661,"template":"","meta":{"_acf_changed":false},"product_brand":[],"product_cat":[22,23,68,17],"product_tag":[18],"class_list":{"0":"post-17162","1":"product","2":"type-product","3":"status-publish","4":"has-post-thumbnail","6":"product_cat-conoce-costa-rica","7":"product_cat-montana","8":"product_cat-one-day","9":"product_cat-todos-los-paquetes","10":"product_tag-desde","12":"first","13":"instock","14":"shipping-taxable","15":"purchasable","16":"product-type-simple"},"acf":{"im_status":"enabled","days_for_delivery":0,"notas_importantes":"<ul>\r\n \t<li>Tarifas por persona.<\/li>\r\n \t<li>Tarifas en d\u00f3lares estadounidenses.<\/li>\r\n \t<li>Disponibilidad sujeta a cambios sin previo aviso.<\/li>\r\n \t<li>Para realizar el tour desde San Jos\u00e9 se requiere un m\u00ednimo de pasajeros (consulte previo a su reservaci\u00f3n).<\/li>\r\n \t<li>Es indispensable llevar una tarjeta de cr\u00e9dito que cubra como dep\u00f3sito de garant\u00eda en caso de da\u00f1os a los veh\u00edculos o al equipo.<\/li>\r\n<\/ul>"},"_links":{"self":[{"href":"https:\/\/agenciameridianos.com\/en\/wp-json\/wp\/v2\/product\/17162","targetHints":{"allow":["GET"]}}],"collection":[{"href":"https:\/\/agenciameridianos.com\/en\/wp-json\/wp\/v2\/product"}],"about":[{"href":"https:\/\/agenciameridianos.com\/en\/wp-json\/wp\/v2\/types\/product"}],"wp:featuredmedia":[{"embeddable":true,"href":"https:\/\/agenciameridianos.com\/en\/wp-json\/wp\/v2\/media\/18661"}],"wp:attachment":[{"href":"https:\/\/agenciameridianos.com\/en\/wp-json\/wp\/v2\/media?parent=17162"}],"wp:term":[{"taxonomy":"product_brand","embeddable":true,"href":"https:\/\/agenciameridianos.com\/en\/wp-json\/wp\/v2\/product_brand?post=17162"},{"taxonomy":"product_cat","embeddable":true,"href":"https:\/\/agenciameridianos.com\/en\/wp-json\/wp\/v2\/product_cat?post=17162"},{"taxonomy":"product_tag","embeddable":true,"href":"https:\/\/agenciameridianos.com\/en\/wp-json\/wp\/v2\/product_tag?post=17162"}],"curies":[{"name":"wp","href":"https:\/\/api.w.org\/{rel}","templated":true}]}}