{"id":17170,"date":"2024-04-23T07:29:10","date_gmt":"2024-04-23T07:29:10","guid":{"rendered":"https:\/\/agenciameridianos.com\/web\/?post_type=product&#038;p=17170"},"modified":"2024-11-01T17:13:15","modified_gmt":"2024-11-01T17:13:15","slug":"dreams-las-mareas","status":"publish","type":"product","link":"https:\/\/agenciameridianos.com\/en\/product\/dreams-las-mareas\/","title":{"rendered":"Dreams las Mareas"},"content":{"rendered":"<p>Enjoy an unforgettable vacation in paradise by staying at the luxurious Dreams Las Mareas hotel. Immerse yourself in the natural beauty of Costa Rica while relaxing at this exclusive all-inclusive resort.<\/p>","protected":false},"excerpt":{"rendered":"<p>Disfruta de deliciosas comidas, bebidas ilimitadas, actividades emocionantes y una atenci\u00f3n excepcional en un entorno paradis\u00edaco junto al mar.<\/p>","protected":false},"featured_media":17171,"template":"","meta":{"_acf_changed":false},"product_brand":[],"product_cat":[22,67,24,17],"product_tag":[18],"class_list":{"0":"post-17170","1":"product","2":"type-product","3":"status-publish","4":"has-post-thumbnail","6":"product_cat-conoce-costa-rica","7":"product_cat-cotizar","8":"product_cat-playa","9":"product_cat-todos-los-paquetes","10":"product_tag-desde","12":"first","13":"instock","14":"shipping-taxable","15":"purchasable","16":"product-type-simple"},"acf":{"im_status":"enabled","days_for_delivery":0,"notas_importantes":"<ul>\r\n \t<li>Tarifas por persona por noche.<\/li>\r\n \t<li>Impuestos incluidos.<\/li>\r\n \t<li>Tarifa v\u00e1lida en ocupaci\u00f3n doble.<\/li>\r\n \t<li>Tarifa en d\u00f3lares estadounidenses.<\/li>\r\n \t<li>Pagos en colones, se har\u00e1n el tipo de cambio del d\u00eda de cada dep\u00f3sito.<\/li>\r\n \t<li>Tarifa sujeta a cambios sin previo aviso.<\/li>\r\n \t<li>Los ni\u00f1os entran gratis al llevar un juguete que ser\u00e1 donado para ni\u00f1os de bajos recursos. En caso de no presentar el juguete, se tendr\u00e1 que pagar $59 por ni\u00f1o por noche.<\/li>\r\n \t<li>Disponibilidad de habitaciones sujeta a ocupaci\u00f3n del hotel.<\/li>\r\n \t<li>Se requiere un m\u00ednimo de 2 adultos para aplicar la tarifa.<\/li>\r\n \t<li>Reservas para viernes y s\u00e1bados se requiere un m\u00ednimo de 2 noches.<\/li>\r\n \t<li>Para adolescentes, se le solicitar\u00e1 la c\u00e9dula a la hora del ingreso al hotel.<\/li>\r\n<\/ul>"},"_links":{"self":[{"href":"https:\/\/agenciameridianos.com\/en\/wp-json\/wp\/v2\/product\/17170","targetHints":{"allow":["GET"]}}],"collection":[{"href":"https:\/\/agenciameridianos.com\/en\/wp-json\/wp\/v2\/product"}],"about":[{"href":"https:\/\/agenciameridianos.com\/en\/wp-json\/wp\/v2\/types\/product"}],"wp:featuredmedia":[{"embeddable":true,"href":"https:\/\/agenciameridianos.com\/en\/wp-json\/wp\/v2\/media\/17171"}],"wp:attachment":[{"href":"https:\/\/agenciameridianos.com\/en\/wp-json\/wp\/v2\/media?parent=17170"}],"wp:term":[{"taxonomy":"product_brand","embeddable":true,"href":"https:\/\/agenciameridianos.com\/en\/wp-json\/wp\/v2\/product_brand?post=17170"},{"taxonomy":"product_cat","embeddable":true,"href":"https:\/\/agenciameridianos.com\/en\/wp-json\/wp\/v2\/product_cat?post=17170"},{"taxonomy":"product_tag","embeddable":true,"href":"https:\/\/agenciameridianos.com\/en\/wp-json\/wp\/v2\/product_tag?post=17170"}],"curies":[{"name":"wp","href":"https:\/\/api.w.org\/{rel}","templated":true}]}}