{"id":17199,"date":"2024-04-23T11:18:01","date_gmt":"2024-04-23T11:18:01","guid":{"rendered":"https:\/\/agenciameridianos.com\/web\/?post_type=product&#038;p=17199"},"modified":"2024-11-01T17:14:57","modified_gmt":"2024-11-01T17:14:57","slug":"hospedaje-en-riu-guanacaste","status":"publish","type":"product","link":"https:\/\/agenciameridianos.com\/en\/product\/hospedaje-en-riu-guanacaste\/","title":{"rendered":"Lodging at RIU Guanacaste"},"content":{"rendered":"<p>Live one of the best experiences in this 5 star resort located in Matapalo Beach. Fun, entertainment, drinks, food and relaxation are part of everything that awaits you in this small vacation in the North Pacific of Costa Rica.<\/p>","protected":false},"excerpt":{"rendered":"<p>Live one of the best experiences in this 5 star resort located in Matapalo Beach. Fun, entertainment, drinks, food and relaxation are part of everything that awaits you in this small vacation in the North Pacific of Costa Rica.<\/p>","protected":false},"featured_media":17200,"template":"","meta":{"_acf_changed":false},"product_brand":[],"product_cat":[22,67,24,17],"product_tag":[18],"class_list":{"0":"post-17199","1":"product","2":"type-product","3":"status-publish","4":"has-post-thumbnail","6":"product_cat-conoce-costa-rica","7":"product_cat-cotizar","8":"product_cat-playa","9":"product_cat-todos-los-paquetes","10":"product_tag-desde","12":"first","13":"instock","14":"shipping-taxable","15":"purchasable","16":"product-type-simple"},"acf":{"im_status":"enabled","days_for_delivery":0,"notas_importantes":"<ul>\r\n \t<li>Tarifas por persona por noche.<\/li>\r\n \t<li>Impuestos incluidos.<\/li>\r\n \t<li>Tarifa v\u00e1lida en ocupaci\u00f3n doble.<\/li>\r\n \t<li>Tarifa y disponibilidad sujeta a cambios sin previo aviso.<\/li>\r\n \t<li>Tarifa aplica en habitaci\u00f3n doble est\u00e1ndar.<\/li>\r\n \t<li>Se requiere un m\u00ednimo de 2 adultos para aplicar la tarifa.<\/li>\r\n \t<li>Tarifa aplicable para m\u00ednimo 2 noches de hospedaje.<\/li>\r\n \t<li>Ni\u00f1os de 2 a 12 a\u00f1os acompa\u00f1ados de dos adultos, reciben tarifa especial.<\/li>\r\n<\/ul>"},"_links":{"self":[{"href":"https:\/\/agenciameridianos.com\/en\/wp-json\/wp\/v2\/product\/17199","targetHints":{"allow":["GET"]}}],"collection":[{"href":"https:\/\/agenciameridianos.com\/en\/wp-json\/wp\/v2\/product"}],"about":[{"href":"https:\/\/agenciameridianos.com\/en\/wp-json\/wp\/v2\/types\/product"}],"wp:featuredmedia":[{"embeddable":true,"href":"https:\/\/agenciameridianos.com\/en\/wp-json\/wp\/v2\/media\/17200"}],"wp:attachment":[{"href":"https:\/\/agenciameridianos.com\/en\/wp-json\/wp\/v2\/media?parent=17199"}],"wp:term":[{"taxonomy":"product_brand","embeddable":true,"href":"https:\/\/agenciameridianos.com\/en\/wp-json\/wp\/v2\/product_brand?post=17199"},{"taxonomy":"product_cat","embeddable":true,"href":"https:\/\/agenciameridianos.com\/en\/wp-json\/wp\/v2\/product_cat?post=17199"},{"taxonomy":"product_tag","embeddable":true,"href":"https:\/\/agenciameridianos.com\/en\/wp-json\/wp\/v2\/product_tag?post=17199"}],"curies":[{"name":"wp","href":"https:\/\/api.w.org\/{rel}","templated":true}]}}