{"id":17201,"date":"2024-04-23T11:26:57","date_gmt":"2024-04-23T11:26:57","guid":{"rendered":"https:\/\/agenciameridianos.com\/web\/?post_type=product&#038;p=17201"},"modified":"2025-01-22T13:35:08","modified_gmt":"2025-01-22T13:35:08","slug":"descubriendo-tailandia","status":"publish","type":"product","link":"https:\/\/agenciameridianos.com\/en\/product\/descubriendo-tailandia\/","title":{"rendered":"Discovering Thailand"},"content":{"rendered":"<p>The gateway to Southeast Asia attracts more visitors than any other country in the region thanks to its beautiful natural beauty, ornate temples, unique cuisine, and ancient ruins and kingdoms. You will experience an attractive and unique culture, tasty food, meditation, Buddhist temples and markets that are alive even at night.<\/p>","protected":false},"excerpt":{"rendered":"<p>T\u00fa experimentar\u00e1s una atractiva y \u00fanica cultura, comida sabrosa, meditaci\u00f3n, templos budistas y mercados que est\u00e1n vivos incluso de noche.<\/p>","protected":false},"featured_media":17815,"template":"","meta":{"_acf_changed":false},"product_brand":[],"product_cat":[25,16,67,17],"product_tag":[18],"class_list":{"0":"post-17201","1":"product","2":"type-product","3":"status-publish","4":"has-post-thumbnail","6":"product_cat-africa-y-asia","7":"product_cat-conoce-el-mundo","8":"product_cat-cotizar","9":"product_cat-todos-los-paquetes","10":"product_tag-desde","12":"first","13":"instock","14":"shipping-taxable","15":"purchasable","16":"product-type-simple"},"acf":{"im_status":"enabled","days_for_delivery":"0","notas_importantes":"<ul>\r\n \t<li>Tarifas por persona.<\/li>\r\n \t<li>Esto es una cotizaci\u00f3n, no hay nada reservado ni confirmado.<\/li>\r\n \t<li>Tarifas sujetas a cambios sin previo aviso y sujeta a disponibilidad.<\/li>\r\n \t<li>No incluye gastos personales ni propinas.<\/li>\r\n \t<li>Tarifas no reembolsables, no endosables, no permite cambios.<\/li>\r\n \t<li>Tarifas pueden sufrir variaciones o cambios de horario*<\/li>\r\n \t<li>Tarifa expresados en d\u00f3lares americanos.<\/li>\r\n<\/ul>"},"_links":{"self":[{"href":"https:\/\/agenciameridianos.com\/en\/wp-json\/wp\/v2\/product\/17201","targetHints":{"allow":["GET"]}}],"collection":[{"href":"https:\/\/agenciameridianos.com\/en\/wp-json\/wp\/v2\/product"}],"about":[{"href":"https:\/\/agenciameridianos.com\/en\/wp-json\/wp\/v2\/types\/product"}],"wp:featuredmedia":[{"embeddable":true,"href":"https:\/\/agenciameridianos.com\/en\/wp-json\/wp\/v2\/media\/17815"}],"wp:attachment":[{"href":"https:\/\/agenciameridianos.com\/en\/wp-json\/wp\/v2\/media?parent=17201"}],"wp:term":[{"taxonomy":"product_brand","embeddable":true,"href":"https:\/\/agenciameridianos.com\/en\/wp-json\/wp\/v2\/product_brand?post=17201"},{"taxonomy":"product_cat","embeddable":true,"href":"https:\/\/agenciameridianos.com\/en\/wp-json\/wp\/v2\/product_cat?post=17201"},{"taxonomy":"product_tag","embeddable":true,"href":"https:\/\/agenciameridianos.com\/en\/wp-json\/wp\/v2\/product_tag?post=17201"}],"curies":[{"name":"wp","href":"https:\/\/api.w.org\/{rel}","templated":true}]}}