{"id":17269,"date":"2024-03-19T15:34:49","date_gmt":"2024-03-19T15:34:49","guid":{"rendered":"https:\/\/agenciameridianos.com\/web\/?post_type=product&#038;p=17269"},"modified":"2025-01-22T13:38:03","modified_gmt":"2025-01-22T13:38:03","slug":"camino-alejandro-magno","status":"publish","type":"product","link":"https:\/\/agenciameridianos.com\/en\/product\/camino-alejandro-magno\/","title":{"rendered":"The Path of Alexander the Great"},"content":{"rendered":"<p>Albania, a country full of history and natural beauty, is known for being the birthplace of one of the most iconic figures of antiquity: Alexander the Great. Although he was born in Pella, in what is now Greece, Alexander the Great spent much of his childhood and youth in the region of Epirus, which is now part of Albania.<\/p>","protected":false},"excerpt":{"rendered":"<p>Conocer el tour de Alejandro Magno es sumergirse en la fascinante historia de uno de los l\u00edderes m\u00e1s influyentes de la antig\u00fcedad. Desde las batallas \u00e9picas que forjaron su imperio hasta los lugares que marc\u00f3 con su legado, este recorrido te lleva a trav\u00e9s de las huellas de su conquista.<\/p>","protected":false},"featured_media":18176,"template":"","meta":{"_acf_changed":false},"product_brand":[],"product_cat":[16,67,19,17],"product_tag":[18],"class_list":{"0":"post-17269","1":"product","2":"type-product","3":"status-publish","4":"has-post-thumbnail","6":"product_cat-conoce-el-mundo","7":"product_cat-cotizar","8":"product_cat-europa","9":"product_cat-todos-los-paquetes","10":"product_tag-desde","12":"first","13":"instock","14":"featured","15":"shipping-taxable","16":"purchasable","17":"product-type-simple"},"acf":{"im_status":"enabled","days_for_delivery":"0","notas_importantes":"<ul>\r\n \t<li>No incluye excursiones ni gastos personales<\/li>\r\n \t<li>Tarifa sujeta a cambio y disponibilidad sin previo aviso<\/li>\r\n \t<li>Tarifa expresados en d\u00f3lares americanos<\/li>\r\n<\/ul>"},"_links":{"self":[{"href":"https:\/\/agenciameridianos.com\/en\/wp-json\/wp\/v2\/product\/17269","targetHints":{"allow":["GET"]}}],"collection":[{"href":"https:\/\/agenciameridianos.com\/en\/wp-json\/wp\/v2\/product"}],"about":[{"href":"https:\/\/agenciameridianos.com\/en\/wp-json\/wp\/v2\/types\/product"}],"wp:featuredmedia":[{"embeddable":true,"href":"https:\/\/agenciameridianos.com\/en\/wp-json\/wp\/v2\/media\/18176"}],"wp:attachment":[{"href":"https:\/\/agenciameridianos.com\/en\/wp-json\/wp\/v2\/media?parent=17269"}],"wp:term":[{"taxonomy":"product_brand","embeddable":true,"href":"https:\/\/agenciameridianos.com\/en\/wp-json\/wp\/v2\/product_brand?post=17269"},{"taxonomy":"product_cat","embeddable":true,"href":"https:\/\/agenciameridianos.com\/en\/wp-json\/wp\/v2\/product_cat?post=17269"},{"taxonomy":"product_tag","embeddable":true,"href":"https:\/\/agenciameridianos.com\/en\/wp-json\/wp\/v2\/product_tag?post=17269"}],"curies":[{"name":"wp","href":"https:\/\/api.w.org\/{rel}","templated":true}]}}