{"id":21152,"date":"2024-07-02T16:18:40","date_gmt":"2024-07-02T16:18:40","guid":{"rendered":"https:\/\/agenciameridianos.com\/?post_type=product&#038;p=21152"},"modified":"2024-11-27T16:09:27","modified_gmt":"2024-11-27T16:09:27","slug":"panama-san-blas-con-compras","status":"publish","type":"product","link":"https:\/\/agenciameridianos.com\/en\/product\/panama-san-blas-con-compras\/","title":{"rendered":"Panama San Blas with Shopping"},"content":{"rendered":"<p>Enjoy an unforgettable day tour in Panama in the famous San Blas archipelago. Enjoy a day of sightseeing aboard the City Sightseeing buses touring emblematic places of Panama City such as the Casco Antiguo, the Panama Canal and Point Panama. Finishing the trip with a shopping tour in two shopping malls.<\/p>","protected":false},"excerpt":{"rendered":"<p>Disfruta en Panam\u00e1 de un tour de un d\u00eda inolvidable en el famoso archipi\u00e9lago de San Blas. Goza de un d\u00eda de paseo a bordo de los buses tur\u00edsticos City Sightseeing recorriendo lugares emblem\u00e1ticos de la Ciudad de Panam\u00e1 como el Casco Antiguo, el canal de Panam\u00e1 y Point Panam\u00e1. Finalizando el viaje con un [&hellip;]<\/p>\n","protected":false},"featured_media":21182,"template":"","meta":{"_acf_changed":false},"product_brand":[],"product_cat":[20,54,17],"product_tag":[],"class_list":{"0":"post-21152","1":"product","2":"type-product","3":"status-publish","4":"has-post-thumbnail","6":"product_cat-america","7":"product_cat-cryptogateway","8":"product_cat-todos-los-paquetes","10":"first","11":"instock","12":"shipping-taxable","13":"purchasable","14":"product-type-simple"},"acf":{"im_status":"enabled","days_for_delivery":0,"notas_importantes":"<ul>\r\n \t<li>No incluye propinas.<\/li>\r\n \t<li>No incluye gastos personales.<\/li>\r\n \t<li>Tarifa sujeta a cambio, sin previo aviso.<\/li>\r\n \t<li>Tarifa expresados en d\u00f3lares americanos.<\/li>\r\n \t<li>Llevar pasaporte al tour de San Blas.<\/li>\r\n \t<li>No incluye Impuestos de salida terrestres $8.00 por persona.<\/li>\r\n \t<li>No incluye entrada al Canal de Panam\u00e1 $20.00 por persona.<\/li>\r\n \t<li>No incluye actividades en The Point.<\/li>\r\n \t<li>No incluye alimentaci\u00f3n no mencionada.<\/li>\r\n \t<li>Asistencia de viaje (recomendada).<\/li>\r\n<\/ul>"},"_links":{"self":[{"href":"https:\/\/agenciameridianos.com\/en\/wp-json\/wp\/v2\/product\/21152","targetHints":{"allow":["GET"]}}],"collection":[{"href":"https:\/\/agenciameridianos.com\/en\/wp-json\/wp\/v2\/product"}],"about":[{"href":"https:\/\/agenciameridianos.com\/en\/wp-json\/wp\/v2\/types\/product"}],"wp:featuredmedia":[{"embeddable":true,"href":"https:\/\/agenciameridianos.com\/en\/wp-json\/wp\/v2\/media\/21182"}],"wp:attachment":[{"href":"https:\/\/agenciameridianos.com\/en\/wp-json\/wp\/v2\/media?parent=21152"}],"wp:term":[{"taxonomy":"product_brand","embeddable":true,"href":"https:\/\/agenciameridianos.com\/en\/wp-json\/wp\/v2\/product_brand?post=21152"},{"taxonomy":"product_cat","embeddable":true,"href":"https:\/\/agenciameridianos.com\/en\/wp-json\/wp\/v2\/product_cat?post=21152"},{"taxonomy":"product_tag","embeddable":true,"href":"https:\/\/agenciameridianos.com\/en\/wp-json\/wp\/v2\/product_tag?post=21152"}],"curies":[{"name":"wp","href":"https:\/\/api.w.org\/{rel}","templated":true}]}}