{"id":21500,"date":"2024-09-03T17:37:38","date_gmt":"2024-09-03T17:37:38","guid":{"rendered":"https:\/\/agenciameridianos.com\/?post_type=product&#038;p=21500"},"modified":"2024-11-01T17:11:49","modified_gmt":"2024-11-01T17:11:49","slug":"costaricapuravida","status":"publish","type":"product","link":"https:\/\/agenciameridianos.com\/en\/product\/costaricapuravida\/","title":{"rendered":"Costa Rica Pura Vida"},"content":{"rendered":"<p>Emb\u00e1rcate en una aventura \u00fanica con nuestro paquete &#8220;Costa Rica Pura Vida&#8221;. Desde la energ\u00eda vibrante de San Jos\u00e9 hasta la serenidad de la Isla Tortuga, este viaje te sumerge en la esencia de la naturaleza costarricense. Disfruta de caminatas emocionantes, rel\u00e1jate en termales rejuvenecedores, descubre la belleza de cataratas majestuosas y m\u00e1s.<\/p>\n<p>Este paquete te ofrece una experiencia completa, combinando la exploraci\u00f3n de la capital con la serenidad de la costa y la fascinante naturaleza que define a Costa Rica. \u00a1Vive la pura vida en cada rinc\u00f3n de este para\u00edso tropical!<\/p>","protected":false},"excerpt":{"rendered":"<p>Emb\u00e1rcate en una aventura \u00fanica con nuestro paquete &#8220;Costa Rica Pura Vida&#8221;. Desde la energ\u00eda vibrante de San Jos\u00e9 hasta la serenidad de la Isla Tortuga, este viaje te sumerge en la esencia de la naturaleza costarricense. Disfruta de caminatas emocionantes, rel\u00e1jate en termales rejuvenecedores, descubre la belleza de cataratas majestuosas y m\u00e1s. Este paquete [&hellip;]<\/p>\n","protected":false},"featured_media":21485,"template":"","meta":{"_acf_changed":false},"product_brand":[],"product_cat":[22,23,24,17],"product_tag":[18],"class_list":{"0":"post-21500","1":"product","2":"type-product","3":"status-publish","4":"has-post-thumbnail","6":"product_cat-conoce-costa-rica","7":"product_cat-montana","8":"product_cat-playa","9":"product_cat-todos-los-paquetes","10":"product_tag-desde","12":"first","13":"instock","14":"featured","15":"shipping-taxable","16":"purchasable","17":"product-type-simple"},"acf":{"im_status":"enabled","days_for_delivery":0,"notas_importantes":"<ul>\r\n \t<li>Paquete adaptable a cambios seg\u00fan solicitud.<\/li>\r\n \t<li>Tarifas por persona seg\u00fan ocupaci\u00f3n.<\/li>\r\n \t<li>Tarifas en d\u00f3lares estadounidenses.<\/li>\r\n \t<li>Tarifas sujetas a cambios sin previo aviso.<\/li>\r\n \t<li>Disponibilidad de habitaciones y tours sujetas a cambios sin previo aviso.<\/li>\r\n \t<li>Tarifa en hoteles categor\u00eda est\u00e1ndar.<\/li>\r\n \t<li>Las tarifas aplican del 01 de diciembre 2024 al 30 de noviembre 2025.<\/li>\r\n \t<li>Tarifas no aplican para navidad, a\u00f1o nuevo y Semana Santa 2025.<\/li>\r\n<\/ul>"},"_links":{"self":[{"href":"https:\/\/agenciameridianos.com\/en\/wp-json\/wp\/v2\/product\/21500","targetHints":{"allow":["GET"]}}],"collection":[{"href":"https:\/\/agenciameridianos.com\/en\/wp-json\/wp\/v2\/product"}],"about":[{"href":"https:\/\/agenciameridianos.com\/en\/wp-json\/wp\/v2\/types\/product"}],"wp:featuredmedia":[{"embeddable":true,"href":"https:\/\/agenciameridianos.com\/en\/wp-json\/wp\/v2\/media\/21485"}],"wp:attachment":[{"href":"https:\/\/agenciameridianos.com\/en\/wp-json\/wp\/v2\/media?parent=21500"}],"wp:term":[{"taxonomy":"product_brand","embeddable":true,"href":"https:\/\/agenciameridianos.com\/en\/wp-json\/wp\/v2\/product_brand?post=21500"},{"taxonomy":"product_cat","embeddable":true,"href":"https:\/\/agenciameridianos.com\/en\/wp-json\/wp\/v2\/product_cat?post=21500"},{"taxonomy":"product_tag","embeddable":true,"href":"https:\/\/agenciameridianos.com\/en\/wp-json\/wp\/v2\/product_tag?post=21500"}],"curies":[{"name":"wp","href":"https:\/\/api.w.org\/{rel}","templated":true}]}}