{"id":21503,"date":"2024-09-03T19:30:27","date_gmt":"2024-09-03T19:30:27","guid":{"rendered":"https:\/\/agenciameridianos.com\/?post_type=product&#038;p=21503"},"modified":"2025-01-22T13:26:17","modified_gmt":"2025-01-22T13:26:17","slug":"costaricaescenica","status":"publish","type":"product","link":"https:\/\/agenciameridianos.com\/en\/product\/costaricaescenica\/","title":{"rendered":"Costa Rica Scenic"},"content":{"rendered":"<p>Discover the essence of Costa Rica with our \u201cScenic Costa Rica\u201d package! Embark on an exciting adventure that encompasses San Jose, Boca Tapada de San Carlos, Arenal, Monteverde and Tamarindo. Immerse yourself in nature with fascinating hikes, relax in rejuvenating hot springs, explore the aquatic wonders by kayak and more. This package offers you a complete experience, fusing natural beauty with exciting activities, so you can experience the best of Costa Rica in one trip.<\/p>","protected":false},"excerpt":{"rendered":"<p>\u00a1Descubre la esencia de Costa Rica con nuestro paquete \u201cCosta Rica Esc\u00e9nica\u201d! Emb\u00e1rcate en una emocionante aventura que abarca San Jos\u00e9, Boca Tapada de San Carlos, Arenal, Monteverde y Tamarindo. Sum\u00e9rgete en la naturaleza con caminatas fascinantes, rel\u00e1jate en aguas termales rejuvenecedoras, explora en kayak las maravillas acu\u00e1ticas y m\u00e1s. Este paquete te ofrece una [&hellip;]<\/p>\n","protected":false},"featured_media":21448,"template":"","meta":{"_acf_changed":false},"product_brand":[],"product_cat":[22,23,24,17],"product_tag":[18],"class_list":{"0":"post-21503","1":"product","2":"type-product","3":"status-publish","4":"has-post-thumbnail","6":"product_cat-conoce-costa-rica","7":"product_cat-montana","8":"product_cat-playa","9":"product_cat-todos-los-paquetes","10":"product_tag-desde","12":"first","13":"instock","14":"featured","15":"shipping-taxable","16":"purchasable","17":"product-type-simple"},"acf":{"im_status":"enabled","days_for_delivery":"0","notas_importantes":"<ul>\r\n \t<li>Paquete adaptable a cambios seg\u00fan solicitud.<\/li>\r\n \t<li>Tarifas por persona seg\u00fan ocupaci\u00f3n.<\/li>\r\n \t<li>Tarifas en d\u00f3lares estadounidenses.<\/li>\r\n \t<li>Tarifas sujetas a cambios sin previo aviso.<\/li>\r\n \t<li>Disponibilidad de habitaciones y tours sujetas a cambios sin previo aviso.<\/li>\r\n \t<li>Tarifa en hoteles categor\u00eda est\u00e1ndar.<\/li>\r\n \t<li>Las tarifas aplican del 01 de diciembre 2024 al 30 de noviembre 2025.<\/li>\r\n \t<li>Tarifas no aplican para navidad, a\u00f1o nuevo y Semana Santa 2025.<\/li>\r\n<\/ul>"},"_links":{"self":[{"href":"https:\/\/agenciameridianos.com\/en\/wp-json\/wp\/v2\/product\/21503","targetHints":{"allow":["GET"]}}],"collection":[{"href":"https:\/\/agenciameridianos.com\/en\/wp-json\/wp\/v2\/product"}],"about":[{"href":"https:\/\/agenciameridianos.com\/en\/wp-json\/wp\/v2\/types\/product"}],"wp:featuredmedia":[{"embeddable":true,"href":"https:\/\/agenciameridianos.com\/en\/wp-json\/wp\/v2\/media\/21448"}],"wp:attachment":[{"href":"https:\/\/agenciameridianos.com\/en\/wp-json\/wp\/v2\/media?parent=21503"}],"wp:term":[{"taxonomy":"product_brand","embeddable":true,"href":"https:\/\/agenciameridianos.com\/en\/wp-json\/wp\/v2\/product_brand?post=21503"},{"taxonomy":"product_cat","embeddable":true,"href":"https:\/\/agenciameridianos.com\/en\/wp-json\/wp\/v2\/product_cat?post=21503"},{"taxonomy":"product_tag","embeddable":true,"href":"https:\/\/agenciameridianos.com\/en\/wp-json\/wp\/v2\/product_tag?post=21503"}],"curies":[{"name":"wp","href":"https:\/\/api.w.org\/{rel}","templated":true}]}}