{"id":21510,"date":"2024-09-03T21:09:59","date_gmt":"2024-09-03T21:09:59","guid":{"rendered":"https:\/\/agenciameridianos.com\/?post_type=product&#038;p=21510"},"modified":"2025-01-22T13:25:27","modified_gmt":"2025-01-22T13:25:27","slug":"costaricaverde","status":"publish","type":"product","link":"https:\/\/agenciameridianos.com\/en\/product\/costaricaverde\/","title":{"rendered":"Green Costa Rica"},"content":{"rendered":"<p>Explore the wonderful diversity of Costa Rica with our \u201cGreen Costa Rica\u201d package! From the vibrant city of San Jose to the lush landscapes of Tortuguero, Sarapiqui, Arenal, Monteverde and Rincon de la Vieja, immerse yourself in an unforgettable experience. Enjoy thrilling hikes, relax in rejuvenating hot springs, navigate Tortuguero's canals on boat rides and more. This package takes you through the natural and cultural richness of Costa Rica, giving you the opportunity to experience the authentic \u201cPura Vida\u201d in every corner of the country. Let yourself be captivated by the magic of Costa Rica.<\/p>","protected":false},"excerpt":{"rendered":"<p>\u00a1Explora la maravillosa diversidad de Costa Rica con nuestro paquete \u201cCosta Rica Verde\u201d! Desde la vibrante ciudad de San Jos\u00e9 hasta los exuberantes paisajes de Tortuguero, Sarapiqu\u00ed, Arenal, Monteverde y Rinc\u00f3n de la Vieja, sum\u00e9rgete en una experiencia inolvidable. Disfruta de caminatas emocionantes, rel\u00e1jate en termales rejuvenecedoras, navega por los canales de Tortuguero en paseos [&hellip;]<\/p>\n","protected":false},"featured_media":21454,"template":"","meta":{"_acf_changed":false},"product_brand":[],"product_cat":[22,23,24,17],"product_tag":[18],"class_list":{"0":"post-21510","1":"product","2":"type-product","3":"status-publish","4":"has-post-thumbnail","6":"product_cat-conoce-costa-rica","7":"product_cat-montana","8":"product_cat-playa","9":"product_cat-todos-los-paquetes","10":"product_tag-desde","12":"first","13":"instock","14":"featured","15":"shipping-taxable","16":"purchasable","17":"product-type-simple"},"acf":{"im_status":"enabled","days_for_delivery":"0","notas_importantes":"<ul>\r\n \t<li>Paquete adaptable a cambios seg\u00fan solicitud.<\/li>\r\n \t<li>Tarifas por persona seg\u00fan ocupaci\u00f3n.<\/li>\r\n \t<li>Tarifas en d\u00f3lares estadounidenses.<\/li>\r\n \t<li>Tarifas sujetas a cambios sin previo aviso.<\/li>\r\n \t<li>Disponibilidad de habitaciones y tours sujetas a cambios sin previo aviso.<\/li>\r\n \t<li>Tarifa en hoteles categor\u00eda est\u00e1ndar.<\/li>\r\n \t<li>Las tarifas aplican del 01 de diciembre 2024 al 30 de noviembre 2025.<\/li>\r\n \t<li>Tarifas no aplican para navidad, a\u00f1o nuevo y Semana Santa 2025.<\/li>\r\n<\/ul>"},"_links":{"self":[{"href":"https:\/\/agenciameridianos.com\/en\/wp-json\/wp\/v2\/product\/21510","targetHints":{"allow":["GET"]}}],"collection":[{"href":"https:\/\/agenciameridianos.com\/en\/wp-json\/wp\/v2\/product"}],"about":[{"href":"https:\/\/agenciameridianos.com\/en\/wp-json\/wp\/v2\/types\/product"}],"wp:featuredmedia":[{"embeddable":true,"href":"https:\/\/agenciameridianos.com\/en\/wp-json\/wp\/v2\/media\/21454"}],"wp:attachment":[{"href":"https:\/\/agenciameridianos.com\/en\/wp-json\/wp\/v2\/media?parent=21510"}],"wp:term":[{"taxonomy":"product_brand","embeddable":true,"href":"https:\/\/agenciameridianos.com\/en\/wp-json\/wp\/v2\/product_brand?post=21510"},{"taxonomy":"product_cat","embeddable":true,"href":"https:\/\/agenciameridianos.com\/en\/wp-json\/wp\/v2\/product_cat?post=21510"},{"taxonomy":"product_tag","embeddable":true,"href":"https:\/\/agenciameridianos.com\/en\/wp-json\/wp\/v2\/product_tag?post=21510"}],"curies":[{"name":"wp","href":"https:\/\/api.w.org\/{rel}","templated":true}]}}