{"id":21646,"date":"2024-09-11T15:39:57","date_gmt":"2024-09-11T15:39:57","guid":{"rendered":"https:\/\/agenciameridianos.com\/?post_type=product&#038;p=21646"},"modified":"2025-01-22T13:20:38","modified_gmt":"2025-01-22T13:20:38","slug":"navidad-en-salinitas","status":"publish","type":"product","link":"https:\/\/agenciameridianos.com\/en\/product\/navidad-en-salinitas\/","title":{"rendered":"Christmas in Salinitas"},"content":{"rendered":"<p>Salinitas is famous for its fine golden sandy beaches that stretch along the coast, offering breathtaking views of the Pacific Ocean. The beach is ideal for sunbathing, swimming and water sports. Its gentle waves and warm temperature make Salinitas a perfect place to relax and enjoy the sea.<\/p>","protected":false},"excerpt":{"rendered":"<p>Salinitas es famosa por sus playas de arena fina y dorada que se extienden a lo largo de la costa, ofreciendo vistas impresionantes del oc\u00e9ano Pac\u00edfico. La playa es ideal para tomar el sol, nadar y practicar deportes acu\u00e1ticos. Sus olas suaves y su temperatura c\u00e1lida hacen de Salinitas un lugar perfecto para relajarse y [&hellip;]<\/p>\n","protected":false},"featured_media":21750,"template":"","meta":{"_acf_changed":false},"product_brand":[],"product_cat":[20,16,17],"product_tag":[18],"class_list":{"0":"post-21646","1":"product","2":"type-product","3":"status-publish","4":"has-post-thumbnail","6":"product_cat-america","7":"product_cat-conoce-el-mundo","8":"product_cat-todos-los-paquetes","9":"product_tag-desde","11":"first","12":"instock","13":"featured","14":"shipping-taxable","15":"purchasable","16":"product-type-simple"},"acf":{"im_status":"enabled","days_for_delivery":"0","notas_importantes":"\u2022 Tarifas por persona.\r\n\u2022 Tarifa incluye, maleta de mano 10kg.\r\n\u2022 Esto es una cotizaci\u00f3n, no hay nada reservado ni confirmado.\r\n\u2022 Tarifas sujetas a cambios sin previo aviso y sujeta a disponibilidad.\r\n\u2022 No incluye gastos personales ni propinas.\r\n\u2022 Tarifa expresados en d\u00f3lares americanos.\r\n\u2022 Tarifas de boletos a\u00e9reos, pueden sufrir variaciones o cambios de horario.\r\n\u2022 Solo incluye lo especificado en el paquete.\r\n\u2022 Tarifas no reembolsables, no endosables, no permite cambios."},"_links":{"self":[{"href":"https:\/\/agenciameridianos.com\/en\/wp-json\/wp\/v2\/product\/21646","targetHints":{"allow":["GET"]}}],"collection":[{"href":"https:\/\/agenciameridianos.com\/en\/wp-json\/wp\/v2\/product"}],"about":[{"href":"https:\/\/agenciameridianos.com\/en\/wp-json\/wp\/v2\/types\/product"}],"wp:featuredmedia":[{"embeddable":true,"href":"https:\/\/agenciameridianos.com\/en\/wp-json\/wp\/v2\/media\/21750"}],"wp:attachment":[{"href":"https:\/\/agenciameridianos.com\/en\/wp-json\/wp\/v2\/media?parent=21646"}],"wp:term":[{"taxonomy":"product_brand","embeddable":true,"href":"https:\/\/agenciameridianos.com\/en\/wp-json\/wp\/v2\/product_brand?post=21646"},{"taxonomy":"product_cat","embeddable":true,"href":"https:\/\/agenciameridianos.com\/en\/wp-json\/wp\/v2\/product_cat?post=21646"},{"taxonomy":"product_tag","embeddable":true,"href":"https:\/\/agenciameridianos.com\/en\/wp-json\/wp\/v2\/product_tag?post=21646"}],"curies":[{"name":"wp","href":"https:\/\/api.w.org\/{rel}","templated":true}]}}