{"id":21653,"date":"2024-09-11T16:50:05","date_gmt":"2024-09-11T16:50:05","guid":{"rendered":"https:\/\/agenciameridianos.com\/?post_type=product&#038;p=21653"},"modified":"2025-01-22T13:16:02","modified_gmt":"2025-01-22T13:16:02","slug":"veranoconvirgincruises","status":"publish","type":"product","link":"https:\/\/agenciameridianos.com\/en\/product\/veranoconvirgincruises\/","title":{"rendered":"Summer with Virgin Cruises"},"content":{"rendered":"<p>VIRGIN CRUISES<br \/>\nVirgin Voyages es una l\u00ednea de cruceros relativamente nueva lanzada por el Grupo Virgin, conocida por su enfoque innovador en la experiencia de cruceros innovadores.<br \/>\nBarcos modernos: Los barcos, como el Scarlet Lady, est\u00e1n dise\u00f1ados con un estilo moderno y una sensaci\u00f3n de hotel boutique, con dise\u00f1os elegantes, m\u00faltiples opciones gastron\u00f3mica.<\/p>","protected":false},"excerpt":{"rendered":"<p>VIRGIN CRUISES Virgin Voyages es una l\u00ednea de cruceros relativamente nueva lanzada por el Grupo Virgin, conocida por su enfoque innovador en la experiencia de cruceros innovadores. Barcos modernos: Los barcos, como el Scarlet Lady, est\u00e1n dise\u00f1ados con un estilo moderno y una sensaci\u00f3n de hotel boutique, con dise\u00f1os elegantes, m\u00faltiples opciones gastron\u00f3mica.<\/p>","protected":false},"featured_media":21785,"template":"","meta":{"_acf_changed":false},"product_brand":[],"product_cat":[16,19,17],"product_tag":[18],"class_list":{"0":"post-21653","1":"product","2":"type-product","3":"status-publish","4":"has-post-thumbnail","6":"product_cat-conoce-el-mundo","7":"product_cat-europa","8":"product_cat-todos-los-paquetes","9":"product_tag-desde","11":"first","12":"instock","13":"featured","14":"shipping-taxable","15":"purchasable","16":"product-type-simple"},"acf":{"im_status":"enabled","days_for_delivery":"0","notas_importantes":"\u2022 Cupos limitados.\r\n\u2022 Precio garantizado.\r\n\u2022 Tarifas no reembolsables\/no transferibles\/no endosables.\r\n\u2022 Aplica penalidad por cambios y cancelaciones.\r\n\u2022 Alojamiento en habitaci\u00f3n est\u00e1ndar.\r\n\u2022 Boletos no reembolsables\/no transferibles\/no endosables \/ Aplica penalidad por cambios.\r\n\u2022 El pasajero es responsable de revisar las visas requeridas y que los pasaportes tengan vigencia de m\u00ednimo 6 meses al momento de abordar. Requiere llenar formularios migratorios de entradas y salida.\r\n\u2022 Verificar disposiciones de migraci\u00f3n y de salud en pa\u00eds de destino, las regulaciones y requisitos pueden cambiar en cualquier momento.\r\n\u2022 Es importante le env\u00ede a su asesor copia del pasaporte con el cual va a realizar su viaje.\r\n\u2022 El paquete de viajes no es reembolsable, no endosable, no transferible y aplica penalidades por cambios."},"_links":{"self":[{"href":"https:\/\/agenciameridianos.com\/en\/wp-json\/wp\/v2\/product\/21653","targetHints":{"allow":["GET"]}}],"collection":[{"href":"https:\/\/agenciameridianos.com\/en\/wp-json\/wp\/v2\/product"}],"about":[{"href":"https:\/\/agenciameridianos.com\/en\/wp-json\/wp\/v2\/types\/product"}],"wp:featuredmedia":[{"embeddable":true,"href":"https:\/\/agenciameridianos.com\/en\/wp-json\/wp\/v2\/media\/21785"}],"wp:attachment":[{"href":"https:\/\/agenciameridianos.com\/en\/wp-json\/wp\/v2\/media?parent=21653"}],"wp:term":[{"taxonomy":"product_brand","embeddable":true,"href":"https:\/\/agenciameridianos.com\/en\/wp-json\/wp\/v2\/product_brand?post=21653"},{"taxonomy":"product_cat","embeddable":true,"href":"https:\/\/agenciameridianos.com\/en\/wp-json\/wp\/v2\/product_cat?post=21653"},{"taxonomy":"product_tag","embeddable":true,"href":"https:\/\/agenciameridianos.com\/en\/wp-json\/wp\/v2\/product_tag?post=21653"}],"curies":[{"name":"wp","href":"https:\/\/api.w.org\/{rel}","templated":true}]}}