{"id":21655,"date":"2024-09-11T17:17:41","date_gmt":"2024-09-11T17:17:41","guid":{"rendered":"https:\/\/agenciameridianos.com\/?post_type=product&#038;p=21655"},"modified":"2025-01-22T13:14:24","modified_gmt":"2025-01-22T13:14:24","slug":"india-bharat-espiritual","status":"publish","type":"product","link":"https:\/\/agenciameridianos.com\/en\/product\/india-bharat-espiritual\/","title":{"rendered":"India Bharat Spiritual"},"content":{"rendered":"<p>La India es un pa\u00eds fascinante y diverso, conocido por su rica historia, cultura vibrante y paisajes impresionantes. Desde las majestuosas monta\u00f1as del Himalaya en el norte hasta las hermosas playas en el sur, la geograf\u00eda de la India es muy variada<\/p>\n<p>Adem\u00e1s, la India es famosa por sus festivales coloridos, como Diwali y Holi, que celebran la alegr\u00eda y la unidad.<br \/>\nLas ciudades, como Delhi, Mumbai y Jaipur, ofrecen una mezcla de modernidad y tradici\u00f3n, con mercados bulliciosos, arquitectura impresionante y una vida urbana vibrante<\/p>","protected":false},"excerpt":{"rendered":"<p>La India es un pa\u00eds fascinante y diverso, conocido por su rica historia, cultura vibrante y paisajes impresionantes. Desde las majestuosas monta\u00f1as del Himalaya en el norte hasta las hermosas playas en el sur, la geograf\u00eda de la India es muy variada Adem\u00e1s, la India es famosa por sus festivales coloridos, como Diwali y Holi, [&hellip;]<\/p>\n","protected":false},"featured_media":21687,"template":"","meta":{"_acf_changed":false},"product_brand":[],"product_cat":[25,16,17],"product_tag":[18],"class_list":{"0":"post-21655","1":"product","2":"type-product","3":"status-publish","4":"has-post-thumbnail","6":"product_cat-africa-y-asia","7":"product_cat-conoce-el-mundo","8":"product_cat-todos-los-paquetes","9":"product_tag-desde","11":"first","12":"instock","13":"sale","14":"featured","15":"shipping-taxable","16":"purchasable","17":"product-type-simple"},"acf":{"im_status":"enabled","days_for_delivery":"0","notas_importantes":"\u2022 Cupos limitados\r\n\u2022 Precio garantizado\r\n\u2022 Tarifas no reembolsables\/no transferibles\/no endosables\r\n\u2022 Aplica penalidad por cambios y cancelaciones\r\n\u2022 Alojamiento en habitaci\u00f3n est\u00e1ndar\r\n\u2022 Boletos no reembolsables\/no transferibles\/no endosables \/ Aplica penalidad por cambios\r\n\u2022 El pasajero es responsable de revisar las visas requeridas y que los pasaportes tengan vigencia de m\u00ednimo 6 meses al momento de abordar. Requiere llenar formularios migratorios de entradas y salida\r\n\u2022 Verificar disposiciones de migraci\u00f3n y de salud en pa\u00eds de destino, las regulaciones y requisitos pueden cambiar en cualquier momento\r\n\u2022 Es importante le env\u00ede a su asesor copia del pasaporte con el cual va a realizar su viaje\r\n\u2022 El paquete de viajes no es reembolsable, no endosable, no transferible y aplica penalidades por cambios"},"_links":{"self":[{"href":"https:\/\/agenciameridianos.com\/en\/wp-json\/wp\/v2\/product\/21655","targetHints":{"allow":["GET"]}}],"collection":[{"href":"https:\/\/agenciameridianos.com\/en\/wp-json\/wp\/v2\/product"}],"about":[{"href":"https:\/\/agenciameridianos.com\/en\/wp-json\/wp\/v2\/types\/product"}],"wp:featuredmedia":[{"embeddable":true,"href":"https:\/\/agenciameridianos.com\/en\/wp-json\/wp\/v2\/media\/21687"}],"wp:attachment":[{"href":"https:\/\/agenciameridianos.com\/en\/wp-json\/wp\/v2\/media?parent=21655"}],"wp:term":[{"taxonomy":"product_brand","embeddable":true,"href":"https:\/\/agenciameridianos.com\/en\/wp-json\/wp\/v2\/product_brand?post=21655"},{"taxonomy":"product_cat","embeddable":true,"href":"https:\/\/agenciameridianos.com\/en\/wp-json\/wp\/v2\/product_cat?post=21655"},{"taxonomy":"product_tag","embeddable":true,"href":"https:\/\/agenciameridianos.com\/en\/wp-json\/wp\/v2\/product_tag?post=21655"}],"curies":[{"name":"wp","href":"https:\/\/api.w.org\/{rel}","templated":true}]}}