{"id":21656,"date":"2024-09-11T19:09:40","date_gmt":"2024-09-11T19:09:40","guid":{"rendered":"https:\/\/agenciameridianos.com\/?post_type=product&#038;p=21656"},"modified":"2025-01-22T13:10:42","modified_gmt":"2025-01-22T13:10:42","slug":"orlando","status":"publish","type":"product","link":"https:\/\/agenciameridianos.com\/en\/product\/orlando\/","title":{"rendered":"Orlando"},"content":{"rendered":"<p>Orlando, Florida, is a vibrant and dynamic city located in the center of the state. Known primarily for its wide range of theme parks, such as Walt Disney World, Universal Studios and SeaWorld, Orlando attracts millions of visitors each year. These parks offer not only world-class entertainment, but also innovative dining and technology experiences.<\/p>","protected":false},"excerpt":{"rendered":"<p>Orlando, Florida, es una ciudad vibrante y din\u00e1mica situada en el centro del estado. Conocida principalmente por su amplia oferta de parques tem\u00e1ticos, como Walt Disney World, Universal Studios y SeaWorld, Orlando atrae a millones de visitantes cada a\u00f1o. Estos parques no solo ofrecen entretenimiento de clase mundial, sino tambi\u00e9n experiencias innovadoras en gastronom\u00eda y [&hellip;]<\/p>\n","protected":false},"featured_media":21812,"template":"","meta":{"_acf_changed":false},"product_brand":[],"product_cat":[20,16,17],"product_tag":[18],"class_list":{"0":"post-21656","1":"product","2":"type-product","3":"status-publish","4":"has-post-thumbnail","6":"product_cat-america","7":"product_cat-conoce-el-mundo","8":"product_cat-todos-los-paquetes","9":"product_tag-desde","11":"first","12":"instock","13":"featured","14":"shipping-taxable","15":"purchasable","16":"product-type-simple"},"acf":{"im_status":"enabled","days_for_delivery":"0","notas_importantes":"\u2022 Cupos limitados.\r\n\u2022 Precio garantizado.\r\n\u2022 Tarifas no reembolsables\/no transferibles no endosables.\r\n\u2022 Aplica penalidad por cambios y cancelaciones.\r\n\u2022 Alojamiento en habitaci\u00f3n est\u00e1ndar.\r\n\u2022 Boletos no reembolsables\/no transferibles. No endosables \/ Aplica penalidad por cambios.\r\n\u2022 El pasajero es responsable de revisar las visas requeridas y que los pasaportes tengan vigencia de m\u00ednimo 6 meses al momento de abordar. Requiere llenar formularios migratorios de entradas y salida.\r\n\u2022 Verificar disposiciones de migraci\u00f3n y de salud en pa\u00eds de destino, las regulaciones y requisitos pueden cambiar en cualquier momento.\r\n\u2022 Es importante le env\u00ede a su asesor copia del pasaporte con el cual va a realizar su viaje.\r\n\u2022 El paquete de viajes no es reembolsable, no endosable, no transferible y aplica penalidades por cambios."},"_links":{"self":[{"href":"https:\/\/agenciameridianos.com\/en\/wp-json\/wp\/v2\/product\/21656","targetHints":{"allow":["GET"]}}],"collection":[{"href":"https:\/\/agenciameridianos.com\/en\/wp-json\/wp\/v2\/product"}],"about":[{"href":"https:\/\/agenciameridianos.com\/en\/wp-json\/wp\/v2\/types\/product"}],"wp:featuredmedia":[{"embeddable":true,"href":"https:\/\/agenciameridianos.com\/en\/wp-json\/wp\/v2\/media\/21812"}],"wp:attachment":[{"href":"https:\/\/agenciameridianos.com\/en\/wp-json\/wp\/v2\/media?parent=21656"}],"wp:term":[{"taxonomy":"product_brand","embeddable":true,"href":"https:\/\/agenciameridianos.com\/en\/wp-json\/wp\/v2\/product_brand?post=21656"},{"taxonomy":"product_cat","embeddable":true,"href":"https:\/\/agenciameridianos.com\/en\/wp-json\/wp\/v2\/product_cat?post=21656"},{"taxonomy":"product_tag","embeddable":true,"href":"https:\/\/agenciameridianos.com\/en\/wp-json\/wp\/v2\/product_tag?post=21656"}],"curies":[{"name":"wp","href":"https:\/\/api.w.org\/{rel}","templated":true}]}}