{"id":21661,"date":"2024-09-11T20:15:12","date_gmt":"2024-09-11T20:15:12","guid":{"rendered":"https:\/\/agenciameridianos.com\/?post_type=product&#038;p=21661"},"modified":"2025-01-22T13:02:46","modified_gmt":"2025-01-22T13:02:46","slug":"joyas-de-invierno","status":"publish","type":"product","link":"https:\/\/agenciameridianos.com\/en\/product\/joyas-de-invierno\/","title":{"rendered":"Winter Jewelry"},"content":{"rendered":"<p>Este fant\u00e1stico itinerario re\u00fane los destinos m\u00e1s consagrados del sur y oeste de la isla: la ruta de las 4 cascadas, la esc\u00e9nica costa sur protagonizada por monta\u00f1as, playas de arena negra y lagunas glaciares, el famoso C\u00edrculo de Oro y la singularidad de la pen\u00ednsula de Snaefellsnes, la \u201cpuerta al centro de la tierra\u201d, con sus poderosos acantilados y la presencia dominante del Snaefellsj\u00f6kull<\/p>\n<p>Incluye dos fant\u00e1sticas actividades, el acceso a una Cueva de Hielo en el volc\u00e1n Katla y un ba\u00f1o termal en la Sky Lagoon, y desde los alojamientos alejados de la capital, la posibilidad de salir a buscar las sorprendentes auroras boreales<\/p>","protected":false},"excerpt":{"rendered":"<p>Este fant\u00e1stico itinerario re\u00fane los destinos m\u00e1s consagrados del sur y oeste de la isla: la ruta de las 4 cascadas, la esc\u00e9nica costa sur protagonizada por monta\u00f1as, playas de arena negra y lagunas glaciares, el famoso C\u00edrculo de Oro y la singularidad de la pen\u00ednsula de Snaefellsnes, la \u201cpuerta al centro de la tierra\u201d, [&hellip;]<\/p>\n","protected":false},"featured_media":21694,"template":"","meta":{"_acf_changed":false},"product_brand":[],"product_cat":[16,19,17],"product_tag":[18],"class_list":{"0":"post-21661","1":"product","2":"type-product","3":"status-publish","4":"has-post-thumbnail","6":"product_cat-conoce-el-mundo","7":"product_cat-europa","8":"product_cat-todos-los-paquetes","9":"product_tag-desde","11":"first","12":"instock","13":"sale","14":"featured","15":"shipping-taxable","16":"purchasable","17":"product-type-simple"},"acf":{"im_status":"enabled","days_for_delivery":"0","notas_importantes":"\u2022 Precio por persona en d\u00f3lares americanos\r\n\u2022 Pasaporte valido por 6 meses\r\n\u2022 Tarifas no reembolsables, no endosables, no permite cambios\r\n\u2022 No incluye gastos no mencionados"},"_links":{"self":[{"href":"https:\/\/agenciameridianos.com\/en\/wp-json\/wp\/v2\/product\/21661","targetHints":{"allow":["GET"]}}],"collection":[{"href":"https:\/\/agenciameridianos.com\/en\/wp-json\/wp\/v2\/product"}],"about":[{"href":"https:\/\/agenciameridianos.com\/en\/wp-json\/wp\/v2\/types\/product"}],"wp:featuredmedia":[{"embeddable":true,"href":"https:\/\/agenciameridianos.com\/en\/wp-json\/wp\/v2\/media\/21694"}],"wp:attachment":[{"href":"https:\/\/agenciameridianos.com\/en\/wp-json\/wp\/v2\/media?parent=21661"}],"wp:term":[{"taxonomy":"product_brand","embeddable":true,"href":"https:\/\/agenciameridianos.com\/en\/wp-json\/wp\/v2\/product_brand?post=21661"},{"taxonomy":"product_cat","embeddable":true,"href":"https:\/\/agenciameridianos.com\/en\/wp-json\/wp\/v2\/product_cat?post=21661"},{"taxonomy":"product_tag","embeddable":true,"href":"https:\/\/agenciameridianos.com\/en\/wp-json\/wp\/v2\/product_tag?post=21661"}],"curies":[{"name":"wp","href":"https:\/\/api.w.org\/{rel}","templated":true}]}}