{"id":21665,"date":"2024-09-11T20:30:45","date_gmt":"2024-09-11T20:30:45","guid":{"rendered":"https:\/\/agenciameridianos.com\/?post_type=product&#038;p=21665"},"modified":"2025-01-22T12:39:43","modified_gmt":"2025-01-22T12:39:43","slug":"madrid-paris-y-lourdes-roma-y-medjugori","status":"publish","type":"product","link":"https:\/\/agenciameridianos.com\/en\/product\/madrid-paris-y-lourdes-roma-y-medjugori\/","title":{"rendered":"Madrid-Paris and Lourdes Rome and Medjugorje"},"content":{"rendered":"<p>La Virgen de Medjugorje se refiere a las apariciones reportadas de la Sant\u00edsima Virgen Mar\u00eda en Medjugorje, un peque\u00f1o pueblo en Bosnia y Herzegovina<\/p>\n<p>Estas apariciones comenzaron en 1981 y han continuado durante d\u00e9cadas. Los seis videntes, que eran ni\u00f1os en ese momento, afirmaron que Mar\u00eda se les apareci\u00f3, entregando mensajes de paz, amor y la importancia de la oraci\u00f3n y la conversi\u00f3n.<\/p>","protected":false},"excerpt":{"rendered":"<p>La Virgen de Medjugorje se refiere a las apariciones reportadas de la Sant\u00edsima Virgen Mar\u00eda en Medjugorje, un peque\u00f1o pueblo en Bosnia y Herzegovina Estas apariciones comenzaron en 1981 y han continuado durante d\u00e9cadas. Los seis videntes, que eran ni\u00f1os en ese momento, afirmaron que Mar\u00eda se les apareci\u00f3, entregando mensajes de paz, amor y [&hellip;]<\/p>\n","protected":false},"featured_media":21820,"template":"","meta":{"_acf_changed":false},"product_brand":[],"product_cat":[16,19,17],"product_tag":[18],"class_list":{"0":"post-21665","1":"product","2":"type-product","3":"status-publish","4":"has-post-thumbnail","6":"product_cat-conoce-el-mundo","7":"product_cat-europa","8":"product_cat-todos-los-paquetes","9":"product_tag-desde","11":"first","12":"instock","13":"sale","14":"featured","15":"shipping-taxable","16":"purchasable","17":"product-type-simple"},"acf":{"im_status":"enabled","days_for_delivery":"0","notas_importantes":"\u2022 Cupos limitados\r\n\u2022 Precio garantizado\r\n\u2022 Tarifas no reembolsables\/no transferibles\/no endosables\r\n\u2022 Aplica penalidad por cambios y cancelaciones\r\n\u2022 Alojamiento en habitaci\u00f3n est\u00e1ndar\r\n\u2022 Boletos no reembolsables\/no transferibles\/no endosables \/ Aplica penalidad por cambios\r\n\u2022 El pasajero es responsable de revisar las visas requeridas y que los pasaportes tengan vigencia de m\u00ednimo 6 meses al momento de abordar. Requiere llenar formularios migratorios de entradas y salida\r\n\u2022 Verificar disposiciones de migraci\u00f3n y de salud en pa\u00eds de destino, las regulaciones y requisitos pueden cambiar en cualquier momento\r\n\u2022 Es importante le env\u00ede a su asesor copia del pasaporte con el cual va a realizar su viaje\r\n\u2022 El paquete de viajes no es reembolsable, no endosable, no transferible y aplica penalidades por cambios"},"_links":{"self":[{"href":"https:\/\/agenciameridianos.com\/en\/wp-json\/wp\/v2\/product\/21665","targetHints":{"allow":["GET"]}}],"collection":[{"href":"https:\/\/agenciameridianos.com\/en\/wp-json\/wp\/v2\/product"}],"about":[{"href":"https:\/\/agenciameridianos.com\/en\/wp-json\/wp\/v2\/types\/product"}],"wp:featuredmedia":[{"embeddable":true,"href":"https:\/\/agenciameridianos.com\/en\/wp-json\/wp\/v2\/media\/21820"}],"wp:attachment":[{"href":"https:\/\/agenciameridianos.com\/en\/wp-json\/wp\/v2\/media?parent=21665"}],"wp:term":[{"taxonomy":"product_brand","embeddable":true,"href":"https:\/\/agenciameridianos.com\/en\/wp-json\/wp\/v2\/product_brand?post=21665"},{"taxonomy":"product_cat","embeddable":true,"href":"https:\/\/agenciameridianos.com\/en\/wp-json\/wp\/v2\/product_cat?post=21665"},{"taxonomy":"product_tag","embeddable":true,"href":"https:\/\/agenciameridianos.com\/en\/wp-json\/wp\/v2\/product_tag?post=21665"}],"curies":[{"name":"wp","href":"https:\/\/api.w.org\/{rel}","templated":true}]}}