{"id":21912,"date":"2024-09-25T16:45:55","date_gmt":"2024-09-25T16:45:55","guid":{"rendered":"https:\/\/agenciameridianos.com\/?post_type=product&#038;p=21912"},"modified":"2024-09-27T15:44:44","modified_gmt":"2024-09-27T15:44:44","slug":"comprasengolfito","status":"publish","type":"product","link":"https:\/\/agenciameridianos.com\/en\/product\/comprasengolfito\/","title":{"rendered":"Shopping in Golfito"},"content":{"rendered":"<p>Descubre una Experiencia \u00danica de Compras en Golfito y Paso Canoas, Costa Rica<\/p>\n<p>Sum\u00e9rgete en una de las experiencias de compras m\u00e1s emocionantes que ofrece Costa Rica, combinando la belleza natural con grandes ofertas y productos libres de impuestos. Nuestro tour de compras te llevar\u00e1 a dos destinos ic\u00f3nicos: Golfito y Paso Canoas. En Golfito, tendr\u00e1s la oportunidad de disfrutar de un sistema libre de impuestos, ideal para quienes buscan electrodom\u00e9sticos, tecnolog\u00eda, ropa y m\u00e1s, mientras disfrutas del pintoresco paisaje costero de esta tranquila ciudad portuaria. Luego, nos dirigiremos a Paso Canoas, una vibrante frontera comercial entre Costa Rica y Panam\u00e1, donde encontrar\u00e1s una amplia variedad de productos, desde ropa y calzado hasta art\u00edculos electr\u00f3nicos, todos a precios muy accesibles.<\/p>","protected":false},"excerpt":{"rendered":"<p>Descubre una Experiencia \u00danica de Compras en Golfito y Paso Canoas, Costa Rica Sum\u00e9rgete en una de las experiencias de compras m\u00e1s emocionantes que ofrece Costa Rica, combinando la belleza natural con grandes ofertas y productos libres de impuestos. Nuestro tour de compras te llevar\u00e1 a dos destinos ic\u00f3nicos: Golfito y Paso Canoas. En Golfito, [&hellip;]<\/p>\n","protected":false},"featured_media":22016,"template":"","meta":{"_acf_changed":false},"product_brand":[],"product_cat":[22,24,17],"product_tag":[18],"class_list":{"0":"post-21912","1":"product","2":"type-product","3":"status-publish","4":"has-post-thumbnail","6":"product_cat-conoce-costa-rica","7":"product_cat-playa","8":"product_cat-todos-los-paquetes","9":"product_tag-desde","11":"first","12":"instock","13":"featured","14":"shipping-taxable","15":"purchasable","16":"product-type-simple"},"acf":{"im_status":"enabled","days_for_delivery":0,"notas_importantes":"\u00b7 Tarifas por persona.\r\n\r\n\u00b7 Tarifa expresada en d\u00f3lares estadounidenses.\r\n\r\n\u00b7 Pagos en colones, se realizar\u00e1n al tipo de cambio del d\u00eda del dep\u00f3sito.\r\n\r\n\u00b7 Tarifa y disponibilidad sujeta a cambios sin previo aviso.\r\n\r\n\u00b7 Tarifa aplica en habitaci\u00f3n est\u00e1ndar de acuerdo con la ocupaci\u00f3n.\r\n\r\n\u00b7 Tarifa aplica para 1 noche de hospedaje.\r\n\r\n\u00b7 Tarifa de ni\u00f1os aplica de 0 a 6 a\u00f1os, de 6 a\u00f1os en adelante aplica tarifa de adulto.\r\n\r\n\u00b7 Tarifa de ni\u00f1os aplica acompa\u00f1ado de dos adultos."},"_links":{"self":[{"href":"https:\/\/agenciameridianos.com\/en\/wp-json\/wp\/v2\/product\/21912","targetHints":{"allow":["GET"]}}],"collection":[{"href":"https:\/\/agenciameridianos.com\/en\/wp-json\/wp\/v2\/product"}],"about":[{"href":"https:\/\/agenciameridianos.com\/en\/wp-json\/wp\/v2\/types\/product"}],"wp:featuredmedia":[{"embeddable":true,"href":"https:\/\/agenciameridianos.com\/en\/wp-json\/wp\/v2\/media\/22016"}],"wp:attachment":[{"href":"https:\/\/agenciameridianos.com\/en\/wp-json\/wp\/v2\/media?parent=21912"}],"wp:term":[{"taxonomy":"product_brand","embeddable":true,"href":"https:\/\/agenciameridianos.com\/en\/wp-json\/wp\/v2\/product_brand?post=21912"},{"taxonomy":"product_cat","embeddable":true,"href":"https:\/\/agenciameridianos.com\/en\/wp-json\/wp\/v2\/product_cat?post=21912"},{"taxonomy":"product_tag","embeddable":true,"href":"https:\/\/agenciameridianos.com\/en\/wp-json\/wp\/v2\/product_tag?post=21912"}],"curies":[{"name":"wp","href":"https:\/\/api.w.org\/{rel}","templated":true}]}}