{"id":21913,"date":"2024-09-25T17:18:06","date_gmt":"2024-09-25T17:18:06","guid":{"rendered":"https:\/\/agenciameridianos.com\/?post_type=product&#038;p=21913"},"modified":"2025-01-22T12:37:43","modified_gmt":"2025-01-22T12:37:43","slug":"duelo-de-titanes-el-clasico-espanol","status":"publish","type":"product","link":"https:\/\/agenciameridianos.com\/en\/product\/duelo-de-titanes-el-clasico-espanol\/","title":{"rendered":"Duel of Titans: The Spanish Classic"},"content":{"rendered":"<p>Traveling to watch the classic between Barcelona and Real Madrid is an unforgettable experience for any soccer lover. More than just a match, this duel represents a historic rivalry full of emotion and passion. The atmosphere in the stadium, the enthusiasm of the fans and the intensity on the field make the trip worthwhile.<\/p>","protected":false},"excerpt":{"rendered":"<p>Viajar para ver el cl\u00e1sico entre Barcelona y Real Madrid es una experiencia inolvidable para cualquier amante del f\u00fatbol. M\u00e1s que un simple partido, este duelo representa una rivalidad hist\u00f3rica llena de emoci\u00f3n y pasi\u00f3n. La atm\u00f3sfera en el estadio, el entusiasmo de los aficionados y la intensidad en el campo hacen que el viaje [&hellip;]<\/p>\n","protected":false},"featured_media":21978,"template":"","meta":{"_acf_changed":false},"product_brand":[],"product_cat":[16,17],"product_tag":[18],"class_list":{"0":"post-21913","1":"product","2":"type-product","3":"status-publish","4":"has-post-thumbnail","6":"product_cat-conoce-el-mundo","7":"product_cat-todos-los-paquetes","8":"product_tag-desde","10":"first","11":"instock","12":"featured","13":"shipping-taxable","14":"purchasable","15":"product-type-simple"},"acf":{"im_status":"enabled","days_for_delivery":"0","notas_importantes":"<ul>\r\n \t<li>Tarifa sujeta a cambio y a disponibilidad sin previo aviso<\/li>\r\n \t<li>El pasaporte debe tener 6 meses de vigencia posterior a la fecha de inicio de viaje.<\/li>\r\n \t<li>No incluye las propinas, ni City Tax<\/li>\r\n \t<li>Se cotiza categor\u00eda seleccionada sin determinar el sector, filas ni asientos.<\/li>\r\n \t<li>Una vez gestionadas las entradas no hay cambios, cancelaciones ni devoluciones.<\/li>\r\n \t<li>La entrega de tickets puede ser desde el momento de compra hasta horas antes de dar inicio al evento, formato de las entradas puede ser electr\u00f3nico, f\u00edsico o abono.<\/li>\r\n \t<li>En caso de perdida, robo o extrav\u00edo de las entradas por parte del cliente final no hay sustituci\u00f3n de \u00e9stas.<\/li>\r\n \t<li>En caso de que el evento cambie de sede o se posponga, el boleto ser\u00e1 v\u00e1lido para la siguiente edici\u00f3n; para el caso de una cancelaci\u00f3n, se notificar\u00e1 cuando el organizador proceda con su respectivo reembolso.<\/li>\r\n<\/ul>"},"_links":{"self":[{"href":"https:\/\/agenciameridianos.com\/en\/wp-json\/wp\/v2\/product\/21913","targetHints":{"allow":["GET"]}}],"collection":[{"href":"https:\/\/agenciameridianos.com\/en\/wp-json\/wp\/v2\/product"}],"about":[{"href":"https:\/\/agenciameridianos.com\/en\/wp-json\/wp\/v2\/types\/product"}],"wp:featuredmedia":[{"embeddable":true,"href":"https:\/\/agenciameridianos.com\/en\/wp-json\/wp\/v2\/media\/21978"}],"wp:attachment":[{"href":"https:\/\/agenciameridianos.com\/en\/wp-json\/wp\/v2\/media?parent=21913"}],"wp:term":[{"taxonomy":"product_brand","embeddable":true,"href":"https:\/\/agenciameridianos.com\/en\/wp-json\/wp\/v2\/product_brand?post=21913"},{"taxonomy":"product_cat","embeddable":true,"href":"https:\/\/agenciameridianos.com\/en\/wp-json\/wp\/v2\/product_cat?post=21913"},{"taxonomy":"product_tag","embeddable":true,"href":"https:\/\/agenciameridianos.com\/en\/wp-json\/wp\/v2\/product_tag?post=21913"}],"curies":[{"name":"wp","href":"https:\/\/api.w.org\/{rel}","templated":true}]}}