{"id":21914,"date":"2024-09-25T17:27:41","date_gmt":"2024-09-25T17:27:41","guid":{"rendered":"https:\/\/agenciameridianos.com\/?post_type=product&#038;p=21914"},"modified":"2025-01-22T12:36:28","modified_gmt":"2025-01-22T12:36:28","slug":"japon-super-nintendo-world","status":"publish","type":"product","link":"https:\/\/agenciameridianos.com\/en\/product\/japon-super-nintendo-world\/","title":{"rendered":"Japan with Universal Studios"},"content":{"rendered":"<p>Este paquete de viaje ofrece una experiencia inolvidable a trav\u00e9s de Jap\u00f3n, comenzando en Osaka y explorando una variedad de destinos culturales y naturales. Tras una llegada relajante y un d\u00eda para descubrir Osaka, los viajeros se sumergen en la espiritualidad de Monte Koya, aloj\u00e1ndose en un monasterio budista y participando en pr\u00e1cticas tradicionales.<\/p>\n<p>La traves\u00eda contin\u00faa con visitas a los tesoros hist\u00f3ricos de Kioto, el encantador pueblo de Tsumago, y el impresionante castillo de Matsumoto, seguido de un recorrido por los Alpes japoneses y una experiencia en las aguas termales de Ikaho. La \u00faltima etapa del viaje lleva a los viajeros a la vibrante Tokio, donde se combinan visitas a emblem\u00e1ticos templos y modernos distritos, con un paseo nocturno en Shinjuku y una inmersi\u00f3n en la cultura local. Este itinerario ofrece una combinaci\u00f3n equilibrada de cultura, historia, naturaleza y vida urbana, proporcionando una visi\u00f3n completa y enriquecedora de Jap\u00f3n.<\/p>","protected":false},"excerpt":{"rendered":"<p>Este paquete de viaje ofrece una experiencia inolvidable a trav\u00e9s de Jap\u00f3n, comenzando en Osaka y explorando una variedad de destinos culturales y naturales. Tras una llegada relajante y un d\u00eda para descubrir Osaka, los viajeros se sumergen en la espiritualidad de Monte Koya, aloj\u00e1ndose en un monasterio budista y participando en pr\u00e1cticas tradicionales. La [&hellip;]<\/p>\n","protected":false},"featured_media":21888,"template":"","meta":{"_acf_changed":false},"product_brand":[],"product_cat":[25,16,17],"product_tag":[18],"class_list":{"0":"post-21914","1":"product","2":"type-product","3":"status-publish","4":"has-post-thumbnail","6":"product_cat-africa-y-asia","7":"product_cat-conoce-el-mundo","8":"product_cat-todos-los-paquetes","9":"product_tag-desde","11":"first","12":"instock","13":"featured","14":"shipping-taxable","15":"purchasable","16":"product-type-simple"},"acf":{"im_status":"enabled","days_for_delivery":"0","notas_importantes":"\u2022 Entradas est\u00e1n sujetas a disponibilidad.\r\n\u2022 No incluye extras no descritos en el programa.\r\n\u2022 No incluye propinas.\r\n\u2022 Tarifa sujeta a cambio y disponibilidad sin previo aviso.\r\n\u2022 No incluye tours no mencionados.\r\n\u2022 No incluye servicios de alimentaci\u00f3n no mencionados.\r\n\u2022 No incluye servicios no especificados."},"_links":{"self":[{"href":"https:\/\/agenciameridianos.com\/en\/wp-json\/wp\/v2\/product\/21914","targetHints":{"allow":["GET"]}}],"collection":[{"href":"https:\/\/agenciameridianos.com\/en\/wp-json\/wp\/v2\/product"}],"about":[{"href":"https:\/\/agenciameridianos.com\/en\/wp-json\/wp\/v2\/types\/product"}],"wp:featuredmedia":[{"embeddable":true,"href":"https:\/\/agenciameridianos.com\/en\/wp-json\/wp\/v2\/media\/21888"}],"wp:attachment":[{"href":"https:\/\/agenciameridianos.com\/en\/wp-json\/wp\/v2\/media?parent=21914"}],"wp:term":[{"taxonomy":"product_brand","embeddable":true,"href":"https:\/\/agenciameridianos.com\/en\/wp-json\/wp\/v2\/product_brand?post=21914"},{"taxonomy":"product_cat","embeddable":true,"href":"https:\/\/agenciameridianos.com\/en\/wp-json\/wp\/v2\/product_cat?post=21914"},{"taxonomy":"product_tag","embeddable":true,"href":"https:\/\/agenciameridianos.com\/en\/wp-json\/wp\/v2\/product_tag?post=21914"}],"curies":[{"name":"wp","href":"https:\/\/api.w.org\/{rel}","templated":true}]}}