{"id":21916,"date":"2024-09-25T17:53:41","date_gmt":"2024-09-25T17:53:41","guid":{"rendered":"https:\/\/agenciameridianos.com\/?post_type=product&#038;p=21916"},"modified":"2025-01-22T12:34:55","modified_gmt":"2025-01-22T12:34:55","slug":"punta-cana","status":"publish","type":"product","link":"https:\/\/agenciameridianos.com\/en\/product\/punta-cana\/","title":{"rendered":"Punta Cana"},"content":{"rendered":"<p>Discover Punta Cana Paradise is a very popular tourist destination located in the Dominican Republic, in the eastern region of the country, in the province of La Altagracia. It is famous for its white sand beaches, crystal clear waters and all-inclusive resorts. It is also known for its wide range of water activities such as snorkeling, scuba diving, fishing and kite surfing, as well as for its internationally renowned golf courses.<\/p>","protected":false},"excerpt":{"rendered":"<p>Descubre el Para\u00edso de Punta Cana es un destino tur\u00edstico muy popular ubicado en la Rep\u00fablica Dominicana, en la regi\u00f3n este del pa\u00eds, en la provincia de La Altagracia. Es famosa por sus playas de arena blanca, aguas cristalinas y resorts todo incluido. Adem\u00e1s, es conocida por su amplia oferta de actividades acu\u00e1ticas como el [&hellip;]<\/p>\n","protected":false},"featured_media":21900,"template":"","meta":{"_acf_changed":false},"product_brand":[],"product_cat":[20,16,17],"product_tag":[18],"class_list":{"0":"post-21916","1":"product","2":"type-product","3":"status-publish","4":"has-post-thumbnail","6":"product_cat-america","7":"product_cat-conoce-el-mundo","8":"product_cat-todos-los-paquetes","9":"product_tag-desde","11":"first","12":"instock","13":"featured","14":"shipping-taxable","15":"purchasable","16":"product-type-simple"},"acf":{"im_status":"enabled","days_for_delivery":"0","notas_importantes":"\u2022 Tarifas por persona.\r\n\u2022 Tarifas sujetas a cambios sin previo aviso y sujeta a disponibilidad.\r\n\u2022 No incluye gastos personales ni propinas\r\n\u2022 Tarifa expresados en d\u00f3lares americanos.\r\n\u2022 Tarifas de boletos a\u00e9reos, pueden sufrir variaciones o cambios de horario*\r\n\u2022 Solo incluye lo especificado en el paquete.\r\n\u2022 Recomendamos revisar las visas requeridas, requisitos de ingreso y que los pasaportes tengan vigencia de m\u00ednimo 6 meses al momento de abordar.\r\n\u2022 Es importante le env\u00ede a su asesor copia del pasaporte con el cual va a realizar su viaje."},"_links":{"self":[{"href":"https:\/\/agenciameridianos.com\/en\/wp-json\/wp\/v2\/product\/21916","targetHints":{"allow":["GET"]}}],"collection":[{"href":"https:\/\/agenciameridianos.com\/en\/wp-json\/wp\/v2\/product"}],"about":[{"href":"https:\/\/agenciameridianos.com\/en\/wp-json\/wp\/v2\/types\/product"}],"wp:featuredmedia":[{"embeddable":true,"href":"https:\/\/agenciameridianos.com\/en\/wp-json\/wp\/v2\/media\/21900"}],"wp:attachment":[{"href":"https:\/\/agenciameridianos.com\/en\/wp-json\/wp\/v2\/media?parent=21916"}],"wp:term":[{"taxonomy":"product_brand","embeddable":true,"href":"https:\/\/agenciameridianos.com\/en\/wp-json\/wp\/v2\/product_brand?post=21916"},{"taxonomy":"product_cat","embeddable":true,"href":"https:\/\/agenciameridianos.com\/en\/wp-json\/wp\/v2\/product_cat?post=21916"},{"taxonomy":"product_tag","embeddable":true,"href":"https:\/\/agenciameridianos.com\/en\/wp-json\/wp\/v2\/product_tag?post=21916"}],"curies":[{"name":"wp","href":"https:\/\/api.w.org\/{rel}","templated":true}]}}