{"id":21918,"date":"2024-09-25T18:13:48","date_gmt":"2024-09-25T18:13:48","guid":{"rendered":"https:\/\/agenciameridianos.com\/?post_type=product&#038;p=21918"},"modified":"2025-01-22T12:32:13","modified_gmt":"2025-01-22T12:32:13","slug":"escaperomantico","status":"publish","type":"product","link":"https:\/\/agenciameridianos.com\/en\/product\/escaperomantico\/","title":{"rendered":"Romantic Escape"},"content":{"rendered":"<p>Savegre Hotel is certified with 4 stars under international standards and with CST category 5 certification, located 89 km south of San Jose in a 500 hectare Private Natural Reserve and only 9 km from Los Quetzales National Park, Savegre Hotel is the ideal platform to explore the breathtaking beauty of the Costa Rican Tropical Cloud Forest.<\/p>","protected":false},"excerpt":{"rendered":"<p>El Hotel Savegre es certificado con 4 estrellas bajo est\u00e1ndares internacionales y con certificado CST categor\u00eda 5, localizado a 89 km al sur de San Jos\u00e9 en una Reserva Natural Privada de 500 hect\u00e1reas y a solo 9 km del parque nacional Los Quetzales, el Hotel Savegre, es la plataforma ideal para explorar la imponente [&hellip;]<\/p>\n","protected":false},"featured_media":21987,"template":"","meta":{"_acf_changed":false},"product_brand":[],"product_cat":[22,23,68,17],"product_tag":[18],"class_list":{"0":"post-21918","1":"product","2":"type-product","3":"status-publish","4":"has-post-thumbnail","6":"product_cat-conoce-costa-rica","7":"product_cat-montana","8":"product_cat-one-day","9":"product_cat-todos-los-paquetes","10":"product_tag-desde","12":"first","13":"instock","14":"featured","15":"shipping-taxable","16":"purchasable","17":"product-type-simple"},"acf":{"im_status":"enabled","days_for_delivery":"0","notas_importantes":"\u00b7 Tarifas por pareja por noche con impuestos incluidos.\r\n\r\n\u00b7 Tarifa expresada en d\u00f3lares estadounidenses.\r\n\r\n\u00b7 Pagos en colones se har\u00e1n al tipo de cambio del d\u00eda del dep\u00f3sito.\r\n\r\n\u00b7 Tarifa sujeta a cambios sin previo aviso.\r\n\r\n\u00b7 Disponibilidad sujeta a ocupaci\u00f3n del hotel (sujeta a cambios sin previo aviso).\r\n\r\n\u00b7 Tarifa aplica en habitaci\u00f3n est\u00e1ndar de acuerdo con la ocupaci\u00f3n\r\n\r\n\u00b7 Tarifa aplicable para m\u00ednimo 1 noche de hospedaje."},"_links":{"self":[{"href":"https:\/\/agenciameridianos.com\/en\/wp-json\/wp\/v2\/product\/21918","targetHints":{"allow":["GET"]}}],"collection":[{"href":"https:\/\/agenciameridianos.com\/en\/wp-json\/wp\/v2\/product"}],"about":[{"href":"https:\/\/agenciameridianos.com\/en\/wp-json\/wp\/v2\/types\/product"}],"wp:featuredmedia":[{"embeddable":true,"href":"https:\/\/agenciameridianos.com\/en\/wp-json\/wp\/v2\/media\/21987"}],"wp:attachment":[{"href":"https:\/\/agenciameridianos.com\/en\/wp-json\/wp\/v2\/media?parent=21918"}],"wp:term":[{"taxonomy":"product_brand","embeddable":true,"href":"https:\/\/agenciameridianos.com\/en\/wp-json\/wp\/v2\/product_brand?post=21918"},{"taxonomy":"product_cat","embeddable":true,"href":"https:\/\/agenciameridianos.com\/en\/wp-json\/wp\/v2\/product_cat?post=21918"},{"taxonomy":"product_tag","embeddable":true,"href":"https:\/\/agenciameridianos.com\/en\/wp-json\/wp\/v2\/product_tag?post=21918"}],"curies":[{"name":"wp","href":"https:\/\/api.w.org\/{rel}","templated":true}]}}