{"id":21920,"date":"2024-09-25T18:17:16","date_gmt":"2024-09-25T18:17:16","guid":{"rendered":"https:\/\/agenciameridianos.com\/?post_type=product&#038;p=21920"},"modified":"2024-09-27T15:45:46","modified_gmt":"2024-09-27T15:45:46","slug":"caribe-sudamerica-al-estilo-silversea","status":"publish","type":"product","link":"https:\/\/agenciameridianos.com\/en\/product\/caribe-sudamerica-al-estilo-silversea\/","title":{"rendered":"Caribbean &amp; South America Silversea Style"},"content":{"rendered":"<p>Silversea Cruises is a luxury cruise line known for its mid-sized ships that offer an exclusive and personalized onboard experience. Founded in 1994 and based in Monaco, Silversea is famous for its fleet of elegant ships and itineraries that cover unique and exotic destinations around the world. These cruises are designed to offer an intimate atmosphere and first-class service, with spacious, all-inclusive suites.<\/p>","protected":false},"excerpt":{"rendered":"<p>Silversea Cruises es una compa\u00f1\u00eda de cruceros de lujo conocida por sus barcos de tama\u00f1o mediano que ofrecen una experiencia exclusiva y personalizada a bordo. Fundada en 1994 y con sede en M\u00f3naco, Silversea es famosa por su flota de barcos elegantes y sus itinerarios que cubren destinos \u00fanicos y ex\u00f3ticos por todo el mundo. [&hellip;]<\/p>\n","protected":false},"featured_media":22011,"template":"","meta":{"_acf_changed":false},"product_brand":[],"product_cat":[20,16,17],"product_tag":[18],"class_list":{"0":"post-21920","1":"product","2":"type-product","3":"status-publish","4":"has-post-thumbnail","6":"product_cat-america","7":"product_cat-conoce-el-mundo","8":"product_cat-todos-los-paquetes","9":"product_tag-desde","11":"first","12":"instock","13":"featured","14":"shipping-taxable","15":"purchasable","16":"product-type-simple"},"acf":{"im_status":"enabled","days_for_delivery":0,"notas_importantes":"\u2022 Tarifa sujeta a cambio y disponibilidad sin previo aviso\r\n\u2022 Tarifas no reembolsables\/no transferibles\/no endosables\r\n\u2022 Se requiere Visa Americana.\r\n\u2022 El pasajero es responsable de revisar las visas requeridas, requisitos migratorios y que los pasaportes tengan vigencia de m\u00ednimo 6 meses al momento de abordar.\r\n\u2022 Es importante le env\u00ede a su asesor copia del pasaporte con el cual va a realizar su viaje.\r\n\u2022 Tarifa expresada en d\u00f3lares americanos."},"_links":{"self":[{"href":"https:\/\/agenciameridianos.com\/en\/wp-json\/wp\/v2\/product\/21920","targetHints":{"allow":["GET"]}}],"collection":[{"href":"https:\/\/agenciameridianos.com\/en\/wp-json\/wp\/v2\/product"}],"about":[{"href":"https:\/\/agenciameridianos.com\/en\/wp-json\/wp\/v2\/types\/product"}],"wp:featuredmedia":[{"embeddable":true,"href":"https:\/\/agenciameridianos.com\/en\/wp-json\/wp\/v2\/media\/22011"}],"wp:attachment":[{"href":"https:\/\/agenciameridianos.com\/en\/wp-json\/wp\/v2\/media?parent=21920"}],"wp:term":[{"taxonomy":"product_brand","embeddable":true,"href":"https:\/\/agenciameridianos.com\/en\/wp-json\/wp\/v2\/product_brand?post=21920"},{"taxonomy":"product_cat","embeddable":true,"href":"https:\/\/agenciameridianos.com\/en\/wp-json\/wp\/v2\/product_cat?post=21920"},{"taxonomy":"product_tag","embeddable":true,"href":"https:\/\/agenciameridianos.com\/en\/wp-json\/wp\/v2\/product_tag?post=21920"}],"curies":[{"name":"wp","href":"https:\/\/api.w.org\/{rel}","templated":true}]}}