{"id":21921,"date":"2024-09-25T19:39:59","date_gmt":"2024-09-25T19:39:59","guid":{"rendered":"https:\/\/agenciameridianos.com\/?post_type=product&#038;p=21921"},"modified":"2024-09-25T19:44:53","modified_gmt":"2024-09-25T19:44:53","slug":"vendimia-mendoza-argentina","status":"publish","type":"product","link":"https:\/\/agenciameridianos.com\/en\/product\/vendimia-mendoza-argentina\/","title":{"rendered":"Vendimia &amp; Mendoza Argentina"},"content":{"rendered":"<p>The Grape Harvest in Mendoza is one of the most emblematic festivities in Argentina and in the wine world. It is celebrated every year, mainly during the month of March, and its aim is to pay tribute to the wine workers and the grape harvest, which is the main input for the production of wine, a very important product in the economy of the province.<\/p>","protected":false},"excerpt":{"rendered":"<p>La Vendimia en Mendoza es una de las festividades m\u00e1s emblem\u00e1ticas de Argentina y del mundo vitivin\u00edcola. Se celebra cada a\u00f1o, principalmente durante el mes de marzo, y tiene como objetivo rendir homenaje a los trabajadores vit\u00edcolas y a la cosecha de la uva, que es el principal insumo para la producci\u00f3n de vino, un [&hellip;]<\/p>\n","protected":false},"featured_media":21891,"template":"","meta":{"_acf_changed":false},"product_brand":[],"product_cat":[20,16,17],"product_tag":[18],"class_list":{"0":"post-21921","1":"product","2":"type-product","3":"status-publish","4":"has-post-thumbnail","6":"product_cat-america","7":"product_cat-conoce-el-mundo","8":"product_cat-todos-los-paquetes","9":"product_tag-desde","11":"first","12":"instock","13":"featured","14":"shipping-taxable","15":"purchasable","16":"product-type-simple"},"acf":{"im_status":"enabled","days_for_delivery":0,"notas_importantes":"\u2022\tTarifas por persona.\r\n\u2022\tTarifas sujetas a cambios sin previo aviso y sujeta a disponibilidad.\r\n\u2022\tNo incluye gastos personales ni propinas.\r\n\u2022\tTarifa expresados en d\u00f3lares americanos.\r\n\u2022\tTarifas de boletos a\u00e9reos, pueden sufrir variaciones o cambios de horario*\r\n\u2022\tSolo incluye lo especificado en el paquete.\r\n\u2022\tRecomendamos revisar las visas requeridas, requisitos de ingreso y que los pasaportes tengan vigencia de m\u00ednimo 6 meses al momento de abordar. \r\n\u2022\tEs importante le env\u00ede a su asesor copia del pasaporte con el cual va a realizar su viaje.\r\n"},"_links":{"self":[{"href":"https:\/\/agenciameridianos.com\/en\/wp-json\/wp\/v2\/product\/21921","targetHints":{"allow":["GET"]}}],"collection":[{"href":"https:\/\/agenciameridianos.com\/en\/wp-json\/wp\/v2\/product"}],"about":[{"href":"https:\/\/agenciameridianos.com\/en\/wp-json\/wp\/v2\/types\/product"}],"wp:featuredmedia":[{"embeddable":true,"href":"https:\/\/agenciameridianos.com\/en\/wp-json\/wp\/v2\/media\/21891"}],"wp:attachment":[{"href":"https:\/\/agenciameridianos.com\/en\/wp-json\/wp\/v2\/media?parent=21921"}],"wp:term":[{"taxonomy":"product_brand","embeddable":true,"href":"https:\/\/agenciameridianos.com\/en\/wp-json\/wp\/v2\/product_brand?post=21921"},{"taxonomy":"product_cat","embeddable":true,"href":"https:\/\/agenciameridianos.com\/en\/wp-json\/wp\/v2\/product_cat?post=21921"},{"taxonomy":"product_tag","embeddable":true,"href":"https:\/\/agenciameridianos.com\/en\/wp-json\/wp\/v2\/product_tag?post=21921"}],"curies":[{"name":"wp","href":"https:\/\/api.w.org\/{rel}","templated":true}]}}