{"id":21922,"date":"2024-09-25T20:01:51","date_gmt":"2024-09-25T20:01:51","guid":{"rendered":"https:\/\/agenciameridianos.com\/?post_type=product&#038;p=21922"},"modified":"2024-11-01T17:19:07","modified_gmt":"2024-11-01T17:19:07","slug":"tourfortuna","status":"publish","type":"product","link":"https:\/\/agenciameridianos.com\/en\/product\/tourfortuna\/","title":{"rendered":"One day tour in La Fortuna"},"content":{"rendered":"<p>Discover the magic of La Fortuna de San Carlos on an exciting day tour, where you will immerse yourself in the lush beauty of its volcanic landscapes, experience the serenity of the hot springs, and explore the vibrant biodiversity of the rainforest. This package includes luxury transportation, a delicious typical breakfast, access to the soothing hot springs, and a buffet lunch, all designed to offer you an unforgettable experience in one of Costa Rica's most iconic natural destinations.<\/p>","protected":false},"excerpt":{"rendered":"<p>Descubre la magia de La Fortuna de San Carlos en un emocionante tour de un d\u00eda, donde te sumergir\u00e1s en la exuberante belleza de sus paisajes volc\u00e1nicos, experimentar\u00e1s la serenidad de las aguas termales y explorar\u00e1s la vibrante biodiversidad del bosque tropical. Este paquete incluye transporte de lujo, un delicioso desayuno t\u00edpico, acceso a las [&hellip;]<\/p>\n","protected":false},"featured_media":21984,"template":"","meta":{"_acf_changed":false},"product_brand":[],"product_cat":[22,23,68,17],"product_tag":[18],"class_list":{"0":"post-21922","1":"product","2":"type-product","3":"status-publish","4":"has-post-thumbnail","6":"product_cat-conoce-costa-rica","7":"product_cat-montana","8":"product_cat-one-day","9":"product_cat-todos-los-paquetes","10":"product_tag-desde","12":"first","13":"instock","14":"featured","15":"shipping-taxable","16":"purchasable","17":"product-type-simple"},"acf":{"im_status":"enabled","days_for_delivery":0,"notas_importantes":"\u00b7 Tarifas por persona.\r\n\r\n\u00b7 Itinerario sujeto a cambios sin previo aviso.\r\n\r\n\u00b7 Disponibilidad sujeta a cambios sin previo aviso.\r\n\r\n\u00b7 Se recomienda llevar una merienda para degustar en los traslados en bus.\r\n\r\n\u00b7 Las bebidas incluidas, se podr\u00e1n tomar \u00fanicamente en el transporte.\r\n\r\n\u00b7 Se puede considerar otros puntos de abordaje en ruta (consulte a la hora de su reservaci\u00f3n)."},"_links":{"self":[{"href":"https:\/\/agenciameridianos.com\/en\/wp-json\/wp\/v2\/product\/21922","targetHints":{"allow":["GET"]}}],"collection":[{"href":"https:\/\/agenciameridianos.com\/en\/wp-json\/wp\/v2\/product"}],"about":[{"href":"https:\/\/agenciameridianos.com\/en\/wp-json\/wp\/v2\/types\/product"}],"wp:featuredmedia":[{"embeddable":true,"href":"https:\/\/agenciameridianos.com\/en\/wp-json\/wp\/v2\/media\/21984"}],"wp:attachment":[{"href":"https:\/\/agenciameridianos.com\/en\/wp-json\/wp\/v2\/media?parent=21922"}],"wp:term":[{"taxonomy":"product_brand","embeddable":true,"href":"https:\/\/agenciameridianos.com\/en\/wp-json\/wp\/v2\/product_brand?post=21922"},{"taxonomy":"product_cat","embeddable":true,"href":"https:\/\/agenciameridianos.com\/en\/wp-json\/wp\/v2\/product_cat?post=21922"},{"taxonomy":"product_tag","embeddable":true,"href":"https:\/\/agenciameridianos.com\/en\/wp-json\/wp\/v2\/product_tag?post=21922"}],"curies":[{"name":"wp","href":"https:\/\/api.w.org\/{rel}","templated":true}]}}