{"id":21923,"date":"2024-09-25T20:24:44","date_gmt":"2024-09-25T20:24:44","guid":{"rendered":"https:\/\/agenciameridianos.com\/?post_type=product&#038;p=21923"},"modified":"2025-01-21T21:05:49","modified_gmt":"2025-01-21T21:05:49","slug":"rioceleste","status":"publish","type":"product","link":"https:\/\/agenciameridianos.com\/en\/product\/rioceleste\/","title":{"rendered":"Wonders of Rio Celeste"},"content":{"rendered":"<p>Descubre el Parque Nacional Volc\u00e1n Tenorio con una Estancia en el Encantador Hotel Sue\u00f1o Real<\/p>\n<p>Sum\u00e9rgete en la naturaleza pura de Costa Rica con este fascinante tour que combina aventura y relajaci\u00f3n. Explora el majestuoso Parque Nacional Volc\u00e1n Tenorio, conocido por su biodiversidad y paisajes de ensue\u00f1o. Durante la excursi\u00f3n, caminar\u00e1s por exuberantes senderos que te llevar\u00e1n a maravillas naturales como el incre\u00edble R\u00edo Celeste, famoso por su asombroso color turquesa, y la imponente Catarata R\u00edo Celeste.<\/p>","protected":false},"excerpt":{"rendered":"<p>Descubre el Parque Nacional Volc\u00e1n Tenorio con una Estancia en el Encantador Hotel Sue\u00f1o Real Sum\u00e9rgete en la naturaleza pura de Costa Rica con este fascinante tour que combina aventura y relajaci\u00f3n. Explora el majestuoso Parque Nacional Volc\u00e1n Tenorio, conocido por su biodiversidad y paisajes de ensue\u00f1o. Durante la excursi\u00f3n, caminar\u00e1s por exuberantes senderos que [&hellip;]<\/p>\n","protected":false},"featured_media":21956,"template":"","meta":{"_acf_changed":false},"product_brand":[],"product_cat":[22,23,17],"product_tag":[18],"class_list":{"0":"post-21923","1":"product","2":"type-product","3":"status-publish","4":"has-post-thumbnail","6":"product_cat-conoce-costa-rica","7":"product_cat-montana","8":"product_cat-todos-los-paquetes","9":"product_tag-desde","11":"first","12":"instock","13":"featured","14":"shipping-taxable","15":"purchasable","16":"product-type-simple"},"acf":{"im_status":"enabled","days_for_delivery":"0","notas_importantes":"\u00b7 Tarifas por persona con impuestos incluidos.\r\n\r\n\u00b7 Tarifa expresada en d\u00f3lares estadounidenses.\r\n\r\n\u00b7 Pagos en colones se realizar\u00e1n al tipo de cambio del d\u00eda del dep\u00f3sito.\r\n\r\n\u00b7 Disponibilidad sujeta a cambios sin previo aviso.\r\n\r\n\u00b7 Tarifa aplica en habitaci\u00f3n est\u00e1ndar de acuerdo con la ocupaci\u00f3n.\r\n\r\n\u00b7 Se requiere un m\u00ednimo de personas para operar el tour.\r\n\r\n\u00b7 Se puede considerar otros puntos de abordaje sobre ruta (consulte a la hora de su reserva)."},"_links":{"self":[{"href":"https:\/\/agenciameridianos.com\/en\/wp-json\/wp\/v2\/product\/21923","targetHints":{"allow":["GET"]}}],"collection":[{"href":"https:\/\/agenciameridianos.com\/en\/wp-json\/wp\/v2\/product"}],"about":[{"href":"https:\/\/agenciameridianos.com\/en\/wp-json\/wp\/v2\/types\/product"}],"wp:featuredmedia":[{"embeddable":true,"href":"https:\/\/agenciameridianos.com\/en\/wp-json\/wp\/v2\/media\/21956"}],"wp:attachment":[{"href":"https:\/\/agenciameridianos.com\/en\/wp-json\/wp\/v2\/media?parent=21923"}],"wp:term":[{"taxonomy":"product_brand","embeddable":true,"href":"https:\/\/agenciameridianos.com\/en\/wp-json\/wp\/v2\/product_brand?post=21923"},{"taxonomy":"product_cat","embeddable":true,"href":"https:\/\/agenciameridianos.com\/en\/wp-json\/wp\/v2\/product_cat?post=21923"},{"taxonomy":"product_tag","embeddable":true,"href":"https:\/\/agenciameridianos.com\/en\/wp-json\/wp\/v2\/product_tag?post=21923"}],"curies":[{"name":"wp","href":"https:\/\/api.w.org\/{rel}","templated":true}]}}