{"id":21924,"date":"2024-09-25T20:47:18","date_gmt":"2024-09-25T20:47:18","guid":{"rendered":"https:\/\/agenciameridianos.com\/?post_type=product&#038;p=21924"},"modified":"2024-09-26T15:52:33","modified_gmt":"2024-09-26T15:52:33","slug":"riosrelaxenturrialba","status":"publish","type":"product","link":"https:\/\/agenciameridianos.com\/en\/product\/riosrelaxenturrialba\/","title":{"rendered":"Rivers and Relax in Turrialba"},"content":{"rendered":"<p>Enjoy an unforgettable adventure with this package that combines the thrill of a rafting tour on the rapids of the Pacuare River in Turrialba with a relaxing stay at the charming Casa Turire hotel. Experience the adrenaline rush of rafting on one of the most beautiful rivers in Costa Rica, followed by a night surrounded by nature in a luxurious hacienda, where tranquility and comfort are in perfect harmony.<\/p>","protected":false},"excerpt":{"rendered":"<p>Disfruta de una aventura inolvidable con este paquete que combina la emoci\u00f3n de un tour de rafting en los r\u00e1pidos del r\u00edo Pacuare, en Turrialba, con una estancia relajante en el encantador hotel Casa Turire. Experimenta la adrenalina del rafting en uno de los r\u00edos m\u00e1s bellos de Costa Rica, seguido de una noche rodeada [&hellip;]<\/p>\n","protected":false},"featured_media":21965,"template":"","meta":{"_acf_changed":false},"product_brand":[],"product_cat":[22,23,17],"product_tag":[18],"class_list":{"0":"post-21924","1":"product","2":"type-product","3":"status-publish","4":"has-post-thumbnail","6":"product_cat-conoce-costa-rica","7":"product_cat-montana","8":"product_cat-todos-los-paquetes","9":"product_tag-desde","11":"first","12":"instock","13":"featured","14":"shipping-taxable","15":"purchasable","16":"product-type-simple"},"acf":{"im_status":"enabled","days_for_delivery":0,"notas_importantes":"\u00b7 Tarifa por persona seg\u00fan ocupaci\u00f3n.\r\n\r\n\u00b7 Por protocolos de seguridad, ni\u00f1os menores de 8 a\u00f1os no pueden realizar rafting.\r\n\r\n\u00b7 Disponibilidad sujeta a cambios sin previo aviso.\r\n\r\n\u00b7 Tarifa de ni\u00f1os aplica acompa\u00f1ado de dos adultos.\r\n\r\n\u00b7 Pagos en colones, se har\u00e1n el tipo de cambio del d\u00eda de cada dep\u00f3sito."},"_links":{"self":[{"href":"https:\/\/agenciameridianos.com\/en\/wp-json\/wp\/v2\/product\/21924","targetHints":{"allow":["GET"]}}],"collection":[{"href":"https:\/\/agenciameridianos.com\/en\/wp-json\/wp\/v2\/product"}],"about":[{"href":"https:\/\/agenciameridianos.com\/en\/wp-json\/wp\/v2\/types\/product"}],"wp:featuredmedia":[{"embeddable":true,"href":"https:\/\/agenciameridianos.com\/en\/wp-json\/wp\/v2\/media\/21965"}],"wp:attachment":[{"href":"https:\/\/agenciameridianos.com\/en\/wp-json\/wp\/v2\/media?parent=21924"}],"wp:term":[{"taxonomy":"product_brand","embeddable":true,"href":"https:\/\/agenciameridianos.com\/en\/wp-json\/wp\/v2\/product_brand?post=21924"},{"taxonomy":"product_cat","embeddable":true,"href":"https:\/\/agenciameridianos.com\/en\/wp-json\/wp\/v2\/product_cat?post=21924"},{"taxonomy":"product_tag","embeddable":true,"href":"https:\/\/agenciameridianos.com\/en\/wp-json\/wp\/v2\/product_tag?post=21924"}],"curies":[{"name":"wp","href":"https:\/\/api.w.org\/{rel}","templated":true}]}}