{"id":21927,"date":"2024-09-25T21:36:41","date_gmt":"2024-09-25T21:36:41","guid":{"rendered":"https:\/\/agenciameridianos.com\/?post_type=product&#038;p=21927"},"modified":"2024-09-26T19:48:15","modified_gmt":"2024-09-26T19:48:15","slug":"monteverdextremo","status":"publish","type":"product","link":"https:\/\/agenciameridianos.com\/en\/product\/monteverdextremo\/","title":{"rendered":"Monteverde Xtremo in the clouds"},"content":{"rendered":"<p>Monteverde xtremo en las nubes: Estancia en Hotel Country Lodge con Canopy Xtremo<\/p>\n<p>Vive una experiencia inigualable en el coraz\u00f3n de Monteverde, donde la adrenalina y la naturaleza se encuentran. Hosp\u00e9date en el acogedor Hotel Country Lodge, un refugio rodeado de exuberante bosque nuboso, donde podr\u00e1s disfrutar de la serenidad y la belleza natural que caracteriza esta regi\u00f3n \u00fanica de Costa Rica.<\/p>\n<p>Tu aventura no estar\u00e1 completa sin una dosis de emoci\u00f3n en el Canopy Xtremo, donde experimentar\u00e1s la adrenalina al deslizarte por algunas de las tirolesas m\u00e1s largas y altas del pa\u00eds. Vuela sobre el dosel del bosque, disfruta de impresionantes vistas panor\u00e1micas y siente la emoci\u00f3n pura de esta actividad extrema. Este tour combina la tranquilidad y el confort del Hotel Country Lodge con la emoci\u00f3n vertiginosa de Canopy Xtremo, creando una experiencia perfecta para los amantes de la naturaleza y la aventura.<\/p>","protected":false},"excerpt":{"rendered":"<p>Monteverde xtremo en las nubes: Estancia en Hotel Country Lodge con Canopy Xtremo Vive una experiencia inigualable en el coraz\u00f3n de Monteverde, donde la adrenalina y la naturaleza se encuentran. Hosp\u00e9date en el acogedor Hotel Country Lodge, un refugio rodeado de exuberante bosque nuboso, donde podr\u00e1s disfrutar de la serenidad y la belleza natural que [&hellip;]<\/p>\n","protected":false},"featured_media":21951,"template":"","meta":{"_acf_changed":false},"product_brand":[],"product_cat":[22,23,17],"product_tag":[18],"class_list":{"0":"post-21927","1":"product","2":"type-product","3":"status-publish","4":"has-post-thumbnail","6":"product_cat-conoce-costa-rica","7":"product_cat-montana","8":"product_cat-todos-los-paquetes","9":"product_tag-desde","11":"first","12":"instock","13":"featured","14":"shipping-taxable","15":"purchasable","16":"product-type-simple"},"acf":{"im_status":"enabled","days_for_delivery":0,"notas_importantes":"\u00b7 Tarifas por persona por noche con impuestos incluidos.\r\n\r\n\u00b7 Tarifa expresada en d\u00f3lares estadounidenses.\r\n\r\n\u00b7 Pagos en colones se realizar\u00e1n al tipo de cambio del d\u00eda del dep\u00f3sito.\r\n\r\n\u00b7 Tarifa sujeta a cambios sin previo aviso.\r\n\r\n\u00b7 Disponibilidad sujeta a cambios sin previo aviso.\r\n\r\n\u00b7 Tarifa aplica en habitaci\u00f3n est\u00e1ndar de acuerdo con la ocupaci\u00f3n.\r\n\r\n\u00b7 Tarifa aplicable para m\u00ednimo 1 noche de hospedaje."},"_links":{"self":[{"href":"https:\/\/agenciameridianos.com\/en\/wp-json\/wp\/v2\/product\/21927","targetHints":{"allow":["GET"]}}],"collection":[{"href":"https:\/\/agenciameridianos.com\/en\/wp-json\/wp\/v2\/product"}],"about":[{"href":"https:\/\/agenciameridianos.com\/en\/wp-json\/wp\/v2\/types\/product"}],"wp:featuredmedia":[{"embeddable":true,"href":"https:\/\/agenciameridianos.com\/en\/wp-json\/wp\/v2\/media\/21951"}],"wp:attachment":[{"href":"https:\/\/agenciameridianos.com\/en\/wp-json\/wp\/v2\/media?parent=21927"}],"wp:term":[{"taxonomy":"product_brand","embeddable":true,"href":"https:\/\/agenciameridianos.com\/en\/wp-json\/wp\/v2\/product_brand?post=21927"},{"taxonomy":"product_cat","embeddable":true,"href":"https:\/\/agenciameridianos.com\/en\/wp-json\/wp\/v2\/product_cat?post=21927"},{"taxonomy":"product_tag","embeddable":true,"href":"https:\/\/agenciameridianos.com\/en\/wp-json\/wp\/v2\/product_tag?post=21927"}],"curies":[{"name":"wp","href":"https:\/\/api.w.org\/{rel}","templated":true}]}}