{"id":22989,"date":"2024-11-01T20:29:35","date_gmt":"2024-11-01T20:29:35","guid":{"rendered":"https:\/\/agenciameridianos.com\/?post_type=product&#038;p=22989"},"modified":"2025-01-21T21:04:29","modified_gmt":"2025-01-21T21:04:29","slug":"fiesta-resort","status":"publish","type":"product","link":"https:\/\/agenciameridianos.com\/en\/product\/fiesta-resort\/","title":{"rendered":"Fiesta Resort"},"content":{"rendered":"<p>Celebra el amor y la dedicaci\u00f3n de mam\u00e1 con nuestro exclusivo paquete de hospedaje en el Hotel Fiesta para el D\u00eda de la Madre. Sum\u00e9rgete en una experiencia de lujo y comodidad mientras disfrutas de un sistema todo incluido que har\u00e1 que este d\u00eda sea realmente especial.<\/p>\n<p>No pierdas la oportunidad de celebrar el D\u00eda de la Madre de una manera \u00fanica y memorable en el Hotel Fiesta. \u00a1Reserva ahora y crea recuerdos inolvidables junto a mam\u00e1!<\/p>","protected":false},"excerpt":{"rendered":"<p>Celebra el amor y la dedicaci\u00f3n de mam\u00e1 con nuestro exclusivo paquete de hospedaje en el Hotel Fiesta para el D\u00eda de la Madre. Sum\u00e9rgete en una experiencia de lujo y comodidad mientras disfrutas de un sistema todo incluido que har\u00e1 que este d\u00eda sea realmente especial. No pierdas la oportunidad de celebrar el D\u00eda [&hellip;]<\/p>\n","protected":false},"featured_media":22999,"template":"","meta":{"_acf_changed":false},"product_brand":[],"product_cat":[22,16,67,24,17],"product_tag":[18],"class_list":{"0":"post-22989","1":"product","2":"type-product","3":"status-publish","4":"has-post-thumbnail","6":"product_cat-conoce-costa-rica","7":"product_cat-conoce-el-mundo","8":"product_cat-cotizar","9":"product_cat-playa","10":"product_cat-todos-los-paquetes","11":"product_tag-desde","13":"first","14":"instock","15":"featured","16":"shipping-taxable","17":"purchasable","18":"product-type-simple"},"acf":{"im_status":"enabled","days_for_delivery":"0","notas_importantes":"\u00b7 Tarifas por persona por noche con impuestos incluidos.\r\n\r\n\u00b7 Tarifa expresada en d\u00f3lares estadounidenses.\r\n\r\n\u00b7 Pagos en colones se har\u00e1n al tipo de cambio del d\u00eda en que se estos se realicen.\r\n\r\n\u00b7 Disponibilidad sujeta a cambios sin previo aviso.\r\n\r\n\u00b7 Tarifa aplica en habitaci\u00f3n est\u00e1ndar.\r\n\r\n\u00b7 Tarifa aplicable para m\u00ednimo 2 noches de hospedaje.\r\n\r\n\u00b7 Tarifa de ni\u00f1os aplica acompa\u00f1ado de dos adultos (m\u00e1ximo 2 ni\u00f1os por habitaci\u00f3n)."},"_links":{"self":[{"href":"https:\/\/agenciameridianos.com\/en\/wp-json\/wp\/v2\/product\/22989","targetHints":{"allow":["GET"]}}],"collection":[{"href":"https:\/\/agenciameridianos.com\/en\/wp-json\/wp\/v2\/product"}],"about":[{"href":"https:\/\/agenciameridianos.com\/en\/wp-json\/wp\/v2\/types\/product"}],"wp:featuredmedia":[{"embeddable":true,"href":"https:\/\/agenciameridianos.com\/en\/wp-json\/wp\/v2\/media\/22999"}],"wp:attachment":[{"href":"https:\/\/agenciameridianos.com\/en\/wp-json\/wp\/v2\/media?parent=22989"}],"wp:term":[{"taxonomy":"product_brand","embeddable":true,"href":"https:\/\/agenciameridianos.com\/en\/wp-json\/wp\/v2\/product_brand?post=22989"},{"taxonomy":"product_cat","embeddable":true,"href":"https:\/\/agenciameridianos.com\/en\/wp-json\/wp\/v2\/product_cat?post=22989"},{"taxonomy":"product_tag","embeddable":true,"href":"https:\/\/agenciameridianos.com\/en\/wp-json\/wp\/v2\/product_tag?post=22989"}],"curies":[{"name":"wp","href":"https:\/\/api.w.org\/{rel}","templated":true}]}}