{"id":22990,"date":"2024-11-01T20:41:17","date_gmt":"2024-11-01T20:41:17","guid":{"rendered":"https:\/\/agenciameridianos.com\/?post_type=product&#038;p=22990"},"modified":"2024-11-06T17:23:11","modified_gmt":"2024-11-06T17:23:11","slug":"oasis-tropical","status":"publish","type":"product","link":"https:\/\/agenciameridianos.com\/en\/product\/oasis-tropical\/","title":{"rendered":"Tropical Oasis in Tenorio and Kiwanda Farm"},"content":{"rendered":"<p>Descubre el Parque Nacional Volc\u00e1n Tenorio con Alojamiento en el Hotel Sue\u00f1o Real y la Experiencia \u00danica de Kiwanda Maji (Finca Maji).<\/p>\n<p>Emb\u00e1rcate en una aventura fascinante por los tesoros naturales y culturales de Costa Rica. Este tour te llevar\u00e1 al espectacular Parque Nacional Volc\u00e1n Tenorio, hogar del m\u00e1gico R\u00edo Celeste y su famosa catarata de aguas turquesas. Durante la excursi\u00f3n, recorrer\u00e1s senderos llenos de vida silvestre y paisajes impresionantes, explorando uno de los rincones m\u00e1s bellos del pa\u00eds.<\/p>\n<p>Despu\u00e9s de un d\u00eda lleno de naturaleza y exploraci\u00f3n, te alojar\u00e1s en el tranquilo Hotel Sue\u00f1o Real, donde podr\u00e1s relajarte rodeado de paz y comodidad. Adem\u00e1s, vivir\u00e1s una experiencia aut\u00e9ntica en Kiwanda Maji, donde conocer\u00e1s de cerca la vida en una finca sostenible, participar\u00e1s en actividades locales y degustar\u00e1s productos frescos cultivados de manera responsable. Este tour ofrece una combinaci\u00f3n perfecta de aventura, descanso y una conexi\u00f3n aut\u00e9ntica con la esencia rural de Costa Rica, ideal para quienes buscan un viaje completo y enriquecedor.<\/p>","protected":false},"excerpt":{"rendered":"<p>Descubre el Parque Nacional Volc\u00e1n Tenorio con Alojamiento en el Hotel Sue\u00f1o Real y la Experiencia \u00danica de Kiwanda Maji (Finca Maji). Emb\u00e1rcate en una aventura fascinante por los tesoros naturales y culturales de Costa Rica. Este tour te llevar\u00e1 al espectacular Parque Nacional Volc\u00e1n Tenorio, hogar del m\u00e1gico R\u00edo Celeste y su famosa catarata [&hellip;]<\/p>\n","protected":false},"featured_media":23018,"template":"","meta":{"_acf_changed":false},"product_brand":[],"product_cat":[22,23,17],"product_tag":[18],"class_list":{"0":"post-22990","1":"product","2":"type-product","3":"status-publish","4":"has-post-thumbnail","6":"product_cat-conoce-costa-rica","7":"product_cat-montana","8":"product_cat-todos-los-paquetes","9":"product_tag-desde","11":"first","12":"instock","13":"featured","14":"shipping-taxable","15":"purchasable","16":"product-type-simple"},"acf":{"im_status":"enabled","days_for_delivery":0,"notas_importantes":"\u00b7 Tarifas por persona con impuestos incluidos.\r\n\r\n\u00b7 Tarifa expresada en d\u00f3lares estadounidenses.\r\n\r\n\u00b7 Pagos en colones se realizar\u00e1n al tipo de cambio del d\u00eda del dep\u00f3sito.\r\n\r\n\u00b7 Disponibilidad sujeta a cambios sin previo aviso.\r\n\r\n\u00b7 Tarifa aplica en habitaci\u00f3n est\u00e1ndar de acuerdo con la ocupaci\u00f3n.\r\n\r\n\u00b7 Se requiere un m\u00ednimo de personas para operar el tour.\r\n\r\n\u00b7 Se puede considerar otros puntos de abordaje sobre ruta (consulte a la hora de su reserva)."},"_links":{"self":[{"href":"https:\/\/agenciameridianos.com\/en\/wp-json\/wp\/v2\/product\/22990","targetHints":{"allow":["GET"]}}],"collection":[{"href":"https:\/\/agenciameridianos.com\/en\/wp-json\/wp\/v2\/product"}],"about":[{"href":"https:\/\/agenciameridianos.com\/en\/wp-json\/wp\/v2\/types\/product"}],"wp:featuredmedia":[{"embeddable":true,"href":"https:\/\/agenciameridianos.com\/en\/wp-json\/wp\/v2\/media\/23018"}],"wp:attachment":[{"href":"https:\/\/agenciameridianos.com\/en\/wp-json\/wp\/v2\/media?parent=22990"}],"wp:term":[{"taxonomy":"product_brand","embeddable":true,"href":"https:\/\/agenciameridianos.com\/en\/wp-json\/wp\/v2\/product_brand?post=22990"},{"taxonomy":"product_cat","embeddable":true,"href":"https:\/\/agenciameridianos.com\/en\/wp-json\/wp\/v2\/product_cat?post=22990"},{"taxonomy":"product_tag","embeddable":true,"href":"https:\/\/agenciameridianos.com\/en\/wp-json\/wp\/v2\/product_tag?post=22990"}],"curies":[{"name":"wp","href":"https:\/\/api.w.org\/{rel}","templated":true}]}}