{"id":23068,"date":"2024-11-27T16:10:11","date_gmt":"2024-11-27T16:10:11","guid":{"rendered":"https:\/\/agenciameridianos.com\/?post_type=product&#038;p=23068"},"modified":"2024-11-29T14:22:33","modified_gmt":"2024-11-29T14:22:33","slug":"crucero-ruta-europea","status":"publish","type":"product","link":"https:\/\/agenciameridianos.com\/en\/product\/crucero-ruta-europea\/","title":{"rendered":"European dream cruise route"},"content":{"rendered":"<p>Enjoy a cruise on the Danube River one of the most fascinating and relaxing ways to explore some of the most beautiful cities and landscapes of the European continent. Then we will continue to Milan Northern Italy is one of the most varied and fascinating regions of the country, offering from the majestic Alps to the romantic medieval cities and the Adriatic Sea coast. And finally we will take an adventure on the majestic Bernina Express, one of the most spectacular trains in the world, a rail journey that offers breathtaking views of the Swiss and Italian Alps.<\/p>","protected":false},"excerpt":{"rendered":"<p>Disfruta de un crucero el r\u00edo Danubio una de las maneras m\u00e1s fascinantes y relajantes de explorar algunas de las m\u00e1s bellas ciudades y paisajes del continente europeo. Luego Seguiremos a Mil\u00e1n norte de Italia es una de las regiones m\u00e1s variadas y fascinantes del pa\u00eds, ofreciendo desde los majestuosos Alpes hasta las rom\u00e1nticas ciudades [&hellip;]<\/p>\n","protected":false},"featured_media":23105,"template":"","meta":{"_acf_changed":false},"product_brand":[],"product_cat":[16,67,19,17],"product_tag":[18],"class_list":{"0":"post-23068","1":"product","2":"type-product","3":"status-publish","4":"has-post-thumbnail","6":"product_cat-conoce-el-mundo","7":"product_cat-cotizar","8":"product_cat-europa","9":"product_cat-todos-los-paquetes","10":"product_tag-desde","12":"first","13":"instock","14":"featured","15":"shipping-taxable","16":"purchasable","17":"product-type-simple"},"acf":{"im_status":"enabled","days_for_delivery":0,"notas_importantes":"<ul>\r\n \t<li>Tarifas por persona.<\/li>\r\n \t<li>No incluye gastos personales ni propinas.<\/li>\r\n \t<li>No incluye asistencia de viaje (recomendada).<\/li>\r\n \t<li>Tarifa expresados en d\u00f3lares americanos.<\/li>\r\n \t<li>Solo incluye lo especificado en el paquete.<\/li>\r\n \t<li>Pasaporte vigente m\u00ednimo 6 meses.<\/li>\r\n \t<li>Tarifa sujeta a cambio sin previo aviso.<\/li>\r\n<\/ul>"},"_links":{"self":[{"href":"https:\/\/agenciameridianos.com\/en\/wp-json\/wp\/v2\/product\/23068","targetHints":{"allow":["GET"]}}],"collection":[{"href":"https:\/\/agenciameridianos.com\/en\/wp-json\/wp\/v2\/product"}],"about":[{"href":"https:\/\/agenciameridianos.com\/en\/wp-json\/wp\/v2\/types\/product"}],"wp:featuredmedia":[{"embeddable":true,"href":"https:\/\/agenciameridianos.com\/en\/wp-json\/wp\/v2\/media\/23105"}],"wp:attachment":[{"href":"https:\/\/agenciameridianos.com\/en\/wp-json\/wp\/v2\/media?parent=23068"}],"wp:term":[{"taxonomy":"product_brand","embeddable":true,"href":"https:\/\/agenciameridianos.com\/en\/wp-json\/wp\/v2\/product_brand?post=23068"},{"taxonomy":"product_cat","embeddable":true,"href":"https:\/\/agenciameridianos.com\/en\/wp-json\/wp\/v2\/product_cat?post=23068"},{"taxonomy":"product_tag","embeddable":true,"href":"https:\/\/agenciameridianos.com\/en\/wp-json\/wp\/v2\/product_tag?post=23068"}],"curies":[{"name":"wp","href":"https:\/\/api.w.org\/{rel}","templated":true}]}}