{"id":23072,"date":"2024-11-27T21:55:45","date_gmt":"2024-11-27T21:55:45","guid":{"rendered":"https:\/\/agenciameridianos.com\/?post_type=product&#038;p=23072"},"modified":"2025-01-21T21:02:33","modified_gmt":"2025-01-21T21:02:33","slug":"singapur-bali","status":"publish","type":"product","link":"https:\/\/agenciameridianos.com\/en\/product\/singapur-bali\/","title":{"rendered":"Singapore and Bali"},"content":{"rendered":"<p>Each destination has its own charm, so depending on what you are looking for, modernity and efficiency in Singapore or nature and culture in Bali you can enjoy the best of both worlds.<\/p>","protected":false},"excerpt":{"rendered":"<p>Each destination has its own charm, so depending on what you are looking for, modernity and efficiency in Singapore or nature and culture in Bali you can enjoy the best of both worlds.<\/p>","protected":false},"featured_media":23073,"template":"","meta":{"_acf_changed":false},"product_brand":[],"product_cat":[25,16,67,17],"product_tag":[18],"class_list":{"0":"post-23072","1":"product","2":"type-product","3":"status-publish","4":"has-post-thumbnail","6":"product_cat-africa-y-asia","7":"product_cat-conoce-el-mundo","8":"product_cat-cotizar","9":"product_cat-todos-los-paquetes","10":"product_tag-desde","12":"first","13":"instock","14":"featured","15":"shipping-taxable","16":"purchasable","17":"product-type-simple"},"acf":{"im_status":"enabled","days_for_delivery":"0","notas_importantes":"\u00b7 Precio garantizado. Cupos limitados.\r\n\r\n\u00b7 Tarifas no reembolsables, no endosables, no transferibles.\r\n\r\n\u00b7 Requiere vigencia del pasaporte, m\u00ednima de 6 meses a partir de la fecha de inicio de viaje.\r\n\r\n\u00b7 Vacunas exigidas por los pa\u00edses de partida, tr\u00e1nsito y destino.\r\n\r\n\u00b7 Visas requeridas por los pa\u00edses de partida, tr\u00e1nsito y destino.\r\n\r\n\u00b7 Requiere llenar formularios migratorios de entradas.\r\n\r\n\u00b7 Boletos a\u00e9reos no reembolsables\/no transferible\/no endosable.\r\n\r\n\u00b7 El orden de los servicios podr\u00e1 ser variado acorde del criterio del operador en destino, con la finalidad de poder garantizar la optimizaci\u00f3n de estos y la completa seguridad de los pasajeros.\r\n\r\n\u00b7 Las habitaciones triples, en todos los hoteles contar\u00e1n \u00fanicamente con dos camas dobles, por lo que un pasajero deber\u00e1 forzosamente compartir cama, en ning\u00fan caso se garantiza cama adicional.\r\n\r\n\u00b7 Fecha l\u00edmite de pago: 15 de marzo 2025.\r\n\r\n\u00b7 Separa con $125.00 por persona, no reembolsable y paga en cuotas.\r\n\r\n\u00b7 Obligatorio realizar abonos por quincena."},"_links":{"self":[{"href":"https:\/\/agenciameridianos.com\/en\/wp-json\/wp\/v2\/product\/23072","targetHints":{"allow":["GET"]}}],"collection":[{"href":"https:\/\/agenciameridianos.com\/en\/wp-json\/wp\/v2\/product"}],"about":[{"href":"https:\/\/agenciameridianos.com\/en\/wp-json\/wp\/v2\/types\/product"}],"wp:featuredmedia":[{"embeddable":true,"href":"https:\/\/agenciameridianos.com\/en\/wp-json\/wp\/v2\/media\/23073"}],"wp:attachment":[{"href":"https:\/\/agenciameridianos.com\/en\/wp-json\/wp\/v2\/media?parent=23072"}],"wp:term":[{"taxonomy":"product_brand","embeddable":true,"href":"https:\/\/agenciameridianos.com\/en\/wp-json\/wp\/v2\/product_brand?post=23072"},{"taxonomy":"product_cat","embeddable":true,"href":"https:\/\/agenciameridianos.com\/en\/wp-json\/wp\/v2\/product_cat?post=23072"},{"taxonomy":"product_tag","embeddable":true,"href":"https:\/\/agenciameridianos.com\/en\/wp-json\/wp\/v2\/product_tag?post=23072"}],"curies":[{"name":"wp","href":"https:\/\/api.w.org\/{rel}","templated":true}]}}